{"id":2282,"date":"2019-02-20T20:25:20","date_gmt":"2019-02-20T20:25:20","guid":{"rendered":"https:\/\/www.cadmedinc.com\/precision-medical\/"},"modified":"2019-02-25T15:32:19","modified_gmt":"2019-02-25T15:32:19","slug":"precision-medical","status":"publish","type":"page","link":"https:\/\/www.cadmedinc.com\/es\/precision-medical\/","title":{"rendered":"Precision Medical"},"content":{"rendered":"<p>[et_pb_section fb_built=\u00bb1&#8243; custom_padding_last_edited=\u00bbon|phone\u00bb disabled_on=\u00bbon||\u00bb module_class=\u00bbally-gradient-overlay\u00bb _builder_version=\u00bb3.19.15&#8243; background_color=\u00bb#ffffff\u00bb background_image=\u00bbhttps:\/\/www.cadmedinc.com\/wp-content\/uploads\/2018\/11\/Presicion-medical.jpg\u00bb background_size=\u00bbinitial\u00bb background_position=\u00bbtop_right\u00bb custom_padding_tablet=\u00bb50px|0|50px|0&#8243; custom_css_main_element=\u00bbheight: 20vw;\u00bb][et_pb_row make_fullwidth=\u00bbon\u00bb _builder_version=\u00bb3.17.2&#8243; background_size=\u00bbinitial\u00bb background_position=\u00bbtop_left\u00bb background_repeat=\u00bbrepeat\u00bb][et_pb_column type=\u00bb1_3&#8243; _builder_version=\u00bb3.0.47&#8243;][et_pb_image src=\u00bbhttps:\/\/www.cadmedinc.com\/wp-content\/uploads\/2018\/11\/companies-presicion-medical.png\u00bb show_bottom_space=\u00bboff\u00bb admin_label=\u00bbPrecision medical\u00bb _builder_version=\u00bb3.17.6&#8243; border_color_all=\u00bb#95b035&#8243; max_width=\u00bb80%\u00bb max_width_phone=\u00bb95%\u00bb max_width_last_edited=\u00bbon|phone\u00bb custom_margin=\u00bb||20px|\u00bb]<br \/>\n[\/et_pb_image][\/et_pb_column][et_pb_column type=\u00bb2_3&#8243; _builder_version=\u00bb3.0.47&#8243;][\/et_pb_column][\/et_pb_row][\/et_pb_section][et_pb_section fb_built=\u00bb1&#8243; _builder_version=\u00bb3.14&#8243; background_image=\u00bbhttps:\/\/www.cadmedinc.com\/wp-content\/uploads\/2018\/11\/Background-squares-50-03.png\u00bb background_size=\u00bbinitial\u00bb background_position=\u00bbtop_left\u00bb background_repeat=\u00bbrepeat\u00bb custom_padding=\u00bb0|0px|5px|0px|false|false\u00bb][et_pb_row use_custom_width=\u00bbon\u00bb width_unit=\u00bboff\u00bb custom_width_percent=\u00bb100%\u00bb custom_padding=\u00bb66px|0px|66px|0px|true|false\u00bb _builder_version=\u00bb3.19.15&#8243; background_color=\u00bb#f0f0f0&#8243; module_alignment=\u00bbcenter\u00bb][et_pb_column type=\u00bb4_4&#8243; _builder_version=\u00bb3.0.47&#8243;][et_pb_image src=\u00bbhttps:\/\/www.cadmedinc.com\/wp-content\/uploads\/2018\/11\/companies-presicion-medical.png\u00bb show_bottom_space=\u00bboff\u00bb disabled_on=\u00bb|on|on\u00bb admin_label=\u00bbFisher Paykel for Mobile\u00bb _builder_version=\u00bb3.19.15&#8243; border_color_all=\u00bb#95b035&#8243; max_width=\u00bb80%\u00bb max_width_phone=\u00bb95%\u00bb max_width_last_edited=\u00bbon|phone\u00bb custom_margin=\u00bb||20px|\u00bb]<br \/>\n[\/et_pb_image][et_pb_text admin_label=\u00bbCompany Title\u00bb _builder_version=\u00bb3.19.15&#8243; header_font=\u00bb||||||||\u00bb header_text_color=\u00bb#000000&#8243; header_font_size=\u00bb49px\u00bb header_font_size_tablet=\u00bb40px\u00bb header_font_size_last_edited=\u00bbon|phone\u00bb background_size=\u00bbinitial\u00bb background_position=\u00bbtop_left\u00bb background_repeat=\u00bbrepeat\u00bb text_orientation=\u00bbcenter\u00bb module_alignment=\u00bbcenter\u00bb use_border_color=\u00bboff\u00bb]<\/p>\n<h1 class=\"ally-lines\">L\u00edder mundial en tecnolog\u00eda respiratoria<\/h1>\n<p>[\/et_pb_text][\/et_pb_column][\/et_pb_row][et_pb_row use_custom_width=\u00bbon\u00bb width_unit=\u00bboff\u00bb custom_width_percent=\u00bb77%\u00bb custom_padding=\u00bb35px|0px|2px|0px|false|false\u00bb disabled_on=\u00bboff|off|off\u00bb _builder_version=\u00bb3.19.15&#8243; background_size=\u00bbinitial\u00bb background_position=\u00bbtop_left\u00bb background_repeat=\u00bbrepeat\u00bb][et_pb_column type=\u00bb1_2&#8243; _builder_version=\u00bb3.0.47&#8243;][et_pb_image src=\u00bbhttps:\/\/www.cadmedinc.com\/wp-content\/uploads\/2019\/02\/Precision-Medical-Manufacturing.jpg\u00bb show_in_lightbox=\u00bbon\u00bb show_bottom_space=\u00bboff\u00bb align=\u00bbcenter\u00bb admin_label=\u00bbImage in right column\u00bb _builder_version=\u00bb3.19.15&#8243; border_radii=\u00bbon|5px|5px|5px|5px\u00bb border_width_all=\u00bb1px\u00bb border_color_all=\u00bbrgba(51,51,51,0.4)\u00bb custom_margin=\u00bb2px|||\u00bb custom_padding=\u00bb||20px|\u00bb]<br \/>\n[\/et_pb_image][et_pb_image src=\u00bbhttps:\/\/www.cadmedinc.com\/wp-content\/uploads\/2019\/02\/Precision-Medical-Manufacturing2.jpg\u00bb show_in_lightbox=\u00bbon\u00bb show_bottom_space=\u00bboff\u00bb align=\u00bbcenter\u00bb admin_label=\u00bbImage in right column\u00bb _builder_version=\u00bb3.19.15&#8243; border_radii=\u00bbon|5px|5px|5px|5px\u00bb border_width_all=\u00bb1px\u00bb border_color_all=\u00bbrgba(51,51,51,0.4)\u00bb custom_margin=\u00bb2px|||\u00bb custom_padding=\u00bb||20px|\u00bb]<br \/>\n[\/et_pb_image][\/et_pb_column][et_pb_column type=\u00bb1_2&#8243; _builder_version=\u00bb3.0.47&#8243;][et_pb_text admin_label=\u00bbCorporate texts\u00bb _builder_version=\u00bb3.19.15&#8243; header_font=\u00bb||||||||\u00bb header_text_color=\u00bb#2000a3&#8243; header_3_font=\u00bb||||||||\u00bb header_3_text_color=\u00bb#accc3b\u00bb header_3_font_size=\u00bb35px\u00bb header_4_font=\u00bb||||||||\u00bb header_4_text_color=\u00bb#2000a3&#8243; header_5_font=\u00bb|500|||||||\u00bb header_5_text_color=\u00bbrgba(0,0,0,0.8)\u00bb header_5_font_size=\u00bb18px\u00bb header_5_font_size_phone=\u00bb17px\u00bb header_5_font_size_last_edited=\u00bbon|tablet\u00bb header_5_line_height=\u00bb2em\u00bb header_5_line_height_last_edited=\u00bbon|phone\u00bb custom_margin=\u00bb||0px|\u00bb]<\/p>\n<h4>Precision Medical, Inc.<\/h4>\n<p>Precision Medical, Inc. es un l\u00edder mundial en dispositivos respiratorios y accesorios m\u00e9dicos, ayudando a centros sanitarios y a empresas de servicios m\u00e9dicos a domicilio en m\u00e1s de 50 pa\u00edses, a lograr resultados positivos para sus pacientes. Sus l\u00edneas de productos innovadores y ligeros incluyen reguladores de ox\u00edgeno, aspiradores, compresores de aire y caudal\u00edmetros. La compa\u00f1\u00eda fue fundada en 1984 y tiene su sede en Northampton, Pennsylvania.<\/p>\n<p><strong>Proporcionando productos respiratorios de alta calidad para hospitales<\/strong><\/p>\n<p>Seguros. F\u00e1ciles de usar. Precisos. Durables. F\u00e1ciles de mantener. Estas son s\u00f3lo algunas de las cualidades que aspira en los productos respiratorios de sus instalaciones. Los productos respiratorios de Precision Medical para hospitales ofrecen todas estas prestaciones y otros beneficios claves que Ud. eval\u00faa antes de comprar equipo de respiraci\u00f3n m\u00e9dica.<\/p>\n<p>&nbsp;<\/p>\n<p>&nbsp;[\/et_pb_text][et_pb_image src=\u00bbhttps:\/\/www.cadmedinc.com\/wp-content\/uploads\/2019\/02\/precision-medical-fittings2.jpg\u00bb show_in_lightbox=\u00bbon\u00bb show_bottom_space=\u00bboff\u00bb align=\u00bbcenter\u00bb admin_label=\u00bbImage in right column\u00bb _builder_version=\u00bb3.19.15&#8243; border_radii=\u00bbon|5px|5px|5px|5px\u00bb border_width_all=\u00bb1px\u00bb border_color_all=\u00bbrgba(51,51,51,0.4)\u00bb custom_margin=\u00bb2px|||\u00bb custom_padding=\u00bb||20px|\u00bb]<br \/>\n[\/et_pb_image][\/et_pb_column][\/et_pb_row][et_pb_row use_custom_width=\u00bbon\u00bb width_unit=\u00bboff\u00bb custom_width_percent=\u00bb77%\u00bb custom_padding=\u00bb29px|0px|0px|0px|false|false\u00bb parallax_method_1=\u00bboff\u00bb module_class_1=\u00bbsecond-on-mobile\u00bb module_class_2=\u00bbfirst-on-mobile\u00bb module_class=\u00bbcustom_row\u00bb _builder_version=\u00bb3.19.15&#8243; background_size=\u00bbinitial\u00bb background_position=\u00bbtop_left\u00bb background_repeat=\u00bbrepeat\u00bb][et_pb_column type=\u00bb1_2&#8243; _builder_version=\u00bb3.0.47&#8243;][et_pb_text admin_label=\u00bbText on LEFT Column\u00bb _builder_version=\u00bb3.19.15&#8243; header_font=\u00bb||||||||\u00bb header_text_color=\u00bb#2000a3&#8243; header_3_font=\u00bb||||||||\u00bb header_3_text_color=\u00bb#accc3b\u00bb header_3_font_size=\u00bb35px\u00bb header_4_font=\u00bb||||||||\u00bb header_4_text_color=\u00bb#2000a3&#8243; header_5_font=\u00bb|500|||||||\u00bb header_5_text_color=\u00bbrgba(0,0,0,0.8)\u00bb header_5_font_size=\u00bb18px\u00bb header_5_font_size_phone=\u00bb17px\u00bb header_5_font_size_last_edited=\u00bbon|tablet\u00bb header_5_line_height=\u00bb2em\u00bb header_5_line_height_last_edited=\u00bbon|phone\u00bb custom_margin=\u00bb||0px|\u00bb]<\/p>\n<h4><span class=\"nomarginbottom hidden-tablet\">Medical Fittings<\/span><\/h4>\n<p>Medical Fittings, Inc., empresa certificada ISO 13485, es un l\u00edder en la fabricaci\u00f3n y comercializaci\u00f3n de accesorios utilizados para gases m\u00e9dicos. La reputaci\u00f3n de Medical Fittings se ha construido ofreciendo nuestros clientes productos de calidad, un servicio excepcional y precios razonables.<\/p>\n<div class=\"left-text\"><\/div>\n<p>[\/et_pb_text][\/et_pb_column][et_pb_column type=\u00bb1_2&#8243; _builder_version=\u00bb3.0.47&#8243;][et_pb_image src=\u00bbhttps:\/\/www.cadmedinc.com\/wp-content\/uploads\/2019\/02\/precision-medical-fittings.jpg\u00bb show_in_lightbox=\u00bbon\u00bb show_bottom_space=\u00bboff\u00bb align=\u00bbcenter\u00bb admin_label=\u00bbImage in right column\u00bb _builder_version=\u00bb3.19.15&#8243; border_radii=\u00bbon|5px|5px|5px|5px\u00bb border_width_all=\u00bb1px\u00bb border_color_all=\u00bbrgba(51,51,51,0.4)\u00bb custom_margin=\u00bb2px|||\u00bb custom_padding=\u00bb||20px|\u00bb]<br \/>\n[\/et_pb_image][\/et_pb_column][\/et_pb_row][et_pb_row use_custom_width=\u00bbon\u00bb width_unit=\u00bboff\u00bb custom_width_percent=\u00bb77%\u00bb custom_padding=\u00bb35px|0px|2px|0px|false|false\u00bb disabled_on=\u00bboff|off|off\u00bb _builder_version=\u00bb3.19.15&#8243; background_size=\u00bbinitial\u00bb background_position=\u00bbtop_left\u00bb background_repeat=\u00bbrepeat\u00bb][et_pb_column type=\u00bb1_2&#8243; _builder_version=\u00bb3.0.47&#8243;][et_pb_image src=\u00bbhttps:\/\/www.cadmedinc.com\/wp-content\/uploads\/2019\/02\/precision-medical-blender.jpg\u00bb show_in_lightbox=\u00bbon\u00bb show_bottom_space=\u00bboff\u00bb align=\u00bbcenter\u00bb admin_label=\u00bbImage in right column\u00bb _builder_version=\u00bb3.19.15&#8243; border_radii=\u00bbon|5px|5px|5px|5px\u00bb border_width_all=\u00bb1px\u00bb border_color_all=\u00bbrgba(51,51,51,0.4)\u00bb custom_margin=\u00bb2px|||\u00bb custom_padding=\u00bb||20px|\u00bb]<br \/>\n[\/et_pb_image][\/et_pb_column][et_pb_column type=\u00bb1_2&#8243; _builder_version=\u00bb3.0.47&#8243;][et_pb_text admin_label=\u00bbHomecare Respiratory Products\u00bb _builder_version=\u00bb3.19.15&#8243; header_font=\u00bb||||||||\u00bb header_text_color=\u00bb#2000a3&#8243; header_3_font=\u00bb||||||||\u00bb header_3_text_color=\u00bb#accc3b\u00bb header_3_font_size=\u00bb35px\u00bb header_4_font=\u00bb||||||||\u00bb header_4_text_color=\u00bb#2000a3&#8243; header_5_font=\u00bb|500|||||||\u00bb header_5_text_color=\u00bbrgba(0,0,0,0.8)\u00bb header_5_font_size=\u00bb18px\u00bb header_5_font_size_phone=\u00bb17px\u00bb header_5_font_size_last_edited=\u00bbon|tablet\u00bb header_5_line_height=\u00bb2em\u00bb header_5_line_height_last_edited=\u00bbon|phone\u00bb custom_margin=\u00bb||0px|\u00bb]<\/p>\n<h4 class=\"nomargintop smallmarginbottom\">Productos Respiratorios para Cuidados a Domicilio<\/h4>\n<p class=\"nomarginbottom\"><span class=\"nomarginbottom hidden-tablet\">Precision Medical ofrece el mismo nivel de atenci\u00f3n respiratoria hospitalaria a los pacientes en sus hogares a trav\u00e9s del dise\u00f1o original, preciso y confiable de sus productos respiratorios domiciliarios. \u00a0<strong>Nuestros productos respiratorios incluyen:<\/strong><\/span><\/p>\n<p>&nbsp;[\/et_pb_text][et_pb_text admin_label=\u00bbText on LEFT Column\u00bb _builder_version=\u00bb3.19.15&#8243; text_font=\u00bb||||||||\u00bb text_font_size_tablet=\u00bb18px\u00bb text_font_size_phone=\u00bb15px\u00bb text_font_size_last_edited=\u00bbon|phone\u00bb text_line_height_phone=\u00bb1.5em\u00bb text_line_height_last_edited=\u00bbon|phone\u00bb header_font=\u00bb||||||||\u00bb header_text_color=\u00bb#1547c4&#8243; header_font_size_last_edited=\u00bbon|phone\u00bb header_3_font=\u00bb||||||||\u00bb header_3_text_color=\u00bb#1547c4&#8243; header_3_font_size=\u00bb30px\u00bb header_3_font_size_phone=\u00bb25px\u00bb header_3_font_size_last_edited=\u00bbon|phone\u00bb background_color=\u00bb#ffffff\u00bb background_size=\u00bbinitial\u00bb background_position=\u00bbtop_left\u00bb background_repeat=\u00bbrepeat\u00bb animation_style=\u00bbslide\u00bb animation_direction=\u00bbright\u00bb]<\/p>\n<table class=\"table table-bordered\" border=\"0\" width=\"100%\" cellpadding=\"10\">\n<tbody>\n<tr>\n<td width=\"50%\">Compresores de Aire<\/td>\n<td>Concentradores de Ox\u00edgeno<\/td>\n<\/tr>\n<tr>\n<td>Mezcladores de Aire \/ Ox\u00edgeno<\/td>\n<td>\u00a0 Conservadores de Ox\u00edgeno<\/td>\n<\/tr>\n<tr>\n<td>Aspiradores<\/td>\n<td>Monitores de Ox\u00edgeno<\/td>\n<\/tr>\n<tr>\n<td>Caudalimetros<\/td>\n<td>\u00a0 Reguladores de Ox\u00edgeno<\/td>\n<\/tr>\n<tr>\n<td>Mezcladores de helio \/ ox\u00edgeno<\/td>\n<td>\u00a0 Productos Especiales<\/td>\n<\/tr>\n<tr>\n<td>Accesorios M\u00e9dicos<\/td>\n<td>Reguladores de Vac\u00edo<\/td>\n<\/tr>\n<\/tbody>\n<\/table>\n<p>[\/et_pb_text][\/et_pb_column][\/et_pb_row][et_pb_row use_custom_width=\u00bbon\u00bb width_unit=\u00bboff\u00bb custom_width_percent=\u00bb77%\u00bb custom_padding=\u00bb29px|0px|0px|0|false|false\u00bb parallax_method_1=\u00bboff\u00bb module_class_1=\u00bbsecond-on-mobile\u00bb module_class_2=\u00bbfirst-on-mobile\u00bb module_class=\u00bbcustom_row\u00bb _builder_version=\u00bb3.19.15&#8243; background_size=\u00bbinitial\u00bb background_position=\u00bbtop_left\u00bb background_repeat=\u00bbrepeat\u00bb][et_pb_column type=\u00bb1_2&#8243; _builder_version=\u00bb3.0.47&#8243;][et_pb_toggle title=\u00bbDescarga de Documentos \u00bb open_toggle_text_color=\u00bb#000000&#8243; open_toggle_background_color=\u00bb#f0f0f0&#8243; closed_toggle_text_color=\u00bb#000000&#8243; closed_toggle_background_color=\u00bb#f0f0f0&#8243; icon_color=\u00bb#000000&#8243; admin_label=\u00bbDocument Downloads\u00bb module_class=\u00bbally-toggle\u00bb _builder_version=\u00bb3.19.15&#8243; title_font=\u00bbSource Sans Pro|on||on|\u00bb title_font_size=\u00bb18&#8243; use_border_color=\u00bboff\u00bb border_color=\u00bb#ffffff\u00bb border_style=\u00bbsolid\u00bb saved_tabs=\u00bball\u00bb]<\/p>\n<p><a href=\"https:\/\/www.cadmedinc.com\/wp-content\/uploads\/2019\/02\/PM001-Air-Oxygen-Blender.pdf\" target=\"_blank\" rel=\"noopener noreferrer\">Air Oxygen Blenders<\/a><br \/> <a href=\"https:\/\/www.cadmedinc.com\/wp-content\/uploads\/2019\/02\/PM001-Air-Oxygen-Regulators.pdf\" target=\"_blank\" rel=\"noopener noreferrer\">Air Oxygen Regulators<\/a><br \/> <a href=\"https:\/\/www.cadmedinc.com\/wp-content\/uploads\/2019\/02\/PM001-Fittings-ProductCatalog.pdf\" target=\"_blank\" rel=\"noopener noreferrer\">Fittings Product Catalog<\/a><br \/> <a href=\"https:\/\/www.cadmedinc.com\/wp-content\/uploads\/2019\/02\/PM001-Flowmeters-ProductCatalog.pdf\" target=\"_blank\" rel=\"noopener noreferrer\">Flowmeters Products Catalog<\/a><\/p>\n<p>( Documentos en Ingl\u00e9s. )<\/p>\n<p>[\/et_pb_toggle][\/et_pb_column][et_pb_column type=\u00bb1_2&#8243; _builder_version=\u00bb3.0.47&#8243;][et_pb_image src=\u00bbhttps:\/\/www.cadmedinc.com\/wp-content\/uploads\/2019\/02\/precision-medical-flowmeters.jpg\u00bb show_in_lightbox=\u00bbon\u00bb show_bottom_space=\u00bboff\u00bb align=\u00bbcenter\u00bb admin_label=\u00bbImage in right column\u00bb _builder_version=\u00bb3.19.15&#8243; border_radii=\u00bbon|5px|5px|5px|5px\u00bb border_width_all=\u00bb1px\u00bb border_color_all=\u00bbrgba(51,51,51,0.4)\u00bb custom_margin=\u00bb2px|||\u00bb custom_padding=\u00bb||20px|\u00bb]<br \/>\n[\/et_pb_image][\/et_pb_column][\/et_pb_row][\/et_pb_section]<\/p>\n","protected":false},"excerpt":{"rendered":"<p>L\u00edder mundial en tecnolog\u00eda respiratoria Precision Medical, Inc. Precision Medical, Inc. es un l\u00edder mundial en dispositivos respiratorios y accesorios m\u00e9dicos, ayudando a centros sanitarios y a empresas de servicios m\u00e9dicos a domicilio en m\u00e1s de 50 pa\u00edses, a lograr resultados positivos para sus pacientes. Sus l\u00edneas de productos innovadores y ligeros incluyen reguladores de [&hellip;]<\/p>\n","protected":false},"author":3,"featured_media":0,"parent":0,"menu_order":0,"comment_status":"closed","ping_status":"closed","template":"","meta":{"_et_pb_use_builder":"on","_et_pb_old_content":"","_et_gb_content_width":"","footnotes":""},"class_list":["post-2282","page","type-page","status-publish","hentry"],"_links":{"self":[{"href":"https:\/\/www.cadmedinc.com\/es\/wp-json\/wp\/v2\/pages\/2282"}],"collection":[{"href":"https:\/\/www.cadmedinc.com\/es\/wp-json\/wp\/v2\/pages"}],"about":[{"href":"https:\/\/www.cadmedinc.com\/es\/wp-json\/wp\/v2\/types\/page"}],"author":[{"embeddable":true,"href":"https:\/\/www.cadmedinc.com\/es\/wp-json\/wp\/v2\/users\/3"}],"replies":[{"embeddable":true,"href":"https:\/\/www.cadmedinc.com\/es\/wp-json\/wp\/v2\/comments?post=2282"}],"version-history":[{"count":4,"href":"https:\/\/www.cadmedinc.com\/es\/wp-json\/wp\/v2\/pages\/2282\/revisions"}],"predecessor-version":[{"id":2551,"href":"https:\/\/www.cadmedinc.com\/es\/wp-json\/wp\/v2\/pages\/2282\/revisions\/2551"}],"wp:attachment":[{"href":"https:\/\/www.cadmedinc.com\/es\/wp-json\/wp\/v2\/media?parent=2282"}],"curies":[{"name":"wp","href":"https:\/\/api.w.org\/{rel}","templated":true}]}}