{"id":2285,"date":"2019-02-20T23:49:09","date_gmt":"2019-02-20T23:49:09","guid":{"rendered":"https:\/\/www.cadmedinc.com\/productos-destacados\/"},"modified":"2024-09-28T19:49:34","modified_gmt":"2024-09-28T19:49:34","slug":"productos-destacados","status":"publish","type":"page","link":"https:\/\/www.cadmedinc.com\/es\/productos-destacados\/","title":{"rendered":"Productos Destacados"},"content":{"rendered":"<p>[et_pb_section fb_built=\u00bb1&#8243; _builder_version=\u00bb4.16&#8243; background_color=\u00bb#f0f0f0&#8243; background_image=\u00bbhttps:\/\/www.cadmedinc.com\/wp-content\/uploads\/2018\/11\/Background-squares-50-03-3.png\u00bb background_size=\u00bbinitial\u00bb background_position=\u00bbtop_left\u00bb background_repeat=\u00bbrepeat\u00bb global_colors_info=\u00bb{}\u00bb][et_pb_row column_structure=\u00bb1_4,1_4,1_4,1_4&#8243; use_custom_gutter=\u00bbon\u00bb gutter_width=\u00bb2&#8243; make_equal=\u00bbon\u00bb module_class=\u00bb et_pb_row_fullwidth\u00bb _builder_version=\u00bb4.16&#8243; width=\u00bb94%\u00bb width_tablet=\u00bb80%\u00bb width_phone=\u00bb80%\u00bb width_last_edited=\u00bbon|desktop\u00bb max_width=\u00bb94%\u00bb max_width_tablet=\u00bb80%\u00bb max_width_phone=\u00bb80%\u00bb max_width_last_edited=\u00bbon|desktop\u00bb make_fullwidth=\u00bbon\u00bb global_colors_info=\u00bb{}\u00bb][et_pb_column type=\u00bb1_4&#8243; _builder_version=\u00bb4.16&#8243; custom_padding=\u00bb|||\u00bb global_colors_info=\u00bb{}\u00bb custom_padding__hover=\u00bb|||\u00bb][et_pb_blurb title=\u00bbRespiratory Care Continuum\u00bb image=\u00bbhttps:\/\/www.cadmedinc.com\/wp-content\/uploads\/2018\/11\/Infant-respiratory-care-continuum.jpg\u00bb admin_label=\u00bbFisher &#038; Paykel &#8211; Respiratory Care Continuum\u00bb module_class=\u00bbally-blurb5&#8243; _builder_version=\u00bb4.17.4&#8243; header_font=\u00bb|600|||||||\u00bb header_text_color=\u00bb#1547c4&#8243; border_radii=\u00bbon|10px|10px|10px|10px\u00bb border_width_all=\u00bb1px\u00bb border_color_all=\u00bb#d8d8d8&#8243; box_shadow_style=\u00bbpreset3&#8243; global_colors_info=\u00bb{}\u00bb]<\/p>\n<p>Fisher &amp; Paykel Healthcare ofrece soluci\u00f3nes respiratorias humidificadas para todas las terapias del &#8216;F&amp;P Respiratory Care Continuum&#8217;. Este programa contempla la amplitud de terapias respiratorias que los pacientes puedan necesitar.<\/p>\n<p>[\/et_pb_blurb][et_pb_blurb title=\u00bbNeopuff\u00bb image=\u00bbhttps:\/\/www.cadmedinc.com\/wp-content\/uploads\/2020\/03\/neopuff-t-piece-resuscitator.jpg\u00bb admin_label=\u00bbFisher &#038; Paykel &#8211; Respiratory Care Continuum\u00bb module_class=\u00bbally-blurb5&#8243; _builder_version=\u00bb4.27.0&#8243; header_font=\u00bb|600|||||||\u00bb header_text_color=\u00bb#1547c4&#8243; hover_enabled=\u00bb0&#8243; border_radii=\u00bbon|10px|10px|10px|10px\u00bb border_width_all=\u00bb1px\u00bb border_color_all=\u00bb#d8d8d8&#8243; box_shadow_style=\u00bbpreset3&#8243; global_colors_info=\u00bb{}\u00bb title_text=\u00bbneopuff-t-piece-resuscitator\u00bb sticky_enabled=\u00bb0&#8243;]<\/p>\n<p><strong>Fisher<\/strong><b><strong>&amp; Paykel &#8211; <\/strong><\/b>NeopuffTM es un resucitador en T dise\u00f1ado por Fisher &amp; Paykel Healthcare para proporcionar presiones controladas, constantes y precisas, independientemente de la experiencia del operador.<\/p>\n<p>[\/et_pb_blurb][\/et_pb_column][et_pb_column type=\u00bb1_4&#8243; _builder_version=\u00bb4.16&#8243; custom_padding=\u00bb|||\u00bb global_colors_info=\u00bb{}\u00bb custom_padding__hover=\u00bb|||\u00bb][et_pb_blurb title=\u00bbOptiflow\u2122 Junior\u00bb image=\u00bbhttps:\/\/www.cadmedinc.com\/wp-content\/uploads\/2018\/11\/Optiflow-neonatal.jpg\u00bb admin_label=\u00bbFisher &#038; Paykel &#8211; Optiflow Junior\u00bb module_class=\u00bbally-blurb5&#8243; _builder_version=\u00bb4.17.4&#8243; header_font=\u00bb|600|||||||\u00bb header_text_color=\u00bb#1547c4&#8243; border_radii=\u00bbon|10px|10px|10px|10px\u00bb border_width_all=\u00bb1px\u00bb border_color_all=\u00bb#d8d8d8&#8243; box_shadow_style=\u00bbpreset3&#8243; global_colors_info=\u00bb{}\u00bb]<\/p>\n<p><strong>Fisher &amp; Paykel<\/strong> &#8211; Nueva gama de c\u00e1nulas dise\u00f1adas espec\u00edficamente para las caracter\u00edsticas anat\u00f3micas delicadas y requisitos de flujo de pacientes neonatales y pedi\u00e1tricos.<\/p>\n<p>[\/et_pb_blurb][et_pb_blurb title=\u00bbInvasivo infantil\u00bb image=\u00bbhttps:\/\/www.cadmedinc.com\/wp-content\/uploads\/2020\/03\/Infant-Invasive-Evaqua-2.jpg\u00bb admin_label=\u00bbFisher &#038; Paykel &#8211; Optiflow Junior\u00bb module_class=\u00bbally-blurb5&#8243; _builder_version=\u00bb4.27.0&#8243; header_font=\u00bb|600|||||||\u00bb header_text_color=\u00bb#1547c4&#8243; hover_enabled=\u00bb0&#8243; border_radii=\u00bbon|10px|10px|10px|10px\u00bb border_width_all=\u00bb1px\u00bb border_color_all=\u00bb#d8d8d8&#8243; box_shadow_style=\u00bbpreset3&#8243; global_colors_info=\u00bb{}\u00bb title_text=\u00bbInfant-Invasive-Evaqua-2&#8243; sticky_enabled=\u00bb0&#8243;]<\/p>\n<p><b><strong>Fisher &amp; Paykel &#8211; <\/strong><\/b>ofrece circuitos humidificados dise\u00f1ados para suministrar gases calentados y humidificados a neonatos y lactantes durante la ventilaci\u00f3n invasiva.<\/p>\n<p>[\/et_pb_blurb][\/et_pb_column][et_pb_column type=\u00bb1_4&#8243; _builder_version=\u00bb4.16&#8243; custom_padding=\u00bb|||\u00bb global_colors_info=\u00bb{}\u00bb custom_padding__hover=\u00bb|||\u00bb][et_pb_blurb title=\u00bbAirvo 2 System\u00bb image=\u00bbhttps:\/\/www.cadmedinc.com\/wp-content\/uploads\/2019\/01\/Fisher-Paykel-Airvo-II.jpg\u00bb admin_label=\u00bbFisher &#038; Paykel &#8211; Airvo II\u00bb module_class=\u00bbally-blurb5&#8243; _builder_version=\u00bb4.17.4&#8243; header_font=\u00bb|600|||||||\u00bb header_text_color=\u00bb#1547c4&#8243; border_radii=\u00bbon|10px|10px|10px|10px\u00bb border_width_all=\u00bb1px\u00bb border_color_all=\u00bb#d8d8d8&#8243; box_shadow_style=\u00bbpreset3&#8243; global_colors_info=\u00bb{}\u00bb]<\/p>\n<p>El sistema AIRVO 2 permite la transici\u00f3n de Optiflow \u2122 en \u00e1reas cr\u00edticas y no cr\u00edticas del hospital. El aire canalizado es innecesario y los flujos pueden suministrarse hasta 60 L \/ min. Para continuar la terapia una vez que se le da de alta del hospital, F&amp;P myAIRVO \u2122 ha sido dise\u00f1ado espec\u00edficamente para las necesidades de los pacientes en el hogar y para el cuidado a largo plazo.<\/p>\n<p>[\/et_pb_blurb][\/et_pb_column][et_pb_column type=\u00bb1_4&#8243; _builder_version=\u00bb4.16&#8243; custom_padding=\u00bb|||\u00bb global_colors_info=\u00bb{}\u00bb custom_padding__hover=\u00bb|||\u00bb][et_pb_blurb title=\u00bbSistema CPAP de Burbujas\u00bb image=\u00bbhttps:\/\/www.cadmedinc.com\/wp-content\/uploads\/2018\/11\/Bubble-CPAP-System.jpg\u00bb admin_label=\u00bbFisher &#038; Paykel &#8211; Bubble CPAP System\u00bb module_class=\u00bbally-blurb5&#8243; _builder_version=\u00bb4.17.4&#8243; header_font=\u00bb|600|||||||\u00bb header_text_color=\u00bb#1547c4&#8243; border_radii=\u00bbon|10px|10px|10px|10px\u00bb border_width_all=\u00bb1px\u00bb border_color_all=\u00bb#d8d8d8&#8243; box_shadow_style=\u00bbpreset3&#8243; global_colors_info=\u00bb{}\u00bb]<\/p>\n<p><strong>Fisher &amp; Paykel<\/strong> &#8211; Bubble CPAP is a unique form of CPAP, which provides a protective, safe and effective method of respiratory support to spontaneously breathing neonates.<\/p>\n<p>[\/et_pb_blurb][et_pb_blurb title=\u00bbEvaqua 2 para adultos\u00bb image=\u00bbhttps:\/\/www.cadmedinc.com\/wp-content\/uploads\/2020\/03\/Adult-evaqua-2.jpg\u00bb admin_label=\u00bbFisher &#038; Paykel &#8211; Bubble CPAP System\u00bb module_class=\u00bbally-blurb5&#8243; _builder_version=\u00bb4.27.0&#8243; header_font=\u00bb|600|||||||\u00bb header_text_color=\u00bb#1547c4&#8243; hover_enabled=\u00bb0&#8243; border_radii=\u00bbon|10px|10px|10px|10px\u00bb border_width_all=\u00bb1px\u00bb border_color_all=\u00bb#d8d8d8&#8243; box_shadow_style=\u00bbpreset3&#8243; global_colors_info=\u00bb{}\u00bb sticky_enabled=\u00bb0&#8243; title_text=\u00bbAdult-evaqua-2&#8243;]<\/p>\n<p><b><strong>Fisher &amp; Paykel &#8211; <\/strong><\/b>Los circuitos respiratorios del ventilador Evaqua 2 combinan la tecnolog\u00eda tradicional de circuito doble calentado con tecnolog\u00eda patentada en las extremidades inspiratoria y espiratoria para minimizar la condensaci\u00f3n y promover un sistema cerrado.<\/p>\n<p>[\/et_pb_blurb][\/et_pb_column][\/et_pb_row][\/et_pb_section]<\/p>\n","protected":false},"excerpt":{"rendered":"<p>Fisher &amp; Paykel Healthcare ofrece soluci\u00f3nes respiratorias humidificadas para todas las terapias del &#8216;F&amp;P Respiratory Care Continuum&#8217;. Este programa contempla la amplitud de terapias respiratorias que los pacientes puedan necesitar.Fisher&amp; Paykel &#8211; NeopuffTM es un resucitador en T dise\u00f1ado por Fisher &amp; Paykel Healthcare para proporcionar presiones controladas, constantes y precisas, independientemente de la experiencia [&hellip;]<\/p>\n","protected":false},"author":3,"featured_media":0,"parent":0,"menu_order":0,"comment_status":"closed","ping_status":"closed","template":"","meta":{"_et_pb_use_builder":"on","_et_pb_old_content":"","_et_gb_content_width":"","footnotes":""},"class_list":["post-2285","page","type-page","status-publish","hentry"],"_links":{"self":[{"href":"https:\/\/www.cadmedinc.com\/es\/wp-json\/wp\/v2\/pages\/2285"}],"collection":[{"href":"https:\/\/www.cadmedinc.com\/es\/wp-json\/wp\/v2\/pages"}],"about":[{"href":"https:\/\/www.cadmedinc.com\/es\/wp-json\/wp\/v2\/types\/page"}],"author":[{"embeddable":true,"href":"https:\/\/www.cadmedinc.com\/es\/wp-json\/wp\/v2\/users\/3"}],"replies":[{"embeddable":true,"href":"https:\/\/www.cadmedinc.com\/es\/wp-json\/wp\/v2\/comments?post=2285"}],"version-history":[{"count":4,"href":"https:\/\/www.cadmedinc.com\/es\/wp-json\/wp\/v2\/pages\/2285\/revisions"}],"predecessor-version":[{"id":4046,"href":"https:\/\/www.cadmedinc.com\/es\/wp-json\/wp\/v2\/pages\/2285\/revisions\/4046"}],"wp:attachment":[{"href":"https:\/\/www.cadmedinc.com\/es\/wp-json\/wp\/v2\/media?parent=2285"}],"curies":[{"name":"wp","href":"https:\/\/api.w.org\/{rel}","templated":true}]}}