{"id":2334,"date":"2019-02-22T01:54:54","date_gmt":"2019-02-22T01:54:54","guid":{"rendered":"https:\/\/www.cadmedinc.com\/flight-medical\/"},"modified":"2019-02-25T19:31:41","modified_gmt":"2019-02-25T19:31:41","slug":"flight-medical","status":"publish","type":"page","link":"https:\/\/www.cadmedinc.com\/es\/flight-medical\/","title":{"rendered":"Flight Medical"},"content":{"rendered":"<p>[et_pb_section bb_built=\u00bb1&#8243; custom_padding_last_edited=\u00bbon|phone\u00bb disabled_on=\u00bbon||\u00bb module_class=\u00bbally-gradient-overlay\u00bb _builder_version=\u00bb3.17.6&#8243; background_color=\u00bb#ffffff\u00bb background_image=\u00bbhttps:\/\/www.cadmedinc.com\/wp-content\/uploads\/2018\/11\/Cadmed-Flight-Medical-Header-1.jpg\u00bb background_position=\u00bbtop_left\u00bb custom_padding_tablet=\u00bb50px|0|50px|0&#8243; custom_css_main_element=\u00bbheight: 22vw;\u00bb next_background_color=\u00bb#ffffff\u00bb][et_pb_row make_fullwidth=\u00bbon\u00bb _builder_version=\u00bb3.17.2&#8243; background_size=\u00bbinitial\u00bb background_position=\u00bbtop_left\u00bb background_repeat=\u00bbrepeat\u00bb][et_pb_column type=\u00bb1_3&#8243;][et_pb_image admin_label=\u00bbFlight Medical Logo\u00bb src=\u00bbhttps:\/\/www.cadmedinc.com\/wp-content\/uploads\/2018\/11\/companies-flight-medical.png\u00bb show_bottom_space=\u00bboff\u00bb _builder_version=\u00bb3.17.6&#8243; border_color_all=\u00bb#95b035&#8243; max_width=\u00bb80%\u00bb max_width_phone=\u00bb95%\u00bb max_width_last_edited=\u00bbon|phone\u00bb custom_margin=\u00bb||20px|\u00bb]<\/p>\n<p><\/p>\n<p>[\/et_pb_image][\/et_pb_column][et_pb_column type=\u00bb2_3&#8243;][\/et_pb_column][\/et_pb_row][\/et_pb_section][et_pb_section bb_built=\u00bb1&#8243; _builder_version=\u00bb3.14&#8243; background_image=\u00bbhttps:\/\/www.cadmedinc.com\/wp-content\/uploads\/2018\/11\/Background-squares-50-03.png\u00bb background_size=\u00bbinitial\u00bb background_position=\u00bbtop_left\u00bb background_repeat=\u00bbrepeat\u00bb custom_padding=\u00bb5px|0px|5px|0px|false|false\u00bb prev_background_color=\u00bb#ffffff\u00bb][et_pb_row use_custom_width=\u00bbon\u00bb width_unit=\u00bboff\u00bb custom_width_percent=\u00bb100%\u00bb custom_padding=\u00bb62px|0px|64px|0px|false|false\u00bb _builder_version=\u00bb3.19.15&#8243; background_color=\u00bb#f0f0f0&#8243; module_alignment=\u00bbcenter\u00bb][et_pb_column type=\u00bb4_4&#8243;][et_pb_image admin_label=\u00bbFisher Paykel for Mobile\u00bb src=\u00bbhttps:\/\/www.cadmedinc.com\/wp-content\/uploads\/2018\/11\/companies-flight-medical.png\u00bb show_bottom_space=\u00bboff\u00bb disabled_on=\u00bb|on|on\u00bb _builder_version=\u00bb3.19.15&#8243; border_color_all=\u00bb#95b035&#8243; max_width=\u00bb80%\u00bb max_width_phone=\u00bb95%\u00bb max_width_last_edited=\u00bbon|phone\u00bb custom_margin=\u00bb||20px|\u00bb]<\/p>\n<p><\/p>\n<p>[\/et_pb_image][et_pb_text admin_label=\u00bbCompany Title\u00bb _builder_version=\u00bb3.17.6&#8243; header_font=\u00bb||||||||\u00bb header_text_color=\u00bb#000000&#8243; header_font_size=\u00bb55px\u00bb header_font_size_tablet=\u00bb40px\u00bb header_font_size_last_edited=\u00bbon|phone\u00bb background_size=\u00bbinitial\u00bb background_position=\u00bbtop_left\u00bb background_repeat=\u00bbrepeat\u00bb text_orientation=\u00bbcenter\u00bb module_alignment=\u00bbcenter\u00bb use_border_color=\u00bboff\u00bb]<\/p>\n<h1 class=\"ally-lines\">Su aliado en ventilaci\u00f3n<\/h1>\n<p>[\/et_pb_text][\/et_pb_column][\/et_pb_row][et_pb_row make_fullwidth=\u00bbon\u00bb custom_padding=\u00bb35px|0px|2px|0px|false|false\u00bb _builder_version=\u00bb3.17.2&#8243; background_size=\u00bbinitial\u00bb background_position=\u00bbtop_left\u00bb background_repeat=\u00bbrepeat\u00bb][et_pb_column type=\u00bb3_5&#8243;][et_pb_image admin_label=\u00bbVentilator image\u00bb src=\u00bbhttps:\/\/www.cadmedinc.com\/wp-content\/uploads\/2019\/01\/Flight-Medical-transport-ventilator-resucitator-.jpg\u00bb show_in_lightbox=\u00bbon\u00bb show_bottom_space=\u00bboff\u00bb align=\u00bbcenter\u00bb _builder_version=\u00bb3.19.15&#8243; border_radii=\u00bbon|5px|5px|5px|5px\u00bb border_width_all=\u00bb1px\u00bb border_color_all=\u00bbrgba(51,51,51,0.4)\u00bb custom_margin=\u00bb2px|||\u00bb custom_padding=\u00bb||20px|\u00bb]<\/p>\n<p><\/p>\n<p>[\/et_pb_image][et_pb_toggle admin_label=\u00bbDocument Downloads\u00bb open_toggle_text_color=\u00bb#000000&#8243; open_toggle_background_color=\u00bb#f0f0f0&#8243; closed_toggle_text_color=\u00bb#000000&#8243; closed_toggle_background_color=\u00bb#f0f0f0&#8243; icon_color=\u00bb#000000&#8243; module_class=\u00bbally-toggle\u00bb _builder_version=\u00bb3.19.15&#8243; title_font=\u00bbSource Sans Pro|on||on|\u00bb title_font_size=\u00bb18&#8243; use_border_color=\u00bboff\u00bb border_color=\u00bb#ffffff\u00bb border_style=\u00bbsolid\u00bb saved_tabs=\u00bball\u00bb]<\/p>\n<p><a href=\"https:\/\/www.cadmedinc.com\/wp-content\/uploads\/2019\/02\/Flight-60_Home-care-USA_LIT-0024-RevA02_letter.pdf\" target=\"_blank\" rel=\"noopener noreferrer\">Flight 60 Home Care Brochure<\/a><br \/>\n<a href=\"https:\/\/www.cadmedinc.com\/wp-content\/uploads\/2019\/02\/LIT-0100-Rev-A00.pdf\" target=\"_blank\" rel=\"noopener noreferrer\">Flight 60 Available Models<\/a><\/p>\n<p>( Documentos en Ingl\u00e9s )<\/p>\n<p>[\/et_pb_toggle][\/et_pb_column][et_pb_column type=\u00bb2_5&#8243;][et_pb_text admin_label=\u00bbFPO txt\u00bb _builder_version=\u00bb3.19.7&#8243; header_font=\u00bb||||||||\u00bb header_text_color=\u00bb#2000a3&#8243; header_3_font=\u00bb||||||||\u00bb header_3_text_color=\u00bb#accc3b\u00bb header_3_font_size=\u00bb35px\u00bb header_4_font=\u00bb||||||||\u00bb header_4_text_color=\u00bb#2000a3&#8243; header_5_font=\u00bb|500|||||||\u00bb header_5_text_color=\u00bbrgba(0,0,0,0.8)\u00bb header_5_font_size=\u00bb18px\u00bb header_5_font_size_phone=\u00bb17px\u00bb header_5_font_size_last_edited=\u00bbon|tablet\u00bb header_5_line_height=\u00bb2em\u00bb header_5_line_height_last_edited=\u00bbon|phone\u00bb custom_margin=\u00bb||0px|\u00bb]<\/p>\n<p>Flight Medical fabrica, desarrolla y comercializa ventiladores respiratorios port\u00e1tiles de soporte vital para cuidados domiciliarios, cuidados a largo plazo, hospitales, transporte, emergencias y entornos subagudos.<\/p>\n<p>Establecida en 1996, Flight Medical Innovations Ltd. se especializa en el desarrollo, fabricaci\u00f3n y comercializaci\u00f3n de ventiladores vers\u00e1tiles de alta gama.<\/p>\n<p>Los productos emblem\u00e1ticos de Flight Medical son el ventilador Flight 60, un ventilador port\u00e1til cargado con la \u00faltima tecnolog\u00eda y el conocido ventilador HT50, ambos incorporan la tecnolog\u00eda de Flight Medical, brindando ventilaci\u00f3n avanzada y movilidad accesible.<\/p>\n<p>&nbsp;<\/p>\n<p>&nbsp;<\/p>\n<p>[\/et_pb_text][et_pb_image admin_label=\u00bblong term care image\u00bb src=\u00bbhttps:\/\/www.cadmedinc.com\/wp-content\/uploads\/2019\/01\/Flight-Medical-Long-Term-Care.jpg\u00bb show_in_lightbox=\u00bbon\u00bb show_bottom_space=\u00bboff\u00bb align=\u00bbcenter\u00bb _builder_version=\u00bb3.19.7&#8243; border_radii=\u00bbon|5px|5px|5px|5px\u00bb border_width_all=\u00bb1px\u00bb border_color_all=\u00bbrgba(51,51,51,0.4)\u00bb custom_margin=\u00bb2px|||\u00bb custom_padding=\u00bb||20px|\u00bb]<\/p>\n<p><\/p>\n<p>[\/et_pb_image][\/et_pb_column][\/et_pb_row][et_pb_row make_fullwidth=\u00bbon\u00bb use_custom_gutter=\u00bbon\u00bb gutter_width=\u00bb2&#8243; custom_padding=\u00bb76px|0px|90px|0px|false|false\u00bb make_equal=\u00bbon\u00bb _builder_version=\u00bb3.19.15&#8243;][et_pb_column type=\u00bb1_4&#8243;][et_pb_blurb admin_label=\u00bbhospital\u00bb title=\u00bbHospital\u00bb use_icon=\u00bbon\u00bb font_icon=\u00bb%%270%%\u00bb icon_color=\u00bb#6454a3&#8243; icon_placement=\u00bbleft\u00bb module_class=\u00bbally-blurb5&#8243; _builder_version=\u00bb3.19.15&#8243; header_font=\u00bb||||||||\u00bb header_text_color=\u00bb#2000a3&#8243; header_font_size=\u00bb36px\u00bb background_color=\u00bb#f7f7f7&#8243; border_width_all=\u00bb1px\u00bb border_color_all=\u00bbrgba(51,51,51,0.16)\u00bb]<\/p>\n<p>Funciones y prestaciones de cuidados intensivos con la eficiencia y ventajas cl\u00ednicas de una unidad m\u00f3vil.<\/p>\n<p>[\/et_pb_blurb][\/et_pb_column][et_pb_column type=\u00bb1_4&#8243;][et_pb_blurb admin_label=\u00bbhome care\u00bb title=\u00bbCuidados en el Hogar\u00bb use_icon=\u00bbon\u00bb font_icon=\u00bb%%236%%\u00bb icon_color=\u00bb#6454a3&#8243; icon_placement=\u00bbleft\u00bb module_class=\u00bbally-blurb5&#8243; _builder_version=\u00bb3.19.15&#8243; header_font=\u00bb||||||||\u00bb header_text_color=\u00bb#2000a3&#8243; header_font_size=\u00bb36px\u00bb background_color=\u00bb#f7f7f7&#8243; border_width_all=\u00bb1px\u00bb border_color_all=\u00bbrgba(51,51,51,0.16)\u00bb]<\/p>\n<p>Flight 60 para cuidados domiciliarios brinda atenci\u00f3n confiable con la m\u00e1xima independencia personal y libertad de movimiento.<\/p>\n<p>[\/et_pb_blurb][\/et_pb_column][et_pb_column type=\u00bb1_4&#8243;][et_pb_blurb admin_label=\u00bbemergency\u00bb title=\u00bbEmergencias\u00bb use_icon=\u00bbon\u00bb font_icon=\u00bb%%217%%\u00bb icon_color=\u00bb#6454a3&#8243; icon_placement=\u00bbleft\u00bb module_class=\u00bbally-blurb5&#8243; _builder_version=\u00bb3.19.15&#8243; header_font=\u00bb||||||||\u00bb header_text_color=\u00bb#2000a3&#8243; header_font_size=\u00bb36px\u00bb background_color=\u00bb#f7f7f7&#8243; border_width_all=\u00bb1px\u00bb border_color_all=\u00bbrgba(51,51,51,0.16)\u00bb]<\/p>\n<p>El Flight 60 es un ventilador de \u201ccuidado cr\u00edtico\u201d portable dise\u00f1ado para usar en ambulancias y en camillas.<\/p>\n<p>[\/et_pb_blurb][\/et_pb_column][et_pb_column type=\u00bb1_4&#8243;][et_pb_blurb admin_label=\u00bblong term care\u00bb title=\u00bb Cuidados a largo plazo\u00bb use_icon=\u00bbon\u00bb font_icon=\u00bb%%167%%\u00bb icon_color=\u00bb#6454a3&#8243; icon_placement=\u00bbleft\u00bb module_class=\u00bbally-blurb5&#8243; _builder_version=\u00bb3.19.15&#8243; header_font=\u00bb||||||||\u00bb header_text_color=\u00bb#2000a3&#8243; header_font_size=\u00bb36px\u00bb background_color=\u00bb#f7f7f7&#8243; border_width_all=\u00bb1px\u00bb border_color_all=\u00bbrgba(51,51,51,0.16)\u00bb]<\/p>\n<p>El peque\u00f1o tama\u00f1o y movilidad del Flight 60 contribuyen en gran medida a mejorar la calidad de vida de pacientes con cuidados a largo plazo.<\/p>\n<p>[\/et_pb_blurb][\/et_pb_column][\/et_pb_row][\/et_pb_section]<\/p>\n","protected":false},"excerpt":{"rendered":"<p>Su aliado en ventilaci\u00f3n Flight 60 Home Care Brochure Flight 60 Available Models ( Documentos en Ingl\u00e9s ) Flight Medical fabrica, desarrolla y comercializa ventiladores respiratorios port\u00e1tiles de soporte vital para cuidados domiciliarios, cuidados a largo plazo, hospitales, transporte, emergencias y entornos subagudos. Establecida en 1996, Flight Medical Innovations Ltd. se especializa en el desarrollo, [&hellip;]<\/p>\n","protected":false},"author":3,"featured_media":0,"parent":0,"menu_order":0,"comment_status":"closed","ping_status":"closed","template":"","meta":{"_et_pb_use_builder":"on","_et_pb_old_content":"","_et_gb_content_width":"","footnotes":""},"class_list":["post-2334","page","type-page","status-publish","hentry"],"_links":{"self":[{"href":"https:\/\/www.cadmedinc.com\/es\/wp-json\/wp\/v2\/pages\/2334"}],"collection":[{"href":"https:\/\/www.cadmedinc.com\/es\/wp-json\/wp\/v2\/pages"}],"about":[{"href":"https:\/\/www.cadmedinc.com\/es\/wp-json\/wp\/v2\/types\/page"}],"author":[{"embeddable":true,"href":"https:\/\/www.cadmedinc.com\/es\/wp-json\/wp\/v2\/users\/3"}],"replies":[{"embeddable":true,"href":"https:\/\/www.cadmedinc.com\/es\/wp-json\/wp\/v2\/comments?post=2334"}],"version-history":[{"count":4,"href":"https:\/\/www.cadmedinc.com\/es\/wp-json\/wp\/v2\/pages\/2334\/revisions"}],"predecessor-version":[{"id":2591,"href":"https:\/\/www.cadmedinc.com\/es\/wp-json\/wp\/v2\/pages\/2334\/revisions\/2591"}],"wp:attachment":[{"href":"https:\/\/www.cadmedinc.com\/es\/wp-json\/wp\/v2\/media?parent=2334"}],"curies":[{"name":"wp","href":"https:\/\/api.w.org\/{rel}","templated":true}]}}