{"id":3381,"date":"2022-08-28T13:52:23","date_gmt":"2022-08-28T13:52:23","guid":{"rendered":"https:\/\/www.cadmedinc.com\/?page_id=3381"},"modified":"2022-08-28T13:52:23","modified_gmt":"2022-08-28T13:52:23","slug":"politica-de-privacidad","status":"publish","type":"page","link":"https:\/\/www.cadmedinc.com\/es\/politica-de-privacidad\/","title":{"rendered":"Pol\u00edtica de privacidad"},"content":{"rendered":"<p><strong>La privacidad es importante.<\/strong><br \/>\nCADmed Inc. reconoce la importancia de la privacidad de nuestros clientes y toma una serie de medidas para protegerla. A continuaci\u00f3n se exponen las pr\u00e1cticas de recopilaci\u00f3n y difusi\u00f3n de informaci\u00f3n de nuestro sitio web.<\/p>\n<p><strong>Pol\u00edtica de privacidad de CADmed Inc.<\/strong><br \/>\nCADmed Inc cree en la protecci\u00f3n de la privacidad de sus clientes. El objetivo de esta pol\u00edtica de privacidad es describir el tipo de informaci\u00f3n que podemos recopilar sobre ti; c\u00f3mo podemos utilizar esa informaci\u00f3n; c\u00f3mo la protegemos; cu\u00e1ndo podemos divulgarla; y las opciones que tienes con respecto a tu informaci\u00f3n.<br \/>\nAl visitar el Sitio, aceptas las pr\u00e1cticas descritas en la versi\u00f3n actual de esta pol\u00edtica de privacidad. Si has visitado el Sitio anteriormente, revisa de nuevo la pol\u00edtica de privacidad para asegurarte de que est\u00e1s familiarizado con sus t\u00e9rminos actuales. Los cambios recientes en la pol\u00edtica de privacidad pueden encontrarse m\u00e1s abajo, en Cambios en la pol\u00edtica de privacidad. Si tienes alguna pregunta o duda sobre la privacidad o seguridad de tu informaci\u00f3n, puedes ponerte en contacto con nosotros.<\/p>\n<p><strong>Informaci\u00f3n no personal que recogemos<\/strong><br \/>\nRecogemos autom\u00e1ticamente informaci\u00f3n no personal de ti cuando visitas nuestro Sitio. Esta informaci\u00f3n incluye tu direcci\u00f3n de Protocolo de Internet (\u00abIP\u00bb), que es el n\u00famero asignado autom\u00e1ticamente a tu ordenador cada vez que accedes a Internet. Este n\u00famero no identifica tu nombre, direcci\u00f3n de correo electr\u00f3nico u otra informaci\u00f3n personal. Utilizamos tu direcci\u00f3n IP para ayudar a diagnosticar problemas con nuestro servidor y para administrar nuestro Sitio.<br \/>\nTambi\u00e9n recogemos informaci\u00f3n no identificable personalmente mediante el uso de cookies. Una cookie es un archivo alfanum\u00e9rico que un sitio web coloca en tu disco duro para poder recordar algo sobre ti mientras utilizas el Sitio o cuando vuelves a \u00e9l. Las cookies te facilitan el uso de nuestro Sitio. Utilizamos una cookie para conservar el contenido de tu cesta de la compra mientras compruebas otras \u00e1reas de nuestro Sitio. Cuando terminas, los productos de tu cesta siguen estando ah\u00ed para que los compres. Tambi\u00e9n utilizamos cookies para recopilar cierta informaci\u00f3n de uso agregada sobre el n\u00famero y la frecuencia de los visitantes de nuestro Sitio y de las p\u00e1ginas individuales del mismo. Estos datos nos ayudan a mejorar el aspecto y la facilidad de uso del Sitio. Estas cookies no recogen informaci\u00f3n personal identificable ni combinamos la informaci\u00f3n recogida a trav\u00e9s de estas cookies con otra informaci\u00f3n personal identificable sobre ti. CADmed Inc , sus anunciantes y servidores de anuncios tambi\u00e9n pueden utilizar cookies, as\u00ed como archivos denominados \u00abWeb beacons\u00bb o \u00abclear gifs\u00bb para determinar de forma an\u00f3nima qu\u00e9 anuncios y promociones han visto los usuarios de nuestro Sitio y c\u00f3mo han respondido a ellos. Sin embargo, no utilizamos estas tecnolog\u00edas para recoger informaci\u00f3n personal identificable.<\/p>\n<p><strong>INFORMACI\u00d3N PERSONAL QUE RECOGEMOS<\/strong><br \/>\nPodemos recopilar tus datos personales identificables, como tu nombre, direcci\u00f3n de env\u00edo, direcci\u00f3n de facturaci\u00f3n, direcci\u00f3n de correo electr\u00f3nico y n\u00famero de tel\u00e9fono y, en el curso de la tramitaci\u00f3n de tu pedido, o cuando nos comuniquemos contigo de otra manera. Por ejemplo, a trav\u00e9s de los formularios de pedido de nuestro Sitio, recogemos la informaci\u00f3n de identificaci\u00f3n personal necesaria para el env\u00edo de los productos que compras.<\/p>\n<p>No captamos ni almacenamos tu informaci\u00f3n financiera sensible m\u00e1s all\u00e1 de tu direcci\u00f3n de facturaci\u00f3n. CADmed Inc .com conf\u00eda en las p\u00e1ginas seguras alojadas en una pasarela de pago de terceros, Authorize.NET, para capturar la transacci\u00f3n de tu tarjeta de cr\u00e9dito, sin almacenar nunca el n\u00famero de la tarjeta de cr\u00e9dito en nuestro servidor o red interna.<\/p>\n<p><strong>INFORMACI\u00d3N DE OTRAS FUENTES<\/strong><br \/>\nLa informaci\u00f3n que nos proporcionas puede combinarse con otra informaci\u00f3n personal identificable (como el historial de pedidos y la informaci\u00f3n demogr\u00e1fica) de fuentes de terceros para hacer m\u00e1s eficientes nuestros esfuerzos de marketing. Entre los ejemplos de otra informaci\u00f3n que recibimos de fuentes de terceros se incluye la informaci\u00f3n de entrega y direcci\u00f3n actualizada, que utilizamos para corregir nuestros registros y entregar tu pr\u00f3xima compra o cat\u00e1logo m\u00e1s f\u00e1cilmente.<\/p>\n<p><strong>USOS DE TU INFORMACI\u00d3N<\/strong><br \/>\nLa informaci\u00f3n financiera que se recoge se utiliza para facturarte los productos que solicitas. La informaci\u00f3n de contacto del formulario de pedido se utiliza para enviarte pedidos e informaci\u00f3n sobre nuestra empresa. Puedes optar por no recibir futuros env\u00edos; consulta \u00abC\u00f3mo eliminar tu nombre de nuestra lista de correo, de intercambio o de correo electr\u00f3nico\u00bb m\u00e1s abajo.<br \/>\nSi te registras para recibir correo electr\u00f3nico o si nos proporcionas tu direcci\u00f3n de correo electr\u00f3nico, te enviaremos correos electr\u00f3nicos. Estos correos electr\u00f3nicos te informar\u00e1n del lanzamiento de nuevos productos, de ventas especiales o de ofertas promocionales de nuestros socios. Si actualmente recibes nuestros correos electr\u00f3nicos y no deseas seguir recibi\u00e9ndolos, consulta la secci\u00f3n \u00abC\u00f3mo eliminar tu nombre de nuestra lista de correo, de intercambio o de correo electr\u00f3nico\u00bb que aparece a continuaci\u00f3n.<\/p>\n<p>Utilizamos tu direcci\u00f3n de env\u00edo para enviarte tus productos y para enviarte cat\u00e1logos y otros correos. Utilizamos tu direcci\u00f3n de facturaci\u00f3n, si es diferente a la de env\u00edo, para verificar tus datos de facturaci\u00f3n. Nunca compartimos los nombres o direcciones de nuestros clientes, las direcciones de correo electr\u00f3nico u otra informaci\u00f3n personal identificable, salvo en la medida descrita en la secci\u00f3n \u00abConsentimiento para el uso de tu informaci\u00f3n\u00bb que aparece a continuaci\u00f3n. Si no deseas recibir cat\u00e1logos u otros env\u00edos de nuestra parte, consulta la secci\u00f3n \u00abC\u00f3mo eliminar tu nombre de nuestra lista de correo, de intercambio o de correo electr\u00f3nico\u00bb m\u00e1s adelante.<\/p>\n<p><strong>DIVULGACI\u00d3N DE TU INFORMACI\u00d3N<\/strong><br \/>\nNo revelamos tu informaci\u00f3n personal a otras empresas, personas o agencias, excepto para los fines descritos a continuaci\u00f3n:<br \/>\nProveedores de servicios: Podemos contratar a otras empresas y personas para que realicen determinados servicios y funciones en nuestro nombre. Algunos ejemplos son el funcionamiento y el mantenimiento de nuestro Sitio, la recepci\u00f3n de pedidos, la entrega de paquetes, el env\u00edo de correo postal y electr\u00f3nico, la eliminaci\u00f3n de informaci\u00f3n repetitiva de las listas de clientes, el an\u00e1lisis de datos, el asesoramiento y la asistencia en materia de marketing, la distribuci\u00f3n de encuestas a los clientes, el procesamiento de los pagos con tarjeta de cr\u00e9dito y la prestaci\u00f3n de servicios de atenci\u00f3n al cliente. Estas empresas tienen acceso a la informaci\u00f3n personal necesaria para realizar sus servicios o funciones, pero no pueden utilizarla para otros fines.<br \/>\nPara tu protecci\u00f3n y la nuestra: Podemos revelar informaci\u00f3n personal identificable cuando creamos que es apropiado para cumplir con la normativa legal aplicable, un proceso legal o una solicitud gubernamental; hacer cumplir o aplicar nuestros T\u00e9rminos y Condiciones y otros acuerdos; o proteger los derechos, la propiedad o la seguridad de CADmed Inc , nuestros clientes, nuestros empleados u otros.<br \/>\nTransferencia de negocios: A medida que continuamos desarrollando nuestro negocio, podr\u00edamos vender o comprar filiales o unidades de negocio. En tales transacciones, la informaci\u00f3n de los clientes suele ser uno de los activos empresariales transferidos, pero sigue estando sujeta a las promesas hechas en cualquier pol\u00edtica de privacidad preexistente (a menos, por supuesto, que el cliente consienta lo contrario). Asimismo, en el improbable caso de que CADmed Inc o la pr\u00e1ctica totalidad de sus activos sean adquiridos, la informaci\u00f3n de los clientes ser\u00e1, por supuesto, uno de los activos transferidos.<br \/>\nCompartir: Podemos compartir tu nombre y direcci\u00f3n postal con otras empresas de renombre para que puedan enviarte cat\u00e1logos sobre productos de posible inter\u00e9s. No compartimos la informaci\u00f3n de la tarjeta de cr\u00e9dito ni la direcci\u00f3n de correo electr\u00f3nico con estos terceros. Si prefieres que no compartamos tu nombre y direcci\u00f3n postal con otras empresas, consulta la secci\u00f3n \u00abC\u00f3mo eliminar tu nombre de nuestra lista de correo, de intercambio o de correo electr\u00f3nico\u00bb que aparece a continuaci\u00f3n. Con tu consentimiento, aparte de lo establecido anteriormente, recibir\u00e1s un aviso cuando la informaci\u00f3n sobre ti pueda ir a terceros, y tendr\u00e1s la oportunidad de elegir no compartir la informaci\u00f3n.<\/p>\n<p><strong>C\u00d3MO ELIMINAR TU NOMBRE DE NUESTRA LISTA DE CORREO, DE INTERCAMBIO O DE CORREO ELECTR\u00d3NICO<\/strong><br \/>\nNuestro Sitio te ofrece la opci\u00f3n de recibir comunicaciones nuestras en el momento en que solicitemos informaci\u00f3n sobre ti.<br \/>\nPara eliminar tu informaci\u00f3n de nuestra base de datos, no recibir futuras comunicaciones, dejar de recibir nuestro servicio o no compartir tu nombre y direcci\u00f3n con otras empresas, env\u00eda un correo electr\u00f3nico a support@CADmed Inc .com.<br \/>\nC\u00f3mo corregir tu nombre de nuestra lista de correo, de intercambio o de correo electr\u00f3nico<br \/>\nPara modificar la informaci\u00f3n proporcionada anteriormente, puedes enviar un correo electr\u00f3nico a support@CADmed Inc .com<\/p>\n<p><strong>PROTECCI\u00d3N DE LA INFORMACI\u00d3N PERSONAL<\/strong><br \/>\nQueremos que te sientas seguro al utilizar CADmed Inc para realizar compras, y nos comprometemos a proteger la informaci\u00f3n personal que recopilamos. Aunque ning\u00fan sitio web puede garantizar la seguridad, hemos implementado procedimientos de seguridad f\u00edsicos, electr\u00f3nicos y de gesti\u00f3n adecuados para ayudar a proteger la informaci\u00f3n personal que nos proporcionas.<\/p>\n<p><strong>PRIVACIDAD DE LOS NI\u00d1OS<\/strong><br \/>\nCADmed Inc. no vende mercanc\u00eda para que la compren los ni\u00f1os. Si eres menor de 18 a\u00f1os, puedes utilizar nuestro sitio web s\u00f3lo con la participaci\u00f3n de un padre o tutor. Si un ni\u00f1o que sabemos que es menor de 18 a\u00f1os nos env\u00eda informaci\u00f3n personal, utilizaremos esa informaci\u00f3n s\u00f3lo para responder directamente a ese ni\u00f1o para informarle de que debemos tener el consentimiento de sus padres antes de recibir su informaci\u00f3n personal.<\/p>\n<p><strong>ENLACES EXTERNOS<\/strong><br \/>\nSi alguna parte del sitio web de CADmed Inc. te enlaza con otros sitios web, esos sitios web no operan bajo esta pol\u00edtica de privacidad. Te recomendamos que examines las declaraciones de privacidad publicadas en esos otros sitios web para entender sus procedimientos de recogida, uso y divulgaci\u00f3n de informaci\u00f3n personal.<\/p>\n<p><strong>CAMBIOS EN ESTA POL\u00cdTICA DE PRIVACIDAD<\/strong><br \/>\nCADmed Inc puede actualizar esta pol\u00edtica de privacidad en el futuro. Te notificaremos los cambios materiales de esta pol\u00edtica de privacidad enviando un aviso a la direcci\u00f3n de correo electr\u00f3nico que nos hayas proporcionado o colocando un aviso destacado en nuestro sitio web.<\/p>\n<p><strong>C\u00d3MO CONTACTAR CON NOSOTROS<\/strong><br \/>\nSi tienes alguna pregunta o duda sobre la privacidad o seguridad de tu informaci\u00f3n, puedes ponerte en contacto con nosotros en https:\/\/www.cadmedinc.com\/#contact-us<\/p>\n<p><strong>FECHA DE ENTRADA EN VIGOR:<\/strong> 1 de abril de 2015<\/p>\n","protected":false},"excerpt":{"rendered":"<p>La privacidad es importante. CADmed Inc. reconoce la importancia de la privacidad de nuestros clientes y toma una serie de medidas para protegerla. A continuaci\u00f3n se exponen las pr\u00e1cticas de recopilaci\u00f3n y difusi\u00f3n de informaci\u00f3n de nuestro sitio web. Pol\u00edtica de privacidad de CADmed Inc. CADmed Inc cree en la protecci\u00f3n de la privacidad de [&hellip;]<\/p>\n","protected":false},"author":3,"featured_media":0,"parent":0,"menu_order":0,"comment_status":"closed","ping_status":"closed","template":"","meta":{"_et_pb_use_builder":"","_et_pb_old_content":"","_et_gb_content_width":"","footnotes":""},"class_list":["post-3381","page","type-page","status-publish","hentry"],"_links":{"self":[{"href":"https:\/\/www.cadmedinc.com\/es\/wp-json\/wp\/v2\/pages\/3381"}],"collection":[{"href":"https:\/\/www.cadmedinc.com\/es\/wp-json\/wp\/v2\/pages"}],"about":[{"href":"https:\/\/www.cadmedinc.com\/es\/wp-json\/wp\/v2\/types\/page"}],"author":[{"embeddable":true,"href":"https:\/\/www.cadmedinc.com\/es\/wp-json\/wp\/v2\/users\/3"}],"replies":[{"embeddable":true,"href":"https:\/\/www.cadmedinc.com\/es\/wp-json\/wp\/v2\/comments?post=3381"}],"version-history":[{"count":1,"href":"https:\/\/www.cadmedinc.com\/es\/wp-json\/wp\/v2\/pages\/3381\/revisions"}],"predecessor-version":[{"id":3382,"href":"https:\/\/www.cadmedinc.com\/es\/wp-json\/wp\/v2\/pages\/3381\/revisions\/3382"}],"wp:attachment":[{"href":"https:\/\/www.cadmedinc.com\/es\/wp-json\/wp\/v2\/media?parent=3381"}],"curies":[{"name":"wp","href":"https:\/\/api.w.org\/{rel}","templated":true}]}}