{"id":3976,"date":"2024-09-28T14:26:11","date_gmt":"2024-09-28T14:26:11","guid":{"rendered":"https:\/\/www.cadmedinc.com\/dispositivos-bio-med\/"},"modified":"2024-09-28T14:26:13","modified_gmt":"2024-09-28T14:26:13","slug":"dispositivos-bio-med","status":"publish","type":"page","link":"https:\/\/www.cadmedinc.com\/es\/dispositivos-bio-med\/","title":{"rendered":"Dispositivos Bio Med"},"content":{"rendered":"<p>[et_pb_section fb_built=\u00bb1&#8243; custom_padding_last_edited=\u00bbon|phone\u00bb disabled_on=\u00bbon||\u00bb module_class=\u00bbally-gradient-overlay\u00bb _builder_version=\u00bb4.19.5&#8243; background_color=\u00bb#ffffff\u00bb use_background_color_gradient=\u00bbon\u00bb background_image=\u00bbhttps:\/\/www.cadmedinc.com\/wp-content\/uploads\/2023\/02\/Biomed-Devices-New-Header.jpg\u00bb background_position=\u00bbtop_left\u00bb custom_padding_tablet=\u00bb50px|0|50px|0&#8243; custom_padding_phone=\u00bb\u00bb custom_css_main_element=\u00bbheight: 22vw;\u00bb global_colors_info=\u00bb{}\u00bb][et_pb_row column_structure=\u00bb1_3,2_3&#8243; module_class=\u00bb et_pb_row_fullwidth\u00bb _builder_version=\u00bb4.16&#8243; background_size=\u00bbinitial\u00bb background_position=\u00bbtop_left\u00bb background_repeat=\u00bbrepeat\u00bb width=\u00bb89%\u00bb width_tablet=\u00bb80%\u00bb width_phone=\u00bb\u00bb width_last_edited=\u00bbon|desktop\u00bb max_width=\u00bb89%\u00bb max_width_tablet=\u00bb80%\u00bb max_width_phone=\u00bb\u00bb max_width_last_edited=\u00bbon|desktop\u00bb make_fullwidth=\u00bbon\u00bb global_colors_info=\u00bb{}\u00bb][et_pb_column type=\u00bb1_3&#8243; _builder_version=\u00bb4.16&#8243; custom_padding=\u00bb|||\u00bb global_colors_info=\u00bb{}\u00bb custom_padding__hover=\u00bb|||\u00bb][et_pb_image src=\u00bbhttps:\/\/www.cadmedinc.com\/wp-content\/uploads\/2023\/02\/Bio-Med-Logo.png\u00bb title_text=\u00bbBio-Med-Logo\u00bb show_bottom_space=\u00bboff\u00bb align_tablet=\u00bbcenter\u00bb align_phone=\u00bb\u00bb align_last_edited=\u00bbon|desktop\u00bb admin_label=\u00bbnidek Logo\u00bb _builder_version=\u00bb4.19.5&#8243; max_width=\u00bb80%\u00bb max_width_tablet=\u00bb\u00bb max_width_phone=\u00bb95%\u00bb max_width_last_edited=\u00bbon|phone\u00bb custom_margin=\u00bb||20px|\u00bb border_color_all=\u00bb#95b035&#8243; global_colors_info=\u00bb{}\u00bb]<br \/>\n[\/et_pb_image][\/et_pb_column][et_pb_column type=\u00bb2_3&#8243; _builder_version=\u00bb4.16&#8243; custom_padding=\u00bb|||\u00bb global_colors_info=\u00bb{}\u00bb custom_padding__hover=\u00bb|||\u00bb][\/et_pb_column][\/et_pb_row][\/et_pb_section][et_pb_section fb_built=\u00bb1&#8243; custom_padding_last_edited=\u00bbon|phone\u00bb disabled_on=\u00bboff|off|off\u00bb _builder_version=\u00bb4.19.5&#8243; background_color=\u00bb#d6d9e5&#8243; custom_padding=\u00bb50px|0px|2px|0px|false|false\u00bb custom_padding_tablet=\u00bb\u00bb custom_padding_phone=\u00bb\u00bb global_colors_info=\u00bb{}\u00bb][et_pb_row custom_padding_last_edited=\u00bbon|desktop\u00bb disabled_on=\u00bboff|off|off\u00bb module_class=\u00bb et_pb_row_fullwidth\u00bb _builder_version=\u00bb4.19.5&#8243; width=\u00bb89%\u00bb width_tablet=\u00bb80%\u00bb width_phone=\u00bb\u00bb width_last_edited=\u00bbon|desktop\u00bb max_width=\u00bb89%\u00bb max_width_tablet=\u00bb80%\u00bb max_width_phone=\u00bb\u00bb max_width_last_edited=\u00bbon|desktop\u00bb module_alignment=\u00bbcenter\u00bb custom_padding=\u00bb30px|0px|64px|0px|false|false\u00bb custom_padding_tablet=\u00bb0px|0px|30px|0px\u00bb custom_padding_phone=\u00bb\u00bb make_fullwidth=\u00bbon\u00bb global_colors_info=\u00bb{}\u00bb][et_pb_column type=\u00bb4_4&#8243; _builder_version=\u00bb4.16&#8243; custom_padding=\u00bb|||\u00bb global_colors_info=\u00bb{}\u00bb custom_padding__hover=\u00bb|||\u00bb][et_pb_image src=\u00bbhttps:\/\/www.cadmedinc.com\/wp-content\/uploads\/2023\/02\/Bio-Med-Logo.png\u00bb title_text=\u00bbBio-Med-Logo\u00bb show_bottom_space=\u00bboff\u00bb align_tablet=\u00bbcenter\u00bb align_phone=\u00bb\u00bb align_last_edited=\u00bbon|desktop\u00bb disabled_on=\u00bb|on|on\u00bb admin_label=\u00bbnidek logo for mobile\u00bb _builder_version=\u00bb4.19.5&#8243; max_width=\u00bb80%\u00bb max_width_tablet=\u00bb\u00bb max_width_phone=\u00bb95%\u00bb max_width_last_edited=\u00bbon|phone\u00bb custom_margin=\u00bb||20px|\u00bb border_color_all=\u00bb#95b035&#8243; global_colors_info=\u00bb{}\u00bb]<br \/>\n[\/et_pb_image][et_pb_text disabled_on=\u00bbon|off|off\u00bb admin_label=\u00bbCompany Title\u00bb _builder_version=\u00bb4.19.5&#8243; header_text_color=\u00bb#000000&#8243; header_font_size=\u00bb48px\u00bb background_size=\u00bbinitial\u00bb background_position=\u00bbtop_left\u00bb background_repeat=\u00bbrepeat\u00bb text_orientation=\u00bbcenter\u00bb module_alignment=\u00bbcenter\u00bb header_font_size_tablet=\u00bb40px\u00bb header_font_size_phone=\u00bb30px\u00bb header_font_size_last_edited=\u00bbon|tablet\u00bb use_border_color=\u00bboff\u00bb global_colors_info=\u00bb{}\u00bb]<\/p>\n<h1 class=\"ally-lines\">Una marca en la que puedes confiar<\/h1>\n<p>[\/et_pb_text][\/et_pb_column][\/et_pb_row][\/et_pb_section][et_pb_section fb_built=\u00bb1&#8243; _builder_version=\u00bb4.16&#8243; custom_margin=\u00bb2px|||\u00bb custom_padding=\u00bb||20px|\u00bb border_radii=\u00bbon|5px|5px|5px|5px\u00bb border_width_all=\u00bb1px\u00bb border_color_all=\u00bbrgba(51,51,51,0.4)\u00bb global_colors_info=\u00bb{}\u00bb][et_pb_row column_structure=\u00bb1_3,2_3&#8243; _builder_version=\u00bb4.19.5&#8243; background_size=\u00bbinitial\u00bb background_position=\u00bbtop_left\u00bb background_repeat=\u00bbrepeat\u00bb max_width=\u00bb80%\u00bb custom_padding=\u00bb||11px|||\u00bb use_custom_width=\u00bbon\u00bb width_unit=\u00bboff\u00bb global_colors_info=\u00bb{}\u00bb][et_pb_column type=\u00bb1_3&#8243; _builder_version=\u00bb4.19.5&#8243; custom_padding=\u00bb|||\u00bb global_colors_info=\u00bb{}\u00bb custom_padding__hover=\u00bb|||\u00bb][et_pb_image src=\u00bbhttps:\/\/www.cadmedinc.com\/wp-content\/uploads\/2023\/02\/biomed-support-about-us.jpg\u00bb title_text=\u00bbbiomed-support-about-us\u00bb show_bottom_space=\u00bboff\u00bb align=\u00bbcenter\u00bb align_tablet=\u00bbcenter\u00bb align_phone=\u00bb\u00bb align_last_edited=\u00bbon|desktop\u00bb admin_label=\u00bbheadquarters\u00bb _builder_version=\u00bb4.19.5&#8243; height=\u00bb1000px\u00bb max_height=\u00bb502px\u00bb custom_margin=\u00bb2px|||\u00bb custom_padding=\u00bb|0px|20px|||\u00bb border_radii=\u00bbon|5px|5px|5px|5px\u00bb border_width_all=\u00bb1px\u00bb border_color_all=\u00bbrgba(51,51,51,0.4)\u00bb global_colors_info=\u00bb{}\u00bb]<br \/>\n[\/et_pb_image][\/et_pb_column][et_pb_column type=\u00bb2_3&#8243; _builder_version=\u00bb4.16&#8243; custom_padding=\u00bb|||\u00bb global_colors_info=\u00bb{}\u00bb custom_padding__hover=\u00bb|||\u00bb][et_pb_text admin_label=\u00bbText Company Profile\u00bb _builder_version=\u00bb4.19.5&#8243; header_font=\u00bb||||||||\u00bb header_3_font=\u00bb||||||||\u00bb header_3_text_color=\u00bb#2000a3&#8243; header_3_font_size=\u00bb30px\u00bb background_size=\u00bbinitial\u00bb background_position=\u00bbtop_left\u00bb background_repeat=\u00bbrepeat\u00bb animation_style=\u00bbslide\u00bb animation_direction=\u00bbright\u00bb text_font_size_tablet=\u00bb\u00bb text_font_size_phone=\u00bb15px\u00bb text_font_size_last_edited=\u00bbon|phone\u00bb text_line_height_tablet=\u00bb\u00bb text_line_height_phone=\u00bb1.5em\u00bb text_line_height_last_edited=\u00bbon|phone\u00bb header_font_size_tablet=\u00bb\u00bb header_font_size_phone=\u00bb\u00bb header_font_size_last_edited=\u00bbon|phone\u00bb header_3_font_size_tablet=\u00bb\u00bb header_3_font_size_phone=\u00bb25px\u00bb header_3_font_size_last_edited=\u00bbon|phone\u00bb global_colors_info=\u00bb{}\u00bb]<\/p>\n<h3>Trayectoria de Biomed<\/h3>\n<p>Biomed Devices existe desde hace 40 a\u00f1os. Tenemos una larga historia de proporcionar un gran servicio al cliente y asegurarnos de que nuestros clientes y pacientes son atendidos. Somos una marca de confianza en el sector de los dispositivos m\u00e9dicos y nos esforzamos por ofrecer los mejores productos y servicios posibles a nuestros clientes.<\/p>\n<p>Tecnolog\u00eda<br \/>Biomed Devices se compromete a proporcionar los mejores dispositivos m\u00e9dicos posibles. Ofrecemos una amplia gama de productos, desde ventiladores hasta accesorios y mezcladores, dise\u00f1ados para satisfacer las necesidades de nuestros clientes. Nuestros productos est\u00e1n respaldados por tecnolog\u00eda de vanguardia y un equipo de profesionales experimentados que se dedican a proporcionar el m\u00e1s alto nivel de calidad y servicio posible.<\/p>\n<p>[\/et_pb_text][\/et_pb_column][\/et_pb_row][et_pb_row column_structure=\u00bb1_2,1_2&#8243; module_class=\u00bbcustom_row\u00bb _builder_version=\u00bb4.16&#8243; background_size=\u00bbinitial\u00bb background_position=\u00bbtop_left\u00bb background_repeat=\u00bbrepeat\u00bb max_width=\u00bb80%\u00bb custom_padding=\u00bb29px|0px|0px|0px|false|false\u00bb use_custom_width=\u00bbon\u00bb width_unit=\u00bboff\u00bb global_colors_info=\u00bb{}\u00bb][et_pb_column type=\u00bb1_2&#8243; module_class=\u00bbsecond-on-mobile\u00bb _builder_version=\u00bb4.16&#8243; custom_padding=\u00bb|||\u00bb global_colors_info=\u00bb{}\u00bb custom_padding__hover=\u00bb|||\u00bb][et_pb_text admin_label=\u00bbAlaris GP Plus Volumetric Pump with Guardrails\u00bb _builder_version=\u00bb4.19.5&#8243; header_font=\u00bb||||||||\u00bb header_3_font=\u00bb||||||||\u00bb header_3_text_color=\u00bb#2000a3&#8243; header_3_font_size=\u00bb30px\u00bb min_height=\u00bb191.2px\u00bb custom_margin=\u00bb||22px|||\u00bb animation_style=\u00bbslide\u00bb animation_direction=\u00bbright\u00bb text_font_size_tablet=\u00bb\u00bb text_font_size_phone=\u00bb15px\u00bb text_font_size_last_edited=\u00bbon|phone\u00bb text_line_height_tablet=\u00bb\u00bb text_line_height_phone=\u00bb1.5em\u00bb text_line_height_last_edited=\u00bbon|phone\u00bb header_font_size_tablet=\u00bb\u00bb header_font_size_phone=\u00bb\u00bb header_font_size_last_edited=\u00bbon|phone\u00bb header_3_font_size_tablet=\u00bb\u00bb header_3_font_size_phone=\u00bb25px\u00bb header_3_font_size_last_edited=\u00bbon|phone\u00bb global_colors_info=\u00bb{}\u00bb]<\/p>\n<h3 class=\"left-text\" style=\"text-align: left;\">TV-100<\/h3>\n<div class=\"left-text\">\n<ul>\n<li>El TV-100 dispone de un compresor interno que proporciona suministro de aire sin necesidad de suministros externos de gas a presi\u00f3n. El ox\u00edgeno tambi\u00e9n puede ser suministrado desde una fuente de gas de 50 psi y se suministra a trav\u00e9s de un mezclador interno en concentraciones de Ox\u00edgeno de 21 &#8211; 100%.<\/li>\n<li>El TV-100 permite ventilar desde el m\u00e1s peque\u00f1o de los beb\u00e9s prematuros hasta el m\u00e1s grande de los pacientes adultos. Esta amplia gama de uso, as\u00ed como la inclusi\u00f3n de modos no invasivos, distingue al TV-100.<\/li>\n<li>El TV-100 dispone de dos bater\u00edas recargables que permiten un uso ininterrumpido en cualquier lugar. El TV-100 es capaz de funcionar hasta 8 horas seguidas con las bater\u00edas completamente cargadas.<\/li>\n<li>El televisor TV-100 ofrece al usuario un sencillo asistente de configuraci\u00f3n para ponerlo en marcha r\u00e1pidamente, cuando los segundos cuentan. El usuario tambi\u00e9n puede aprovechar al m\u00e1ximo las funciones avanzadas como los gr\u00e1ficos de forma de onda y los gr\u00e1ficos de bucle para proporcionar una atenci\u00f3n completa al paciente.<\/li>\n<li>El TV-100 dispone de una turbina interna que proporciona suministro de aire sin necesidad de suministros externos de gas a presi\u00f3n. El ox\u00edgeno tambi\u00e9n puede suministrarse desde una fuente de gas de 50 psi y se suministra a trav\u00e9s de un mezclador interno en concentraciones de O2 del 21 al 100%.<\/li>\n<\/ul>\n<\/div>\n<p>[\/et_pb_text][\/et_pb_column][et_pb_column type=\u00bb1_2&#8243; module_class=\u00bbfirst-on-mobile\u00bb _builder_version=\u00bb4.16&#8243; custom_padding=\u00bb|||\u00bb global_colors_info=\u00bb{}\u00bb custom_padding__hover=\u00bb|||\u00bb][et_pb_image src=\u00bbhttps:\/\/www.cadmedinc.com\/wp-content\/uploads\/2023\/02\/TV100-3.jpg\u00bb title_text=\u00bbTV100-3&#8243; show_bottom_space=\u00bboff\u00bb align=\u00bbcenter\u00bb align_tablet=\u00bbcenter\u00bb align_phone=\u00bb\u00bb align_last_edited=\u00bbon|desktop\u00bb admin_label=\u00bbnidek max 30&#8243; _builder_version=\u00bb4.19.5&#8243; custom_margin=\u00bb2px|||\u00bb custom_padding=\u00bb||20px|\u00bb border_radii=\u00bbon|5px|5px|5px|5px\u00bb border_width_all=\u00bb1px\u00bb border_color_all=\u00bbrgba(51,51,51,0.4)\u00bb global_colors_info=\u00bb{}\u00bb]<br \/>\n[\/et_pb_image][\/et_pb_column][\/et_pb_row][et_pb_row column_structure=\u00bb1_2,1_2&#8243; _builder_version=\u00bb4.16&#8243; background_size=\u00bbinitial\u00bb background_position=\u00bbtop_left\u00bb background_repeat=\u00bbrepeat\u00bb max_width=\u00bb80%\u00bb use_custom_width=\u00bbon\u00bb width_unit=\u00bboff\u00bb global_colors_info=\u00bb{}\u00bb][et_pb_column type=\u00bb1_2&#8243; _builder_version=\u00bb4.16&#8243; custom_padding=\u00bb|||\u00bb global_colors_info=\u00bb{}\u00bb custom_padding__hover=\u00bb|||\u00bb][et_pb_text admin_label=\u00bbTEXT Alaris CC Syringe Pumps\u00bb _builder_version=\u00bb4.19.5&#8243; header_font=\u00bb||||||||\u00bb header_3_font=\u00bb||||||||\u00bb header_3_text_color=\u00bb#2000a3&#8243; header_3_font_size=\u00bb30px\u00bb animation_style=\u00bbslide\u00bb animation_direction=\u00bbright\u00bb text_font_size_tablet=\u00bb\u00bb text_font_size_phone=\u00bb15px\u00bb text_font_size_last_edited=\u00bbon|phone\u00bb text_line_height_tablet=\u00bb\u00bb text_line_height_phone=\u00bb1.5em\u00bb text_line_height_last_edited=\u00bbon|phone\u00bb header_font_size_tablet=\u00bb\u00bb header_font_size_phone=\u00bb\u00bb header_font_size_last_edited=\u00bbon|phone\u00bb header_3_font_size_tablet=\u00bb\u00bb header_3_font_size_phone=\u00bb25px\u00bb header_3_font_size_last_edited=\u00bbon|phone\u00bb global_colors_info=\u00bb{}\u00bb]<\/p>\n<h4><strong>Informaci\u00f3n adicional<\/strong><\/h4>\n<p><strong>TV-100 &#8211; Beb\u00e9-Adulto<\/strong><br \/>El TV-100 cuenta con un compresor interno que proporciona suministro de aire sin necesidad de suministros externos de gas a presi\u00f3n. El ox\u00edgeno tambi\u00e9n puede suministrarse desde una fuente de gas de 50 psi y se suministra a trav\u00e9s de un mezclador interno en concentraciones de O2 del 21 al 100%.<\/p>\n<p><strong>Modos disponibles<\/strong><\/p>\n<ul>\n<li>Control de asistencia: presi\u00f3n<\/li>\n<li>Control de asistencia-Volumen<\/li>\n<li>CPAP &#8211; Presi\u00f3n de reserva<\/li>\n<li>CPAP-Volumen de reserva<\/li>\n<li>VNI binivel<\/li>\n<li>SIMV-Presi\u00f3n<\/li>\n<li>SIMV-Volumen<\/li>\n<li>HFNC (c\u00e1nula nasal de alto flujo)<\/li>\n<li>nCPAP (s\u00f3lo modo neonatal)<\/li>\n<\/ul>\n<p>[\/et_pb_text][\/et_pb_column][et_pb_column type=\u00bb1_2&#8243; _builder_version=\u00bb4.16&#8243; custom_padding=\u00bb|||\u00bb global_colors_info=\u00bb{}\u00bb custom_padding__hover=\u00bb|||\u00bb][et_pb_text admin_label=\u00bbTEXT Alaris CC Syringe Pumps\u00bb _builder_version=\u00bb4.19.5&#8243; header_font=\u00bb||||||||\u00bb header_3_font=\u00bb||||||||\u00bb header_3_text_color=\u00bb#2000a3&#8243; header_3_font_size=\u00bb30px\u00bb animation_style=\u00bbslide\u00bb animation_direction=\u00bbright\u00bb text_font_size_tablet=\u00bb\u00bb text_font_size_phone=\u00bb15px\u00bb text_font_size_last_edited=\u00bbon|phone\u00bb text_line_height_tablet=\u00bb\u00bb text_line_height_phone=\u00bb1.5em\u00bb text_line_height_last_edited=\u00bbon|phone\u00bb header_font_size_tablet=\u00bb\u00bb header_font_size_phone=\u00bb\u00bb header_font_size_last_edited=\u00bbon|phone\u00bb header_3_font_size_tablet=\u00bb\u00bb header_3_font_size_phone=\u00bb25px\u00bb header_3_font_size_last_edited=\u00bbon|phone\u00bb global_colors_info=\u00bb{}\u00bb]<\/p>\n<h3 class=\"left-text\">TV-100<\/h3>\n<p>Port\u00e1til &#8211; 12.8\u00ab altura\/11.9\u00bb Anchura\/7.6\u00bb Profundidad<\/p>\n<p>Ligero &#8211; 15.6 lbs.<\/p>\n<p>Vers\u00e1til &#8211; Neonatal a Adulto\/UCI a Transporte<\/p>\n<p>Duraci\u00f3n de la bater\u00eda &#8211; 8 horas<\/p>\n<p>[\/et_pb_text][et_pb_toggle title=\u00bbV\u00eddeos did\u00e1cticos del TV-100 \u00bb open_toggle_text_color=\u00bb#000000&#8243; open_toggle_background_color=\u00bb#f0f0f0&#8243; closed_toggle_text_color=\u00bb#000000&#8243; closed_toggle_background_color=\u00bb#f0f0f0&#8243; icon_color=\u00bb#000000&#8243; open_icon_color=\u00bb#000000&#8243; admin_label=\u00bbBD Video Gallery\u00bb module_class=\u00bbally-toggle\u00bb _builder_version=\u00bb4.19.5&#8243; title_font=\u00bbSource Sans Pro|on||on|\u00bb title_font_size=\u00bb18&#8243; custom_margin=\u00bb100px||||false|false\u00bb use_border_color=\u00bboff\u00bb border_color=\u00bb#ffffff\u00bb border_style=\u00bbsolid\u00bb saved_tabs=\u00bball\u00bb global_colors_info=\u00bb{}\u00bb]<\/p>\n<p><a href=\"https:\/\/youtu.be\/x34vxidK4T8\" target=\"_blank\" rel=\"noopener\">Visi\u00f3n general (ingl\u00e9s)<\/a><\/p>\n<p><a href=\"https:\/\/youtu.be\/VnlpYAylBG8\" target=\"_blank\" rel=\"noopener\">Modos neonatales (ingl\u00e9s)<\/a><\/p>\n<p><a href=\"https:\/\/youtu.be\/6Xwnzo5p9FM\" target=\"_blank\" rel=\"noopener\">Modo PRVC (ingl\u00e9s)<\/a><\/p>\n<p><a href=\"https:\/\/youtu.be\/ihaSKyZBQQg\" target=\"_blank\" rel=\"noopener\">No Invasivo (ingl\u00e9s)<\/a><\/p>\n<p><a href=\"https:\/\/youtu.be\/mnPGXji3x5E\" target=\"_blank\" rel=\"noopener\">Secci\u00f3n de herramientas (ingl\u00e9s)<\/a><\/p>\n<p><a href=\"https:\/\/youtu.be\/2djVtcIzfTQ\" target=\"_blank\" rel=\"noopener\">Prueba de ca\u00edda (ingl\u00e9s)<\/a><\/p>\n<p>[\/et_pb_toggle][\/et_pb_column][\/et_pb_row][et_pb_row column_structure=\u00bb1_2,1_2&#8243; module_class=\u00bbcustom_row\u00bb _builder_version=\u00bb4.16&#8243; background_size=\u00bbinitial\u00bb background_position=\u00bbtop_left\u00bb background_repeat=\u00bbrepeat\u00bb max_width=\u00bb80%\u00bb use_custom_width=\u00bbon\u00bb width_unit=\u00bboff\u00bb global_colors_info=\u00bb{}\u00bb][et_pb_column type=\u00bb1_2&#8243; module_class=\u00bbsecond-on-mobile\u00bb _builder_version=\u00bb4.16&#8243; custom_padding=\u00bb|||\u00bb global_colors_info=\u00bb{}\u00bb custom_padding__hover=\u00bb|||\u00bb][et_pb_text admin_label=\u00bbTEXT Safe-T-Centesis\u00bb _builder_version=\u00bb4.19.5&#8243; header_font=\u00bb||||||||\u00bb header_3_font=\u00bb||||||||\u00bb header_3_text_color=\u00bb#2000a3&#8243; header_3_font_size=\u00bb30px\u00bb custom_margin=\u00bb||18px|||\u00bb animation_style=\u00bbslide\u00bb animation_direction=\u00bbright\u00bb text_font_size_tablet=\u00bb\u00bb text_font_size_phone=\u00bb15px\u00bb text_font_size_last_edited=\u00bbon|phone\u00bb text_line_height_tablet=\u00bb\u00bb text_line_height_phone=\u00bb1.5em\u00bb text_line_height_last_edited=\u00bbon|phone\u00bb header_font_size_tablet=\u00bb\u00bb header_font_size_phone=\u00bb\u00bb header_font_size_last_edited=\u00bbon|phone\u00bb header_3_font_size_tablet=\u00bb\u00bb header_3_font_size_phone=\u00bb25px\u00bb header_3_font_size_last_edited=\u00bbon|phone\u00bb global_colors_info=\u00bb{}\u00bb]<\/p>\n<h3 class=\"left-text\">M\u00faltiples Modelos Crossvent<\/h3>\n<p><strong>Port\u00e1til<\/strong> &#8211; 10\u00ab altura\/ 11\u00bb Anchura\/ 4.4\u00bb Profundidad<\/p>\n<p><strong>Liviano<\/strong> &#8211; 10.5 Lbs o 13.5 lbs. con Mezclador montado<\/p>\n<p>2+ Infantil &#8211; Pedi\u00e1trico<br \/>3+ Ventilador Pedi\u00e1trico &#8211; Adulto<br \/>Ventilador 4+ Infante &#8211; Adulto<\/p>\n<p>[\/et_pb_text][et_pb_text admin_label=\u00bbTEXT Safe-T-Centesis\u00bb _builder_version=\u00bb4.19.5&#8243; header_font=\u00bb||||||||\u00bb header_3_font=\u00bb||||||||\u00bb header_3_text_color=\u00bb#2000a3&#8243; header_3_font_size=\u00bb30px\u00bb animation_style=\u00bbslide\u00bb animation_direction=\u00bbright\u00bb text_font_size_tablet=\u00bb\u00bb text_font_size_phone=\u00bb15px\u00bb text_font_size_last_edited=\u00bbon|phone\u00bb text_line_height_tablet=\u00bb\u00bb text_line_height_phone=\u00bb1.5em\u00bb text_line_height_last_edited=\u00bbon|phone\u00bb header_font_size_tablet=\u00bb\u00bb header_font_size_phone=\u00bb\u00bb header_font_size_last_edited=\u00bbon|phone\u00bb header_3_font_size_tablet=\u00bb\u00bb header_3_font_size_phone=\u00bb25px\u00bb header_3_font_size_last_edited=\u00bbon|phone\u00bb global_colors_info=\u00bb{}\u00bb]<\/p>\n<h3 class=\"left-text\">Caracter\u00edsticas del CV2i<\/h3>\n<p>Ventilaci\u00f3n activada por el paciente mediante un sensor de flujo proximal lo suficientemente sensible como para permitir que los pacientes m\u00e1s peque\u00f1os activen la ventilaci\u00f3n.<\/p>\n<p>El sensor de flujo (neumotaco) tambi\u00e9n mide con precisi\u00f3n el volumen corriente exhalado del paciente hasta 2,0 ml.<\/p>\n<p>La bater\u00eda recargable de hidruro met\u00e1lico de n\u00edquel incorporada proporciona al menos 3 horas de funcionamiento con una carga completa.<\/p>\n<p>Pantalla t\u00e1ctil que es visible en todas las condiciones de iluminaci\u00f3n, y un complemento completo de los par\u00e1metros de alarma.<\/p>\n<p>[\/et_pb_text][et_pb_toggle title=\u00bbV\u00eddeos de Crossvent+ 2i+ Jet\u00bb open_toggle_text_color=\u00bb#000000&#8243; open_toggle_background_color=\u00bb#f0f0f0&#8243; closed_toggle_text_color=\u00bb#000000&#8243; closed_toggle_background_color=\u00bb#f0f0f0&#8243; icon_color=\u00bb#000000&#8243; open_icon_color=\u00bb#000000&#8243; admin_label=\u00bbBD Video Gallery\u00bb module_class=\u00bbally-toggle\u00bb _builder_version=\u00bb4.19.5&#8243; title_font=\u00bbSource Sans Pro|on||on|\u00bb title_font_size=\u00bb18&#8243; custom_margin=\u00bb31px||||false|false\u00bb use_border_color=\u00bboff\u00bb border_color=\u00bb#ffffff\u00bb border_style=\u00bbsolid\u00bb saved_tabs=\u00bball\u00bb global_colors_info=\u00bb{}\u00bb]<\/p>\n<p><a href=\"https:\/\/youtu.be\/bnI0-1ZQgck\" target=\"_blank\" rel=\"noopener\">Introducci\u00f3n (Ingl\u00e9s)<\/a><\/p>\n<p><a href=\"https:\/\/youtu.be\/Af13LqqZYGI\" target=\"_blank\" rel=\"noopener\">Configuraci\u00f3n de la ventilaci\u00f3n (Ingl\u00e9s)<\/a><\/p>\n<p><a href=\"https:\/\/youtu.be\/FdQBo2HPZ8g\" target=\"_blank\" rel=\"noopener\">Conexi\u00f3n del circuito (Ingl\u00e9s)<\/a><\/p>\n<p>[\/et_pb_toggle][\/et_pb_column][et_pb_column type=\u00bb1_2&#8243; module_class=\u00bbfirst-on-mobile\u00bb _builder_version=\u00bb4.16&#8243; custom_padding=\u00bb|||\u00bb global_colors_info=\u00bb{}\u00bb custom_padding__hover=\u00bb|||\u00bb][et_pb_image src=\u00bbhttps:\/\/www.cadmedinc.com\/wp-content\/uploads\/2023\/02\/biomed-devices-crossvent.jpg\u00bb title_text=\u00bbbiomed-devices-crossvent\u00bb show_bottom_space=\u00bboff\u00bb align=\u00bbcenter\u00bb align_tablet=\u00bbcenter\u00bb align_phone=\u00bb\u00bb align_last_edited=\u00bbon|desktop\u00bb admin_label=\u00bbnuvo light\u00bb _builder_version=\u00bb4.19.5&#8243; custom_margin=\u00bb2px|||\u00bb custom_padding=\u00bb||20px|\u00bb border_radii=\u00bbon|5px|5px|5px|5px\u00bb border_width_all=\u00bb1px\u00bb border_color_all=\u00bbrgba(51,51,51,0.4)\u00bb global_colors_info=\u00bb{}\u00bb]<br \/>\n[\/et_pb_image][et_pb_toggle title=\u00bbV\u00eddeos did\u00e1cticos de Crossvent\u00bb open_toggle_text_color=\u00bb#000000&#8243; open_toggle_background_color=\u00bb#f0f0f0&#8243; closed_toggle_text_color=\u00bb#000000&#8243; closed_toggle_background_color=\u00bb#f0f0f0&#8243; icon_color=\u00bb#000000&#8243; open_icon_color=\u00bb#000000&#8243; admin_label=\u00bbBD Video Gallery\u00bb module_class=\u00bbally-toggle\u00bb _builder_version=\u00bb4.19.5&#8243; title_font=\u00bbSource Sans Pro|on||on|\u00bb title_font_size=\u00bb18&#8243; custom_margin=\u00bb50px||||false|false\u00bb use_border_color=\u00bboff\u00bb border_color=\u00bb#ffffff\u00bb border_style=\u00bbsolid\u00bb saved_tabs=\u00bball\u00bb global_colors_info=\u00bb{}\u00bb]<\/p>\n<p><a href=\"https:\/\/youtu.be\/fG4w5hLnpak\" target=\"_blank\" rel=\"noopener\">Visi\u00f3n general (Ingl\u00e9s)<\/a><\/p>\n<p><a href=\"https:\/\/youtu.be\/4Sd_0LZrm4g\" target=\"_blank\" rel=\"noopener\">Configuraci\u00f3n inicial (Ingl\u00e9s)<\/a><\/p>\n<p><a href=\"https:\/\/youtu.be\/kY65E_2-WbY\" target=\"_blank\" rel=\"noopener\">Activaci\u00f3n del flujo (Ingl\u00e9s)<\/a><\/p>\n<p><a href=\"https:\/\/youtu.be\/DtTkcI2H6CM\" target=\"_blank\" rel=\"noopener\">Pantallas (Ingl\u00e9s)<\/a><\/p>\n<p><a href=\"https:\/\/youtu.be\/983T4Ni3b6Q\" target=\"_blank\" rel=\"noopener\">Teclas (Ingl\u00e9s)<\/a><\/p>\n<p><a href=\"https:\/\/youtu.be\/_93pjPAtjwQ\" target=\"_blank\" rel=\"noopener\">Conexiones de circuitos (Ingl\u00e9s)<\/a><\/p>\n<p><a href=\"https:\/\/youtu.be\/vHH7gVurjh4\" target=\"_blank\" rel=\"noopener\">Modos (Ingl\u00e9s)<\/a><\/p>\n<p><a href=\"https:\/\/youtu.be\/zGvP-0jtO7M\" target=\"_blank\" rel=\"noopener\">Alarmas (Ingl\u00e9s)<\/a><\/p>\n<p><a href=\"https:\/\/youtu.be\/GU9M4VNQCOI\" target=\"_blank\" rel=\"noopener\">Volumen Ventilaci\u00f3n (Ingl\u00e9s)<\/a><\/p>\n<p>[\/et_pb_toggle][\/et_pb_column][\/et_pb_row][\/et_pb_section]<\/p>\n","protected":false},"excerpt":{"rendered":"<p>Una marca en la que puedes confiar Trayectoria de Biomed Biomed Devices existe desde hace 40 a\u00f1os. Tenemos una larga historia de proporcionar un gran servicio al cliente y asegurarnos de que nuestros clientes y pacientes son atendidos. Somos una marca de confianza en el sector de los dispositivos m\u00e9dicos y nos esforzamos por ofrecer [&hellip;]<\/p>\n","protected":false},"author":3,"featured_media":0,"parent":0,"menu_order":0,"comment_status":"closed","ping_status":"closed","template":"","meta":{"_et_pb_use_builder":"on","_et_pb_old_content":"","_et_gb_content_width":"","footnotes":""},"class_list":["post-3976","page","type-page","status-publish","hentry"],"_links":{"self":[{"href":"https:\/\/www.cadmedinc.com\/es\/wp-json\/wp\/v2\/pages\/3976"}],"collection":[{"href":"https:\/\/www.cadmedinc.com\/es\/wp-json\/wp\/v2\/pages"}],"about":[{"href":"https:\/\/www.cadmedinc.com\/es\/wp-json\/wp\/v2\/types\/page"}],"author":[{"embeddable":true,"href":"https:\/\/www.cadmedinc.com\/es\/wp-json\/wp\/v2\/users\/3"}],"replies":[{"embeddable":true,"href":"https:\/\/www.cadmedinc.com\/es\/wp-json\/wp\/v2\/comments?post=3976"}],"version-history":[{"count":2,"href":"https:\/\/www.cadmedinc.com\/es\/wp-json\/wp\/v2\/pages\/3976\/revisions"}],"predecessor-version":[{"id":3978,"href":"https:\/\/www.cadmedinc.com\/es\/wp-json\/wp\/v2\/pages\/3976\/revisions\/3978"}],"wp:attachment":[{"href":"https:\/\/www.cadmedinc.com\/es\/wp-json\/wp\/v2\/media?parent=3976"}],"curies":[{"name":"wp","href":"https:\/\/api.w.org\/{rel}","templated":true}]}}