{"id":4225,"date":"2026-05-08T01:03:23","date_gmt":"2026-05-08T01:03:23","guid":{"rendered":"https:\/\/www.cadmedinc.com\/?page_id=4225"},"modified":"2026-05-08T01:06:10","modified_gmt":"2026-05-08T01:06:10","slug":"fp-airvo-3-con-optiflow","status":"publish","type":"page","link":"https:\/\/www.cadmedinc.com\/es\/fp-airvo-3-con-optiflow\/","title":{"rendered":"F&#038;P Airvo\u2122 3 con Optiflow\u2122"},"content":{"rendered":"<p>[et_pb_section fb_built=\u00bb1&#8243; custom_padding_last_edited=\u00bbon|phone\u00bb disabled_on=\u00bbon||\u00bb module_class=\u00bbally-gradient-overlay\u00bb _builder_version=\u00bb4.27.0&#8243; background_color=\u00bb#ffffff\u00bb use_background_color_gradient=\u00bbon\u00bb background_image=\u00bbhttps:\/\/www.cadmedinc.com\/wp-content\/uploads\/2025\/07\/optiflow-duo-header.jpg\u00bb background_position=\u00bbbottom_left\u00bb custom_padding_tablet=\u00bb50px|0|50px|0&#8243; custom_padding_phone=\u00bb\u00bb custom_css_main_element=\u00bbheight: 22vw;\u00bb global_colors_info=\u00bb{}\u00bb][et_pb_row column_structure=\u00bb1_3,2_3&#8243; module_class=\u00bb et_pb_row_fullwidth\u00bb _builder_version=\u00bb4.16&#8243; background_size=\u00bbinitial\u00bb background_position=\u00bbtop_left\u00bb background_repeat=\u00bbrepeat\u00bb width=\u00bb89%\u00bb width_tablet=\u00bb80%\u00bb width_phone=\u00bb\u00bb width_last_edited=\u00bbon|desktop\u00bb max_width=\u00bb89%\u00bb max_width_tablet=\u00bb80%\u00bb max_width_phone=\u00bb\u00bb max_width_last_edited=\u00bbon|desktop\u00bb make_fullwidth=\u00bbon\u00bb locked=\u00bboff\u00bb global_colors_info=\u00bb{}\u00bb][et_pb_column type=\u00bb1_3&#8243; _builder_version=\u00bb4.16&#8243; custom_padding=\u00bb|||\u00bb global_colors_info=\u00bb{}\u00bb custom_padding__hover=\u00bb|||\u00bb][et_pb_image src=\u00bbhttps:\/\/www.cadmedinc.com\/wp-content\/uploads\/2025\/07\/Airvo3-optiflow-logo.png\u00bb title_text=\u00bbAirvo3-optiflow-logo\u00bb show_bottom_space=\u00bboff\u00bb align_tablet=\u00bbcenter\u00bb align_phone=\u00bb\u00bb align_last_edited=\u00bbon|desktop\u00bb admin_label=\u00bbAirvo 3 Logo\u00bb _builder_version=\u00bb4.27.0&#8243; max_width=\u00bb80%\u00bb max_width_tablet=\u00bb\u00bb max_width_phone=\u00bb95%\u00bb max_width_last_edited=\u00bbon|phone\u00bb custom_margin=\u00bb||20px|\u00bb border_color_all=\u00bb#95b035&#8243; global_colors_info=\u00bb{}\u00bb]<br \/>\n[\/et_pb_image][\/et_pb_column][et_pb_column type=\u00bb2_3&#8243; _builder_version=\u00bb4.16&#8243; custom_padding=\u00bb|||\u00bb global_colors_info=\u00bb{}\u00bb custom_padding__hover=\u00bb|||\u00bb][\/et_pb_column][\/et_pb_row][\/et_pb_section][et_pb_section fb_built=\u00bb1&#8243; _builder_version=\u00bb4.16&#8243; background_color=\u00bb#d6d9e5&#8243; custom_padding=\u00bb50px|0px|2px|0px|false|false\u00bb global_colors_info=\u00bb{}\u00bb][et_pb_row custom_padding_last_edited=\u00bbon|desktop\u00bb module_class=\u00bb et_pb_row_fullwidth\u00bb _builder_version=\u00bb4.16&#8243; width=\u00bb89%\u00bb width_tablet=\u00bb80%\u00bb width_phone=\u00bb\u00bb width_last_edited=\u00bbon|desktop\u00bb max_width=\u00bb89%\u00bb max_width_tablet=\u00bb80%\u00bb max_width_phone=\u00bb\u00bb max_width_last_edited=\u00bbon|desktop\u00bb module_alignment=\u00bbcenter\u00bb custom_padding=\u00bb30px|0px|64px|0px|false|false\u00bb custom_padding_tablet=\u00bb0px|0px|30px|0px\u00bb custom_padding_phone=\u00bb\u00bb make_fullwidth=\u00bbon\u00bb global_colors_info=\u00bb{}\u00bb][et_pb_column type=\u00bb4_4&#8243; _builder_version=\u00bb4.16&#8243; custom_padding=\u00bb|||\u00bb global_colors_info=\u00bb{}\u00bb custom_padding__hover=\u00bb|||\u00bb][et_pb_image src=\u00bbhttps:\/\/www.cadmedinc.com\/wp-content\/uploads\/2025\/07\/Airvo3-logo.png\u00bb title_text=\u00bbAirvo3-logo\u00bb show_bottom_space=\u00bboff\u00bb align_tablet=\u00bbcenter\u00bb align_phone=\u00bb\u00bb align_last_edited=\u00bbon|desktop\u00bb disabled_on=\u00bb|on|on\u00bb admin_label=\u00bbAirvo3 logo for mobile\u00bb _builder_version=\u00bb4.27.0&#8243; max_width=\u00bb80%\u00bb max_width_tablet=\u00bb\u00bb max_width_phone=\u00bb95%\u00bb max_width_last_edited=\u00bbon|phone\u00bb custom_margin=\u00bb||20px|\u00bb border_color_all=\u00bb#95b035&#8243; global_colors_info=\u00bb{}\u00bb]<\/p>\n<p>[\/et_pb_image][et_pb_text admin_label=\u00bbCompany Title\u00bb _builder_version=\u00bb4.27.4&#8243; header_font=\u00bbABeeZee|700|||||||\u00bb header_text_align=\u00bbcenter\u00bb header_text_color=\u00bb#000000&#8243; header_font_size=\u00bb48px\u00bb header_3_text_color=\u00bb#1547c4&#8243; header_3_font_size=\u00bb30px\u00bb background_size=\u00bbinitial\u00bb background_position=\u00bbtop_left\u00bb background_repeat=\u00bbrepeat\u00bb animation_style=\u00bbslide\u00bb animation_direction=\u00bbright\u00bb text_font_size_tablet=\u00bb\u00bb text_font_size_phone=\u00bb15px\u00bb text_font_size_last_edited=\u00bbon|phone\u00bb text_line_height_tablet=\u00bb\u00bb text_line_height_phone=\u00bb1.5em\u00bb text_line_height_last_edited=\u00bbon|phone\u00bb header_font_size_tablet=\u00bb35px\u00bb header_font_size_phone=\u00bb30px\u00bb header_font_size_last_edited=\u00bbon|phone\u00bb header_3_font_size_tablet=\u00bb\u00bb header_3_font_size_phone=\u00bb25px\u00bb header_3_font_size_last_edited=\u00bbon|phone\u00bb use_border_color=\u00bboff\u00bb global_colors_info=\u00bb{}\u00bb]<\/p>\n<h2 class=\"no-line\" style=\"text-align: center;\"><b>F&amp;P Airvo\u2122 3 <\/b>Sistema de alto flujo Optiflow\u2122<\/h2>\n<h3 class=\"no-line\" style=\"text-align: center;\">Humidificador de \u00faltima generaci\u00f3n con generador de flujo integrado<\/h3>\n<p>[\/et_pb_text][\/et_pb_column][\/et_pb_row][\/et_pb_section][et_pb_section fb_built=\u00bb1&#8243; _builder_version=\u00bb4.16&#8243; custom_padding=\u00bb11px|0px|60px|0px|false|false\u00bb custom_width_px__hover=\u00bb1080px\u00bb custom_width_px__hover_enabled=\u00bb1080px\u00bb custom_width_percent__hover=\u00bb80%\u00bb custom_width_percent__hover_enabled=\u00bb80%\u00bb global_colors_info=\u00bb{}\u00bb gutter_width__hover=\u00bb3&#8243; gutter_width__hover_enabled=\u00bb3&#8243; parallax_1__hover=\u00bboff\u00bb parallax_1__hover_enabled=\u00bboff\u00bb parallax_2__hover=\u00bboff\u00bb parallax_2__hover_enabled=\u00bboff\u00bb parallax_3__hover=\u00bboff\u00bb parallax_3__hover_enabled=\u00bboff\u00bb parallax_method_1__hover=\u00bbon\u00bb parallax_method_1__hover_enabled=\u00bbon\u00bb parallax_method_2__hover=\u00bbon\u00bb parallax_method_2__hover_enabled=\u00bbon\u00bb parallax_method_3__hover=\u00bbon\u00bb parallax_method_3__hover_enabled=\u00bbon\u00bb background_size__hover=\u00bbcover\u00bb background_size__hover_enabled=\u00bbcover\u00bb background_position__hover=\u00bbcenter\u00bb background_position__hover_enabled=\u00bbcenter\u00bb background_repeat__hover=\u00bbno-repeat\u00bb background_repeat__hover_enabled=\u00bbno-repeat\u00bb use_background_color_gradient__hover=\u00bboff\u00bb use_background_color_gradient__hover_enabled=\u00bboff\u00bb background_color_gradient_start__hover=\u00bb#2b87da\u00bb background_color_gradient_start__hover_enabled=\u00bb#2b87da\u00bb background_color_gradient_end__hover=\u00bb#29c4a9&#8243; background_color_gradient_end__hover_enabled=\u00bb#29c4a9&#8243; background_color_gradient_type__hover=\u00bblinear\u00bb background_color_gradient_type__hover_enabled=\u00bblinear\u00bb background_color_gradient_direction__hover=\u00bb180deg\u00bb background_color_gradient_direction__hover_enabled=\u00bb180deg\u00bb background_color_gradient_direction_radial__hover=\u00bbcenter\u00bb background_color_gradient_direction_radial__hover_enabled=\u00bbcenter\u00bb background_color_gradient_start_position__hover=\u00bb0%\u00bb background_color_gradient_start_position__hover_enabled=\u00bb0%\u00bb background_color_gradient_end_position__hover=\u00bb100%\u00bb background_color_gradient_end_position__hover_enabled=\u00bb100%\u00bb background_color_gradient_overlays_image__hover=\u00bboff\u00bb background_color_gradient_overlays_image__hover_enabled=\u00bboff\u00bb parallax__hover=\u00bboff\u00bb parallax__hover_enabled=\u00bboff\u00bb parallax_method__hover=\u00bbon\u00bb parallax_method__hover_enabled=\u00bbon\u00bb background_blend__hover=\u00bbnormal\u00bb background_blend__hover_enabled=\u00bbnormal\u00bb allow_player_pause__hover=\u00bboff\u00bb allow_player_pause__hover_enabled=\u00bboff\u00bb background_video_pause_outside_viewport__hover=\u00bbon\u00bb background_video_pause_outside_viewport__hover_enabled=\u00bbon\u00bb inner_shadow__hover=\u00bboff\u00bb inner_shadow__hover_enabled=\u00bboff\u00bb make_fullwidth__hover=\u00bboff\u00bb make_fullwidth__hover_enabled=\u00bboff\u00bb use_custom_width__hover=\u00bboff\u00bb use_custom_width__hover_enabled=\u00bboff\u00bb width_unit__hover=\u00bbon\u00bb width_unit__hover_enabled=\u00bbon\u00bb make_equal__hover=\u00bboff\u00bb make_equal__hover_enabled=\u00bboff\u00bb use_custom_gutter__hover=\u00bboff\u00bb use_custom_gutter__hover_enabled=\u00bboff\u00bb border_radii__hover=\u00bbon||||\u00bb border_radii__hover_enabled=\u00bbon||||\u00bb box_shadow_style__hover=\u00bbnone\u00bb box_shadow_style__hover_enabled=\u00bbnone\u00bb box_shadow_color__hover=\u00bbrgba(0,0,0,0.3)\u00bb box_shadow_color__hover_enabled=\u00bbrgba(0,0,0,0.3)\u00bb max_width__hover=\u00bb100%\u00bb max_width__hover_enabled=\u00bb100%\u00bb filter_hue_rotate__hover=\u00bb0deg\u00bb filter_hue_rotate__hover_enabled=\u00bb0deg\u00bb filter_saturate__hover=\u00bb100%\u00bb filter_saturate__hover_enabled=\u00bb100%\u00bb filter_brightness__hover=\u00bb100%\u00bb filter_brightness__hover_enabled=\u00bb100%\u00bb filter_contrast__hover=\u00bb100%\u00bb filter_contrast__hover_enabled=\u00bb100%\u00bb filter_invert__hover=\u00bb0%\u00bb filter_invert__hover_enabled=\u00bb0%\u00bb filter_sepia__hover=\u00bb0%\u00bb filter_sepia__hover_enabled=\u00bb0%\u00bb filter_opacity__hover=\u00bb100%\u00bb filter_opacity__hover_enabled=\u00bb100%\u00bb filter_blur__hover=\u00bb0px\u00bb filter_blur__hover_enabled=\u00bb0px\u00bb mix_blend_mode__hover=\u00bbnormal\u00bb mix_blend_mode__hover_enabled=\u00bbnormal\u00bb animation_style__hover=\u00bbnone\u00bb animation_style__hover_enabled=\u00bbnone\u00bb animation_repeat__hover=\u00bbonce\u00bb animation_repeat__hover_enabled=\u00bbonce\u00bb animation_direction__hover=\u00bbcenter\u00bb animation_direction__hover_enabled=\u00bbcenter\u00bb animation_duration__hover=\u00bb1000ms\u00bb animation_duration__hover_enabled=\u00bb1000ms\u00bb animation_delay__hover=\u00bb0ms\u00bb animation_delay__hover_enabled=\u00bb0ms\u00bb animation_intensity_slide__hover=\u00bb50%\u00bb animation_intensity_slide__hover_enabled=\u00bb50%\u00bb animation_intensity_zoom__hover=\u00bb50%\u00bb animation_intensity_zoom__hover_enabled=\u00bb50%\u00bb animation_intensity_flip__hover=\u00bb50%\u00bb animation_intensity_flip__hover_enabled=\u00bb50%\u00bb animation_intensity_fold__hover=\u00bb50%\u00bb animation_intensity_fold__hover_enabled=\u00bb50%\u00bb animation_intensity_roll__hover=\u00bb50%\u00bb animation_intensity_roll__hover_enabled=\u00bb50%\u00bb animation_starting_opacity__hover=\u00bb0%\u00bb animation_starting_opacity__hover_enabled=\u00bb0%\u00bb animation_speed_curve__hover=\u00bbease-in-out\u00bb animation_speed_curve__hover_enabled=\u00bbease-in-out\u00bb hover_transition_duration__hover=\u00bb300ms\u00bb hover_transition_duration__hover_enabled=\u00bb300ms\u00bb hover_transition_delay__hover=\u00bb0ms\u00bb hover_transition_delay__hover_enabled=\u00bb0ms\u00bb hover_transition_speed_curve__hover=\u00bbease\u00bb hover_transition_speed_curve__hover_enabled=\u00bbease\u00bb background_color_gradient_stops__hover=\u00bb#2b87da 0%|#29c4a9 100%\u00bb][et_pb_row column_structure=\u00bb1_2,1_2&#8243; module_class=\u00bbcustom_row\u00bb _builder_version=\u00bb4.16&#8243; background_size=\u00bbinitial\u00bb background_position=\u00bbtop_left\u00bb background_repeat=\u00bbrepeat\u00bb width=\u00bb85%\u00bb max_width=\u00bb1700px\u00bb custom_padding=\u00bb29px|0px|0px|0px|false|false\u00bb use_custom_width=\u00bbon\u00bb width_unit=\u00bboff\u00bb custom_width_percent=\u00bb75%\u00bb global_colors_info=\u00bb{}\u00bb][et_pb_column type=\u00bb1_2&#8243; module_class=\u00bbsecond-on-mobile\u00bb _builder_version=\u00bb4.16&#8243; custom_padding=\u00bb|||\u00bb global_colors_info=\u00bb{}\u00bb custom_padding__hover=\u00bb|||\u00bb][et_pb_text admin_label=\u00bbAirvo 3 specs &#8211; text 1&#8243; _builder_version=\u00bb4.27.4&#8243; text_font=\u00bb||||||||\u00bb header_font=\u00bb||||||||\u00bb header_text_color=\u00bb#1547c4&#8243; header_3_font=\u00bb||||||||\u00bb header_3_text_color=\u00bb#1547c4&#8243; header_3_font_size=\u00bb30px\u00bb background_size=\u00bbinitial\u00bb background_position=\u00bbtop_left\u00bb background_repeat=\u00bbrepeat\u00bb animation_style=\u00bbslide\u00bb animation_direction=\u00bbright\u00bb text_font_size_tablet=\u00bb18px\u00bb text_font_size_phone=\u00bb15px\u00bb text_font_size_last_edited=\u00bbon|phone\u00bb text_line_height_tablet=\u00bb\u00bb text_line_height_phone=\u00bb1.5em\u00bb text_line_height_last_edited=\u00bbon|phone\u00bb header_font_size_tablet=\u00bb\u00bb header_font_size_phone=\u00bb\u00bb header_font_size_last_edited=\u00bbon|phone\u00bb header_3_font_size_tablet=\u00bb\u00bb header_3_font_size_phone=\u00bb25px\u00bb header_3_font_size_last_edited=\u00bbon|phone\u00bb global_colors_info=\u00bb{}\u00bb]<\/p>\n<h3 class=\"left-text\">Dispositivo de terapia de alto flujo Optiflow\u2122<\/h3>\n<p><b>Sistema de alto flujo F&amp;P Airvo 3 Optiflow. <\/b>Un humidificador con generador de flujo integrado que proporciona asistencia respiratoria e hidrataci\u00f3n de las v\u00edas respiratorias, con especial atenci\u00f3n a la movilidad y la continuidad a lo largo de todo el proceso de atenci\u00f3n al paciente.<\/p>\n<p><b>El Airvo 3\u2122<\/b> es un dispositivo de asistencia respiratoria que suministra gases respiratorios calentados y humidificados a pacientes que respiran espont\u00e1neamente a trav\u00e9s de diversas interfaces. <b>El Airvo 3\u2122<\/b> est\u00e1 indicado para el tratamiento de pacientes que respiran espont\u00e1neamente y que se beneficiar\u00edan de recibir gases respiratorios de alto flujo, calentados y humidificados. Esto incluye a pacientes a los que se les ha realizado un bypass de las v\u00edas respiratorias superiores.<\/p>\n<p>&nbsp;<\/p>\n<h3>Caracter\u00edsticas:<\/h3>\n<div class=\"left-text\">\n<p><b>Bater\u00eda integrada<\/b>. Una bater\u00eda integrada proporciona 40 minutos de autonom\u00eda durante el transporte, lo que permite la movilidad del paciente por todo el hospital.<br \/><b>Pantalla t\u00e1ctil brillante y a todo color<\/b> dise\u00f1ada para ser nuestra interfaz m\u00e1s intuitiva y f\u00e1cil de usar hasta la fecha.<\/p>\n<p>&nbsp;<\/p>\n<\/div>\n<p>[\/et_pb_text][et_pb_image src=\u00bbhttps:\/\/www.cadmedinc.com\/wp-content\/uploads\/2025\/07\/Comparison-Table.jpg\u00bb title_text=\u00bbComparison-Table\u00bb admin_label=\u00bbcomparison chart\u00bb _builder_version=\u00bb4.27.0&#8243; global_colors_info=\u00bb{}\u00bb][\/et_pb_image][et_pb_toggle title=\u00bbDescargas de documentos de Airvo (En Ingl\u00e9s)\u00bb open_toggle_text_color=\u00bb#000000&#8243; open_toggle_background_color=\u00bb#ffffff\u00bb closed_toggle_text_color=\u00bb#000000&#8243; closed_toggle_background_color=\u00bbrgba(21,71,196,0.3)\u00bb icon_color=\u00bb#000000&#8243; open_icon_color=\u00bb#000000&#8243; admin_label=\u00bbAirvo Document Downloads\u00bb module_class=\u00bbally-toggle\u00bb _builder_version=\u00bb4.27.4&#8243; title_font=\u00bbSource Sans Pro|on||on|\u00bb title_font_size=\u00bb18&#8243; use_border_color=\u00bboff\u00bb border_color=\u00bb#ffffff\u00bb border_style=\u00bbsolid\u00bb saved_tabs=\u00bball\u00bb global_colors_info=\u00bb{}\u00bb]<\/p>\n<p><a href=\"https:\/\/www.cadmedinc.com\/wp-content\/uploads\/2025\/07\/airvo-3-brochure-pm-629872.pdf\" target=\"_blank\" rel=\"noopener\">Airvo3 Brochure<\/a><br \/><a href=\"https:\/\/www.cadmedinc.com\/wp-content\/uploads\/2025\/07\/airvo3-spare-parts-accessories-sheet-sui-626577.pdf\" target=\"_blank\" rel=\"noopener\">Airvo3 Spare Parts &amp; Accessories<\/a><br \/><a href=\"https:\/\/www.cadmedinc.com\/wp-content\/uploads\/2025\/07\/airvo-3-user-manual-ui-620523.pdf\" target=\"_blank\" rel=\"noopener\">Airvo3 User Manual<\/a><br \/><a href=\"https:\/\/www.cadmedinc.com\/wp-content\/uploads\/2025\/07\/airvo3-technical-manual-ptm-627733.pdf\" target=\"_blank\" rel=\"noopener\">Airvo3 Technical Manual<\/a><br \/><a href=\"https:\/\/www.cadmedinc.com\/wp-content\/uploads\/2025\/07\/airvo-3-spec-sheet-sui-625048.pdf\" target=\"_blank\" rel=\"noopener\">Airvo3 Specs Sheet<\/a><\/p>\n<p>[\/et_pb_toggle][\/et_pb_column][et_pb_column type=\u00bb1_2&#8243; module_class=\u00bbfirst-on-mobile\u00bb _builder_version=\u00bb4.16&#8243; custom_padding=\u00bb|||\u00bb global_colors_info=\u00bb{}\u00bb custom_padding__hover=\u00bb|||\u00bb][et_pb_image src=\u00bbhttps:\/\/www.cadmedinc.com\/wp-content\/uploads\/2025\/07\/FP-Airvo3.jpg\u00bb title_text=\u00bbFP-Airvo3&#8243; show_in_lightbox=\u00bbon\u00bb show_bottom_space=\u00bboff\u00bb align=\u00bbcenter\u00bb align_tablet=\u00bbcenter\u00bb align_phone=\u00bb\u00bb align_last_edited=\u00bbon|desktop\u00bb admin_label=\u00bbAirvo 3 image\u00bb _builder_version=\u00bb4.27.0&#8243; custom_margin=\u00bb2px|||\u00bb custom_padding=\u00bb||20px|\u00bb border_radii=\u00bbon|5px|5px|5px|5px\u00bb border_width_all=\u00bb1px\u00bb border_color_all=\u00bbrgba(51,51,51,0.4)\u00bb global_colors_info=\u00bb{}\u00bb]<\/p>\n<p>[\/et_pb_image][et_pb_text admin_label=\u00bbAirvo 3 specs &#8211; text 2&#8243; _builder_version=\u00bb4.27.4&#8243; text_font=\u00bb||||||||\u00bb header_font=\u00bb||||||||\u00bb header_text_color=\u00bb#1547c4&#8243; header_3_font=\u00bb||||||||\u00bb header_3_text_color=\u00bb#1547c4&#8243; header_3_font_size=\u00bb30px\u00bb background_size=\u00bbinitial\u00bb background_position=\u00bbtop_left\u00bb background_repeat=\u00bbrepeat\u00bb animation_style=\u00bbslide\u00bb hover_enabled=\u00bb0&#8243; text_font_size_tablet=\u00bb18px\u00bb text_font_size_phone=\u00bb15px\u00bb text_font_size_last_edited=\u00bbon|phone\u00bb text_line_height_tablet=\u00bb\u00bb text_line_height_phone=\u00bb1.5em\u00bb text_line_height_last_edited=\u00bbon|phone\u00bb header_font_size_tablet=\u00bb\u00bb header_font_size_phone=\u00bb\u00bb header_font_size_last_edited=\u00bbon|phone\u00bb header_3_font_size_tablet=\u00bb\u00bb header_3_font_size_phone=\u00bb25px\u00bb header_3_font_size_last_edited=\u00bbon|phone\u00bb global_colors_info=\u00bb{}\u00bb sticky_enabled=\u00bb0&#8243;]<\/p>\n<h3>Ofrece una gama m\u00e1s amplia, m\u00f3vil e ininterrumpida de la terapia de alto flujo Optiflow.\u200b<\/h3>\n<p><b>Entrada de O2 a alta presi\u00f3n. <\/b>Un mezclador integrado con entrada de ox\u00edgeno a alta presi\u00f3n permite ajustar con precisi\u00f3n la FiO2 directamente en el dispositivo, ajustando autom\u00e1ticamente la entrada de ox\u00edgeno para alcanzar la FiO2 objetivo.<\/p>\n<p><b>Compatibilidad con versiones anteriores.<\/b> Compatible con los consumibles existentes de Airvo 2, lo que facilita la integraci\u00f3n en una flota de Airvo 2.<\/p>\n<p><b>Gr\u00e1ficos de tendencias<\/b>. Toma de decisiones basada en datos. Par\u00e1metros respiratorios en tiempo real y 24 horas de datos de tendencias para supervisar la evoluci\u00f3n del paciente.<\/p>\n<p><b>Rango de flujo m\u00e1s amplio.<\/b> Rango de flujo ampliado* de 2 a 70 l\/min para tratar a una gama m\u00e1s amplia de pacientes. Un \u00fanico modo que permite aplicaciones de flujo alto Optiflow tanto en entornos de adultos como pedi\u00e1tricos. *en comparaci\u00f3n con el Airvo 2<\/p>\n<p><b>Codo desmontable.<\/b> Presentamos el codo desmontable como segundo m\u00e9todo de reprocesamiento. Tienes dos opciones para reprocesar el Airvo 3: sustituir el codo desmontable, que se reprocesa en una lavadesinfectadora, o utilizar el kit de desinfecci\u00f3n.[\/et_pb_text][\/et_pb_column][\/et_pb_row][\/et_pb_section][et_pb_section fb_built=\u00bb1&#8243; _builder_version=\u00bb4.27.4&#8243; background_color=\u00bb#f0f0f0&#8243; background_image=\u00bbhttps:\/\/www.cadmedinc.com\/wp-content\/uploads\/2018\/11\/Background-squares-50-03.png\u00bb background_size=\u00bbinitial\u00bb background_position=\u00bbtop_left\u00bb background_repeat=\u00bbrepeat\u00bb custom_padding=\u00bb57px|0px|0px|0px|false|false\u00bb global_colors_info=\u00bb{}\u00bb][et_pb_row column_structure=\u00bb1_2,1_2&#8243; _builder_version=\u00bb4.27.0&#8243; background_size=\u00bbinitial\u00bb background_position=\u00bbtop_left\u00bb background_repeat=\u00bbrepeat\u00bb width=\u00bb85%\u00bb max_width=\u00bb85%\u00bb use_custom_width=\u00bbon\u00bb width_unit=\u00bboff\u00bb custom_width_percent=\u00bb75%\u00bb global_colors_info=\u00bb{}\u00bb][et_pb_column type=\u00bb1_2&#8243; _builder_version=\u00bb4.16&#8243; custom_padding=\u00bb|||\u00bb global_colors_info=\u00bb{}\u00bb custom_padding__hover=\u00bb|||\u00bb][et_pb_video src=\u00bbhttps:\/\/youtu.be\/a_tnhV0kX6g\u00bb admin_label=\u00bbOptiflow + Duet\u00bb _builder_version=\u00bb4.27.0&#8243; _module_preset=\u00bbdefault\u00bb border_radii=\u00bbon|5px|5px|5px|5px\u00bb border_width_all=\u00bb1px\u00bb border_color_all=\u00bb#9996AA\u00bb global_colors_info=\u00bb{}\u00bb][\/et_pb_video][et_pb_toggle title=\u00bbDescargas de documentos de Optiflow (En Ingl\u00e9s)\u00bb open_toggle_text_color=\u00bb#000000&#8243; open_toggle_background_color=\u00bb#ffffff\u00bb closed_toggle_text_color=\u00bb#000000&#8243; closed_toggle_background_color=\u00bbrgba(21,71,196,0.3)\u00bb icon_color=\u00bb#000000&#8243; open_icon_color=\u00bb#000000&#8243; admin_label=\u00bbOptiflow Document Downloads\u00bb module_class=\u00bbally-toggle\u00bb _builder_version=\u00bb4.27.4&#8243; title_font=\u00bbSource Sans Pro|on||on|\u00bb title_font_size=\u00bb18&#8243; hover_enabled=\u00bb0&#8243; use_border_color=\u00bboff\u00bb border_color=\u00bb#ffffff\u00bb border_style=\u00bbsolid\u00bb saved_tabs=\u00bball\u00bb global_colors_info=\u00bb{}\u00bb sticky_enabled=\u00bb0&#8243;]<\/p>\n<p><a href=\"https:\/\/www.cadmedinc.com\/wp-content\/uploads\/2026\/05\/duet-cannula-brochure-2026.pdf\" target=\"_blank\" rel=\"noopener\">Optiflow Duet Brochure<\/a><br \/><a href=\"https:\/\/www.cadmedinc.com\/wp-content\/uploads\/2025\/07\/duet-cannula-fitting-guide-627638.pdf\" target=\"_blank\" rel=\"noopener\">Duet Cannula Fitting Guide<\/a><br \/><a href=\"https:\/\/www.cadmedinc.com\/wp-content\/uploads\/2025\/07\/duet-cannula-ui-901629.pdf\" target=\"_blank\" rel=\"noopener\">Duet Nasal Cannula<\/a><br \/><a href=\"https:\/\/www.cadmedinc.com\/wp-content\/uploads\/2025\/07\/duet-cannula-spec-sheet-623843.pdf\" target=\"_blank\" rel=\"noopener\">Duet Nasal Cannula Specs<\/a><\/p>\n<p>[\/et_pb_toggle][\/et_pb_column][et_pb_column type=\u00bb1_2&#8243; _builder_version=\u00bb4.16&#8243; custom_padding=\u00bb|||\u00bb global_colors_info=\u00bb{}\u00bb custom_padding__hover=\u00bb|||\u00bb][et_pb_text admin_label=\u00bbOptiflow + Duet Text\u00bb _builder_version=\u00bb4.27.4&#8243; text_font=\u00bb||||||||\u00bb header_font=\u00bb||||||||\u00bb header_text_color=\u00bb#1547c4&#8243; header_3_font=\u00bb||||||||\u00bb header_3_text_color=\u00bb#1547c4&#8243; header_3_font_size=\u00bb30px\u00bb background_size=\u00bbinitial\u00bb background_position=\u00bbtop_left\u00bb background_repeat=\u00bbrepeat\u00bb custom_padding=\u00bb||2px|||\u00bb animation_style=\u00bbslide\u00bb animation_direction=\u00bbright\u00bb text_font_size_tablet=\u00bb18px\u00bb text_font_size_phone=\u00bb15px\u00bb text_font_size_last_edited=\u00bbon|phone\u00bb text_line_height_tablet=\u00bb\u00bb text_line_height_phone=\u00bb1.5em\u00bb text_line_height_last_edited=\u00bbon|phone\u00bb header_font_size_tablet=\u00bb\u00bb header_font_size_phone=\u00bb\u00bb header_font_size_last_edited=\u00bbon|phone\u00bb header_3_font_size_tablet=\u00bb\u00bb header_3_font_size_phone=\u00bb25px\u00bb header_3_font_size_last_edited=\u00bbon|phone\u00bb global_colors_info=\u00bb{}\u00bb]<\/p>\n<h3 class=\"left-text\">Optiflow + Duet \u2013 Terapia de alto flujo \u2013 mejorada.<\/h3>\n<p><b><strong>Presentamos una interfaz asim\u00e9trica para terapia de alto flujo.<\/strong><\/b><\/p>\n<p>Nuestra \u00faltima interfaz de alto flujo Optiflow est\u00e1 dise\u00f1ada tanto para administrar como para mejorar la terapia nasal de alto flujo.<\/p>\n<p>Gracias a un dise\u00f1o asim\u00e9trico \u2014una punta peque\u00f1a y otra grande\u2014 conseguimos un doble beneficio.<\/p>\n<p>Mira el v\u00eddeo para obtener m\u00e1s detalles<\/p>\n<div class=\"left-text\">\n<p>&nbsp;<\/p>\n<\/div>\n<p>[\/et_pb_text][et_pb_image src=\u00bbhttps:\/\/www.cadmedinc.com\/wp-content\/uploads\/2025\/07\/Interface-Range.jpg\u00bb title_text=\u00bbInterface-Range\u00bb _builder_version=\u00bb4.27.0&#8243; _module_preset=\u00bbdefault\u00bb global_colors_info=\u00bb{}\u00bb][\/et_pb_image][\/et_pb_column][\/et_pb_row][et_pb_row admin_label=\u00bbRow\u00bb _builder_version=\u00bb4.27.4&#8243; _module_preset=\u00bbdefault\u00bb global_colors_info=\u00bb{}\u00bb][et_pb_column type=\u00bb4_4&#8243; _builder_version=\u00bb4.27.4&#8243; _module_preset=\u00bbdefault\u00bb global_colors_info=\u00bb{}\u00bb][et_pb_image src=\u00bbhttps:\/\/www.cadmedinc.com\/wp-content\/uploads\/2026\/05\/optiflow-duet.jpg\u00bb title_text=\u00bboptiflow-duet\u00bb admin_label=\u00bbOptiflow nasal high flow therapy Image\u00bb _builder_version=\u00bb4.27.4&#8243; _module_preset=\u00bbdefault\u00bb global_colors_info=\u00bb{}\u00bb][\/et_pb_image][\/et_pb_column][\/et_pb_row][\/et_pb_section]<\/p>\n","protected":false},"excerpt":{"rendered":"<p>F&amp;P Airvo\u2122 3 Sistema de alto flujo Optiflow\u2122 Humidificador de \u00faltima generaci\u00f3n con generador de flujo integradoDispositivo de terapia de alto flujo Optiflow\u2122 Sistema de alto flujo F&amp;P Airvo 3 Optiflow. Un humidificador con generador de flujo integrado que proporciona asistencia respiratoria e hidrataci\u00f3n de las v\u00edas respiratorias, con especial atenci\u00f3n a la movilidad y [&hellip;]<\/p>\n","protected":false},"author":3,"featured_media":0,"parent":0,"menu_order":0,"comment_status":"closed","ping_status":"closed","template":"","meta":{"_et_pb_use_builder":"on","_et_pb_old_content":"","_et_gb_content_width":"","footnotes":""},"class_list":["post-4225","page","type-page","status-publish","hentry"],"_links":{"self":[{"href":"https:\/\/www.cadmedinc.com\/es\/wp-json\/wp\/v2\/pages\/4225"}],"collection":[{"href":"https:\/\/www.cadmedinc.com\/es\/wp-json\/wp\/v2\/pages"}],"about":[{"href":"https:\/\/www.cadmedinc.com\/es\/wp-json\/wp\/v2\/types\/page"}],"author":[{"embeddable":true,"href":"https:\/\/www.cadmedinc.com\/es\/wp-json\/wp\/v2\/users\/3"}],"replies":[{"embeddable":true,"href":"https:\/\/www.cadmedinc.com\/es\/wp-json\/wp\/v2\/comments?post=4225"}],"version-history":[{"count":4,"href":"https:\/\/www.cadmedinc.com\/es\/wp-json\/wp\/v2\/pages\/4225\/revisions"}],"predecessor-version":[{"id":4748,"href":"https:\/\/www.cadmedinc.com\/es\/wp-json\/wp\/v2\/pages\/4225\/revisions\/4748"}],"wp:attachment":[{"href":"https:\/\/www.cadmedinc.com\/es\/wp-json\/wp\/v2\/media?parent=4225"}],"curies":[{"name":"wp","href":"https:\/\/api.w.org\/{rel}","templated":true}]}}