{"id":4611,"date":"2026-04-16T18:28:10","date_gmt":"2026-04-16T18:28:10","guid":{"rendered":"https:\/\/www.cadmedinc.com\/?page_id=4611"},"modified":"2026-04-19T18:41:00","modified_gmt":"2026-04-19T18:41:00","slug":"sle1500-with-oxygenie","status":"publish","type":"page","link":"https:\/\/www.cadmedinc.com\/es\/sle1500-with-oxygenie\/","title":{"rendered":"SLE1500 with OxyGenie\u00ae"},"content":{"rendered":"<p>[et_pb_section fb_built=\u00bb1&#8243; custom_padding_last_edited=\u00bbon|phone\u00bb disabled_on=\u00bbon||\u00bb module_class=\u00bbally-gradient-overlay\u00bb _builder_version=\u00bb4.16&#8243; background_color=\u00bb#ffffff\u00bb use_background_color_gradient=\u00bbon\u00bb background_image=\u00bbhttps:\/\/www.cadmedinc.com\/wp-content\/uploads\/2019\/10\/SLS-life-support-ventilators.jpg\u00bb background_position=\u00bbtop_left\u00bb custom_padding_tablet=\u00bb50px|0|50px|0&#8243; custom_padding_phone=\u00bb\u00bb custom_css_main_element=\u00bbheight: 22vw;\u00bb global_colors_info=\u00bb{}\u00bb][et_pb_row column_structure=\u00bb1_3,2_3&#8243; module_class=\u00bb et_pb_row_fullwidth\u00bb _builder_version=\u00bb4.16&#8243; background_size=\u00bbinitial\u00bb background_position=\u00bbtop_left\u00bb background_repeat=\u00bbrepeat\u00bb width=\u00bb89%\u00bb width_tablet=\u00bb80%\u00bb width_phone=\u00bb\u00bb width_last_edited=\u00bbon|desktop\u00bb max_width=\u00bb89%\u00bb max_width_tablet=\u00bb80%\u00bb max_width_phone=\u00bb\u00bb max_width_last_edited=\u00bbon|desktop\u00bb make_fullwidth=\u00bbon\u00bb global_colors_info=\u00bb{}\u00bb][et_pb_column type=\u00bb1_3&#8243; _builder_version=\u00bb4.16&#8243; custom_padding=\u00bb|||\u00bb global_colors_info=\u00bb{}\u00bb custom_padding__hover=\u00bb|||\u00bb][et_pb_image src=\u00bbhttps:\/\/www.cadmedinc.com\/wp-content\/uploads\/2019\/10\/SLS-logo.png\u00bb show_bottom_space=\u00bboff\u00bb align_tablet=\u00bbcenter\u00bb align_phone=\u00bb\u00bb align_last_edited=\u00bbon|desktop\u00bb admin_label=\u00bbSLE logo\u00bb _builder_version=\u00bb4.16&#8243; max_width=\u00bb80%\u00bb max_width_tablet=\u00bb\u00bb max_width_phone=\u00bb95%\u00bb max_width_last_edited=\u00bbon|phone\u00bb custom_margin=\u00bb||20px|\u00bb border_color_all=\u00bb#95b035&#8243; global_colors_info=\u00bb{}\u00bb]<br \/>\n[\/et_pb_image][\/et_pb_column][et_pb_column type=\u00bb2_3&#8243; _builder_version=\u00bb4.16&#8243; custom_padding=\u00bb|||\u00bb global_colors_info=\u00bb{}\u00bb custom_padding__hover=\u00bb|||\u00bb][\/et_pb_column][\/et_pb_row][\/et_pb_section][et_pb_section fb_built=\u00bb1&#8243; custom_padding_last_edited=\u00bbon|phone\u00bb disabled_on=\u00bboff|off|off\u00bb _builder_version=\u00bb4.27.4&#8243; background_color=\u00bb#d6d9e5&#8243; custom_padding=\u00bb50px|0px|2px|0px|false|false\u00bb custom_padding_tablet=\u00bb\u00bb custom_padding_phone=\u00bb\u00bb global_colors_info=\u00bb{}\u00bb][et_pb_row custom_padding_last_edited=\u00bbon|desktop\u00bb module_class=\u00bb et_pb_row_fullwidth\u00bb _builder_version=\u00bb4.16&#8243; width=\u00bb89%\u00bb width_tablet=\u00bb80%\u00bb width_phone=\u00bb\u00bb width_last_edited=\u00bbon|desktop\u00bb max_width=\u00bb89%\u00bb max_width_tablet=\u00bb80%\u00bb max_width_phone=\u00bb\u00bb max_width_last_edited=\u00bbon|desktop\u00bb module_alignment=\u00bbcenter\u00bb custom_padding=\u00bb30px|0px|64px|0px|false|false\u00bb custom_padding_tablet=\u00bb0px|0px|30px|0px\u00bb custom_padding_phone=\u00bb\u00bb make_fullwidth=\u00bbon\u00bb global_colors_info=\u00bb{}\u00bb][et_pb_column type=\u00bb4_4&#8243; _builder_version=\u00bb4.16&#8243; custom_padding=\u00bb|||\u00bb global_colors_info=\u00bb{}\u00bb custom_padding__hover=\u00bb|||\u00bb][et_pb_image src=\u00bbhttps:\/\/www.cadmedinc.com\/wp-content\/uploads\/2019\/10\/SLS-logo.png\u00bb show_bottom_space=\u00bboff\u00bb align_tablet=\u00bbcenter\u00bb align_phone=\u00bb\u00bb align_last_edited=\u00bbon|desktop\u00bb disabled_on=\u00bb|on|on\u00bb admin_label=\u00bbSLE logo for mobile\u00bb _builder_version=\u00bb4.16&#8243; max_width=\u00bb80%\u00bb max_width_tablet=\u00bb\u00bb max_width_phone=\u00bb95%\u00bb max_width_last_edited=\u00bbon|phone\u00bb custom_margin=\u00bb||20px|\u00bb border_color_all=\u00bb#95b035&#8243; global_colors_info=\u00bb{}\u00bb]<br \/>\n[\/et_pb_image][et_pb_text disabled_on=\u00bboff|off|off\u00bb admin_label=\u00bbCompany Title\u00bb _builder_version=\u00bb4.27.4&#8243; header_text_color=\u00bb#000000&#8243; header_font_size=\u00bb48px\u00bb background_size=\u00bbinitial\u00bb background_position=\u00bbtop_left\u00bb background_repeat=\u00bbrepeat\u00bb text_orientation=\u00bbcenter\u00bb module_alignment=\u00bbcenter\u00bb hover_enabled=\u00bb0&#8243; header_font_size_tablet=\u00bb40px\u00bb header_font_size_phone=\u00bb30px\u00bb header_font_size_last_edited=\u00bbon|tablet\u00bb use_border_color=\u00bboff\u00bb global_colors_info=\u00bb{}\u00bb sticky_enabled=\u00bb0&#8243;]<\/p>\n<h1>Ventilaci\u00f3n avanzada con HFO para los pacientes m\u00e1s peque\u00f1os<\/h1>\n<p>[\/et_pb_text][\/et_pb_column][\/et_pb_row][\/et_pb_section][et_pb_section fb_built=\u00bb1&#8243; _builder_version=\u00bb4.16&#8243; custom_margin=\u00bb2px|||\u00bb custom_padding=\u00bb||20px|\u00bb border_radii=\u00bbon|5px|5px|5px|5px\u00bb border_width_all=\u00bb1px\u00bb border_color_all=\u00bbrgba(51,51,51,0.4)\u00bb global_colors_info=\u00bb{}\u00bb][et_pb_row column_structure=\u00bb1_2,1_2&#8243; _builder_version=\u00bb4.16&#8243; background_size=\u00bbinitial\u00bb background_position=\u00bbtop_left\u00bb background_repeat=\u00bbrepeat\u00bb max_width=\u00bb80%\u00bb use_custom_width=\u00bbon\u00bb width_unit=\u00bboff\u00bb global_colors_info=\u00bb{}\u00bb][et_pb_column type=\u00bb1_2&#8243; _builder_version=\u00bb4.16&#8243; custom_padding=\u00bb|||\u00bb global_colors_info=\u00bb{}\u00bb custom_padding__hover=\u00bb|||\u00bb][et_pb_image src=\u00bbhttps:\/\/www.cadmedinc.com\/wp-content\/uploads\/2026\/04\/SLE1500-Ventilator.jpg\u00bb title_text=\u00bbSLE1500-Ventilator\u00bb show_in_lightbox=\u00bbon\u00bb show_bottom_space=\u00bboff\u00bb align=\u00bbcenter\u00bb align_tablet=\u00bbcenter\u00bb align_phone=\u00bb\u00bb align_last_edited=\u00bbon|desktop\u00bb admin_label=\u00bbSLE1500 image\u00bb _builder_version=\u00bb4.27.4&#8243; custom_margin=\u00bb2px|||\u00bb custom_padding=\u00bb||20px|\u00bb border_radii=\u00bbon|5px|5px|5px|5px\u00bb border_width_all=\u00bb1px\u00bb border_color_all=\u00bbrgba(51,51,51,0.4)\u00bb global_colors_info=\u00bb{}\u00bb]<br \/>\n[\/et_pb_image][\/et_pb_column][et_pb_column type=\u00bb1_2&#8243; _builder_version=\u00bb4.16&#8243; custom_padding=\u00bb|||\u00bb global_colors_info=\u00bb{}\u00bb custom_padding__hover=\u00bb|||\u00bb][et_pb_text admin_label=\u00bbSLE1500 with OxyGenie\u00ae\u00bb _builder_version=\u00bb4.27.4&#8243; header_font=\u00bb||||||||\u00bb header_3_font=\u00bb||||||||\u00bb header_3_text_color=\u00bb#2000a3&#8243; header_3_font_size=\u00bb30px\u00bb background_size=\u00bbinitial\u00bb background_position=\u00bbtop_left\u00bb background_repeat=\u00bbrepeat\u00bb animation_style=\u00bbslide\u00bb animation_direction=\u00bbright\u00bb text_font_size_tablet=\u00bb\u00bb text_font_size_phone=\u00bb15px\u00bb text_font_size_last_edited=\u00bbon|phone\u00bb text_line_height_tablet=\u00bb\u00bb text_line_height_phone=\u00bb1.5em\u00bb text_line_height_last_edited=\u00bbon|phone\u00bb header_font_size_tablet=\u00bb\u00bb header_font_size_phone=\u00bb\u00bb header_font_size_last_edited=\u00bbon|phone\u00bb header_3_font_size_tablet=\u00bb\u00bb header_3_font_size_phone=\u00bb25px\u00bb header_3_font_size_last_edited=\u00bbon|phone\u00bb global_colors_info=\u00bb{}\u00bb]<\/p>\n<h3 class=\"left-text\">SLE1500 con OxyGenie\u00ae<\/h3>\n<p>A medida que la atenci\u00f3n neonatal sigue evolucionando en todo el Caribe, un aspecto que est\u00e1 recibiendo cada vez m\u00e1s atenci\u00f3n es la estabilidad del ox\u00edgeno y el control preciso de la FiO\u2082, sobre todo en los reci\u00e9n nacidos fr\u00e1giles, en los que tanto la hipoxemia como la hiperoxemia pueden contribuir a empeorar los resultados.<\/p>\n<p>&nbsp;<\/p>\n<h3 class=\"left-text\">\u00bfPor qu\u00e9 es importante esto desde el punto de vista cl\u00ednico?<\/h3>\n<p><strong>\u00bfPuede el control del ox\u00edgeno en tiempo real cambiar los resultados cl\u00ednicos?<\/strong><br \/>En la atenci\u00f3n neonatal, la SpO\u2082 puede fluctuar constantemente, mientras que el ajuste manual de la FiO\u2082 es intermitente y a menudo se retrasa. El resultado pueden ser episodios repetidos de hipoxemia, hiperoxemia e inestabilidad general del ox\u00edgeno.<\/p>\n<p>[\/et_pb_text][\/et_pb_column][\/et_pb_row][et_pb_row column_structure=\u00bb1_3,1_3,1_3&#8243; _builder_version=\u00bb4.27.4&#8243; _module_preset=\u00bbdefault\u00bb background_size=\u00bbinitial\u00bb background_position=\u00bbtop_left\u00bb background_repeat=\u00bbrepeat\u00bb max_width=\u00bb80%\u00bb global_colors_info=\u00bb{}\u00bb][et_pb_column type=\u00bb1_3&#8243; _builder_version=\u00bb4.27.4&#8243; _module_preset=\u00bbdefault\u00bb global_colors_info=\u00bb{}\u00bb][et_pb_text admin_label=\u00bbautomatic FiO\u2082 control\u00bb _builder_version=\u00bb4.27.4&#8243; _module_preset=\u00bbdefault\u00bb header_font=\u00bb||||||||\u00bb header_3_font=\u00bb||||||||\u00bb header_3_text_color=\u00bb#2000a3&#8243; header_3_font_size=\u00bb30px\u00bb background_size=\u00bbinitial\u00bb background_position=\u00bbtop_left\u00bb background_repeat=\u00bbrepeat\u00bb animation_style=\u00bbslide\u00bb animation_direction=\u00bbleft\u00bb text_font_size_tablet=\u00bb\u00bb text_font_size_phone=\u00bb15px\u00bb text_font_size_last_edited=\u00bbon|phone\u00bb text_line_height_tablet=\u00bb\u00bb text_line_height_phone=\u00bb1.5em\u00bb text_line_height_last_edited=\u00bbon|phone\u00bb header_font_size_tablet=\u00bb\u00bb header_font_size_phone=\u00bb\u00bb header_font_size_last_edited=\u00bbon|phone\u00bb header_3_font_size_tablet=\u00bb30px\u00bb header_3_font_size_phone=\u00bb25px\u00bb header_3_font_size_last_edited=\u00bbon|phone\u00bb global_colors_info=\u00bb{}\u00bb]<\/p>\n<p><strong>OxyGenie\u00ae aborda este reto mediante el control autom\u00e1tico de la FiO\u2082 en bucle cerrado, basado en:<\/strong><\/p>\n<ul>\n<li>Monitorizaci\u00f3n continua de la SpO\u2082<\/li>\n<li>Ajuste autom\u00e1tico de la FiO\u2082<\/li>\n<li>Un algoritmo basado en PID<\/li>\n<li>Respuesta en tiempo real, aproximadamente cada segundo<\/li>\n<\/ul>\n<p>En pocas palabras, el sistema ajusta la FiO\u2082 de forma continua y m\u00e1s r\u00e1pido que la respuesta manual a pie de cama por s\u00ed sola.<\/p>\n<p>[\/et_pb_text][\/et_pb_column][et_pb_column type=\u00bb1_3&#8243; _builder_version=\u00bb4.27.4&#8243; _module_preset=\u00bbdefault\u00bb global_colors_info=\u00bb{}\u00bb][et_pb_text admin_label=\u00bbWhat published evidence has shown\u00bb _builder_version=\u00bb4.27.4&#8243; _module_preset=\u00bbdefault\u00bb global_colors_info=\u00bb{}\u00bb]<\/p>\n<p><strong>Qu\u00e9 han demostrado los estudios publicados<br \/><\/strong>La evidencia cl\u00ednica que respalda el control de ox\u00edgeno en bucle cerrado ha mostrado mejoras significativas en comparaci\u00f3n con el ajuste manual de la FiO\u2082, incluyendo:<\/p>\n<ul>\n<li>87,5 % frente a 59,3 % de tiempo dentro del rango de ox\u00edgeno objetivo **<\/li>\n<li>Menos tiempo en hipoxemia<\/li>\n<li>Menos tiempo en hiperoxia<\/li>\n<li>Mayor estabilidad de la oxigenaci\u00f3n<\/li>\n<\/ul>\n<p>[\/et_pb_text][\/et_pb_column][et_pb_column type=\u00bb1_3&#8243; _builder_version=\u00bb4.27.4&#8243; _module_preset=\u00bbdefault\u00bb global_colors_info=\u00bb{}\u00bb][et_pb_text admin_label=\u00bbIn a recent randomised controlled trial\u00bb _builder_version=\u00bb4.27.4&#8243; _module_preset=\u00bbdefault\u00bb global_colors_info=\u00bb{}\u00bb]<\/p>\n<p><strong>En un reciente ensayo controlado aleatorio en beb\u00e9s prematuros ventilados, el control automatizado del ox\u00edgeno tambi\u00e9n se asoci\u00f3 con:<\/strong><\/p>\n<ul>\n<li>11 frente a 40 d\u00edas de ventilaci\u00f3n mec\u00e1nica **<\/li>\n<li>33 frente a 47 d\u00edas de ox\u00edgeno suplementario **<\/li>\n<li>55 % frente a 83,9 % de displasia broncopulmonar a las 36 semanas **<\/li>\n<li>Menor necesidad de ox\u00edgeno en el hogar<\/li>\n<\/ul>\n<p>Estos hallazgos refuerzan la importancia cl\u00ednica de mantener un suministro de ox\u00edgeno m\u00e1s estable en pacientes neonatales vulnerables.<\/p>\n<p>[\/et_pb_text][\/et_pb_column][\/et_pb_row][et_pb_row column_structure=\u00bb3_5,2_5&#8243; _builder_version=\u00bb4.27.4&#8243; _module_preset=\u00bbdefault\u00bb background_size=\u00bbinitial\u00bb background_position=\u00bbtop_left\u00bb background_repeat=\u00bbrepeat\u00bb max_width=\u00bb80%\u00bb global_colors_info=\u00bb{}\u00bb][et_pb_column type=\u00bb3_5&#8243; _builder_version=\u00bb4.27.4&#8243; _module_preset=\u00bbdefault\u00bb global_colors_info=\u00bb{}\u00bb][et_pb_image src=\u00bbhttps:\/\/www.cadmedinc.com\/wp-content\/uploads\/2026\/04\/SLE1500-Features.jpg\u00bb title_text=\u00bbSLE1500-Features\u00bb show_in_lightbox=\u00bbon\u00bb show_bottom_space=\u00bboff\u00bb align=\u00bbcenter\u00bb align_tablet=\u00bbcenter\u00bb align_phone=\u00bb\u00bb align_last_edited=\u00bbon|desktop\u00bb admin_label=\u00bbSLE1500 Features Diagram Image\u00bb _builder_version=\u00bb4.27.4&#8243; custom_margin=\u00bb2px|||\u00bb custom_padding=\u00bb||20px|\u00bb border_radii=\u00bbon|5px|5px|5px|5px\u00bb border_width_all=\u00bb1px\u00bb border_color_all=\u00bbrgba(51,51,51,0.4)\u00bb global_colors_info=\u00bb{}\u00bb]<br \/>\n[\/et_pb_image][\/et_pb_column][et_pb_column type=\u00bb2_5&#8243; _builder_version=\u00bb4.27.4&#8243; _module_preset=\u00bbdefault\u00bb global_colors_info=\u00bb{}\u00bb][et_pb_text admin_label=\u00bbThe platform offers:\u00bb _builder_version=\u00bb4.27.4&#8243; _module_preset=\u00bbdefault\u00bb header_font=\u00bb||||||||\u00bb header_3_font=\u00bb||||||||\u00bb header_3_text_color=\u00bb#2000a3&#8243; header_3_font_size=\u00bb30px\u00bb background_size=\u00bbinitial\u00bb background_position=\u00bbtop_left\u00bb background_repeat=\u00bbrepeat\u00bb animation_style=\u00bbslide\u00bb animation_direction=\u00bbright\u00bb text_font_size_tablet=\u00bb\u00bb text_font_size_phone=\u00bb15px\u00bb text_font_size_last_edited=\u00bbon|phone\u00bb text_line_height_tablet=\u00bb\u00bb text_line_height_phone=\u00bb1.5em\u00bb text_line_height_last_edited=\u00bbon|phone\u00bb header_font_size_tablet=\u00bb\u00bb header_font_size_phone=\u00bb\u00bb header_font_size_last_edited=\u00bbon|phone\u00bb header_3_font_size_tablet=\u00bb30px\u00bb header_3_font_size_phone=\u00bb25px\u00bb header_3_font_size_last_edited=\u00bbon|phone\u00bb global_colors_info=\u00bb{}\u00bb]<\/p>\n<h3 class=\"left-text\">Por qu\u00e9 esto es relevante para el SLE1500<\/h3>\n<p>El SLE1500 combina el soporte respiratorio neonatal no invasivo con el control autom\u00e1tico de FiO\u2082 de OxyGenie\u00ae, lo que lo hace muy relevante para las unidades que buscan reforzar los protocolos de cuidados respiratorios al tiempo que mejoran la consistencia en el control de los objetivos de ox\u00edgeno.<\/p>\n<h3 class=\"left-text\">La plataforma ofrece:<\/h3>\n<ul>\n<li>nCPAP<\/li>\n<li>CPAP de burbujas<\/li>\n<li>Terapia de ox\u00edgeno de alto flujo<\/li>\n<li>Control autom\u00e1tico integrado de la FiO\u2082 con OxyGenie\u00ae<\/li>\n<\/ul>\n<p>Esto convierte al SLE1500 en una opci\u00f3n valiosa para las UCIN que buscan una soluci\u00f3n moderna y no invasiva que respalde tanto el rendimiento cl\u00ednico como la eficiencia del flujo de trabajo.<\/p>\n<p>[\/et_pb_text][et_pb_toggle title=\u00bbVentilador SLE1500 &#8211; Documentaci\u00f3n y Videos\u00bb open_toggle_text_color=\u00bb#000000&#8243; open_toggle_background_color=\u00bb#f0f0f0&#8243; closed_toggle_text_color=\u00bb#000000&#8243; closed_toggle_background_color=\u00bb#f0f0f0&#8243; icon_color=\u00bb#000000&#8243; open_icon_color=\u00bb#000000&#8243; admin_label=\u00bbSLE1500 Ventilator &#8211; Documentation &#038; Videos\u00bb module_class=\u00bbally-toggle\u00bb _builder_version=\u00bb4.27.4&#8243; title_font=\u00bbSource Sans Pro|on||on|\u00bb title_font_size=\u00bb18&#8243; hover_enabled=\u00bb0&#8243; use_border_color=\u00bboff\u00bb border_color=\u00bb#ffffff\u00bb border_style=\u00bbsolid\u00bb saved_tabs=\u00bball\u00bb locked=\u00bboff\u00bb global_colors_info=\u00bb{}\u00bb sticky_enabled=\u00bb0&#8243;]<\/p>\n<p style=\"text-align: left;\"><strong>Videos from the manufacturer:\u00a0<\/strong><br \/><a href=\"https:\/\/youtu.be\/xgMOf292tts\" target=\"_blank\" rel=\"noopener\">SLE1500 Presentation Video<\/a><\/p>\n<p><strong>English Documentation<br \/><\/strong><a href=\"https:\/\/www.cadmedinc.com\/wp-content\/uploads\/2026\/04\/SLE1500-Sistema-de-terapia-respiratoria-con-OxyGenie-Espanol-1.pdf\" target=\"_blank\" rel=\"noopener\">SLE1500 Brochure<\/a><br \/><a href=\"https:\/\/www.cadmedinc.com\/wp-content\/uploads\/2026\/04\/User-Manual-SLE1500.pdf\" target=\"_blank\" rel=\"noopener\">SLE1500 User Manual<\/a><\/p>\n<p>[\/et_pb_toggle][\/et_pb_column][\/et_pb_row][et_pb_row column_structure=\u00bb3_5,2_5&#8243; module_class=\u00bbcustom_row\u00bb _builder_version=\u00bb4.27.4&#8243; background_size=\u00bbinitial\u00bb background_position=\u00bbtop_left\u00bb background_repeat=\u00bbrepeat\u00bb max_width=\u00bb100%\u00bb custom_padding=\u00bb29px|0px|0px|0px|false|false\u00bb use_custom_width=\u00bbon\u00bb width_unit=\u00bboff\u00bb global_colors_info=\u00bb{}\u00bb][et_pb_column type=\u00bb3_5&#8243; module_class=\u00bbsecond-on-mobile\u00bb _builder_version=\u00bb4.16&#8243; custom_padding=\u00bb|||\u00bb global_colors_info=\u00bb{}\u00bb custom_padding__hover=\u00bb|||\u00bb][et_pb_text admin_label=\u00bbWhy it matters in neonates\u00bb _builder_version=\u00bb4.27.4&#8243; header_font=\u00bb||||||||\u00bb header_3_font=\u00bb||||||||\u00bb header_3_text_color=\u00bb#2000a3&#8243; header_3_font_size=\u00bb30px\u00bb animation_style=\u00bbslide\u00bb animation_direction=\u00bbleft\u00bb text_font_size_tablet=\u00bb\u00bb text_font_size_phone=\u00bb15px\u00bb text_font_size_last_edited=\u00bbon|phone\u00bb text_line_height_tablet=\u00bb\u00bb text_line_height_phone=\u00bb1.5em\u00bb text_line_height_last_edited=\u00bbon|phone\u00bb header_font_size_tablet=\u00bb\u00bb header_font_size_phone=\u00bb\u00bb header_font_size_last_edited=\u00bbon|phone\u00bb header_3_font_size_tablet=\u00bb\u00bb header_3_font_size_phone=\u00bb25px\u00bb header_3_font_size_last_edited=\u00bbon|phone\u00bb global_colors_info=\u00bb{}\u00bb]<\/p>\n<h3 class=\"left-text\">Por qu\u00e9 es importante en los reci\u00e9n nacidos<\/h3>\n<p><strong>Para los pacientes neonatos:<\/strong><\/p>\n<ul>\n<li>El pulm\u00f3n es muy vulnerable<\/li>\n<li>La oxigenaci\u00f3n puede cambiar r\u00e1pidamente<\/li>\n<li>Tanto la hiperoxia como la hipoxia pueden contribuir a lesiones acumulativas<\/li>\n<\/ul>\n<p>Por eso es cl\u00ednicamente relevante un control del ox\u00edgeno m\u00e1s preciso y continuo. No se trata solo de automatizaci\u00f3n, sino de proporcionar una atenci\u00f3n respiratoria m\u00e1s consistente.<\/p>\n<p>[\/et_pb_text][\/et_pb_column][et_pb_column type=\u00bb2_5&#8243; module_class=\u00bbsecond-on-mobile\u00bb _builder_version=\u00bb4.16&#8243; custom_padding=\u00bb|||\u00bb global_colors_info=\u00bb{}\u00bb custom_padding__hover=\u00bb|||\u00bb][et_pb_text admin_label=\u00bbReference Materials\u00bb _builder_version=\u00bb4.27.4&#8243; _module_preset=\u00bbdefault\u00bb header_font=\u00bb||||||||\u00bb header_3_font=\u00bb||||||||\u00bb header_3_text_color=\u00bb#2000a3&#8243; header_3_font_size=\u00bb30px\u00bb background_size=\u00bbinitial\u00bb background_position=\u00bbtop_left\u00bb background_repeat=\u00bbrepeat\u00bb animation_style=\u00bbslide\u00bb animation_direction=\u00bbright\u00bb text_font_size_tablet=\u00bb\u00bb text_font_size_phone=\u00bb15px\u00bb text_font_size_last_edited=\u00bbon|phone\u00bb text_line_height_tablet=\u00bb\u00bb text_line_height_phone=\u00bb1.5em\u00bb text_line_height_last_edited=\u00bbon|phone\u00bb header_font_size_tablet=\u00bb\u00bb header_font_size_phone=\u00bb\u00bb header_font_size_last_edited=\u00bbon|phone\u00bb header_3_font_size_tablet=\u00bb30px\u00bb header_3_font_size_phone=\u00bb25px\u00bb header_3_font_size_last_edited=\u00bbon|phone\u00bb global_colors_info=\u00bb{}\u00bb]<\/p>\n<h3 class=\"left-text\">Referencias (en ingl\u00e9s)<\/h3>\n<p><a href=\"https:\/\/www.cadmedinc.com\/wp-content\/uploads\/2026\/04\/Kaltsogianni-archdischild-2025-OxyGenie-1.pdf\" target=\"_blank\" rel=\"noopener\">Kaltsogianni O, Dassios T, Jenkinson A<\/a>, et al.<\/p>\n<p><a href=\"https:\/\/www.cadmedinc.com\/wp-content\/uploads\/2026\/04\/Automated-control-of-oxygen-titration-in-preterm-infants-on-non-invasive-respiratory-support-002.pdf\" target=\"_blank\" rel=\"noopener\">Closed-loop automated oxygen control in preterm ventilated infants: a randomized controlled trial.<\/a><\/p>\n<p><a href=\"https:\/\/www.cadmedinc.com\/wp-content\/uploads\/2026\/04\/Arch-Dis-Child-Fetal-Neonatal-Ed-2016-Plottier-archdischild-2016-310647.pdf\" target=\"_blank\" rel=\"noopener\">Arch Dis Child Fetal Neonatal Ed<\/a>. 2025.<\/p>\n<p>[\/et_pb_text][\/et_pb_column][\/et_pb_row][\/et_pb_section]<\/p>\n","protected":false},"excerpt":{"rendered":"<p>Ventilaci\u00f3n avanzada con HFO para los pacientes m\u00e1s peque\u00f1os SLE1500 con OxyGenie\u00ae A medida que la atenci\u00f3n neonatal sigue evolucionando en todo el Caribe, un aspecto que est\u00e1 recibiendo cada vez m\u00e1s atenci\u00f3n es la estabilidad del ox\u00edgeno y el control preciso de la FiO\u2082, sobre todo en los reci\u00e9n nacidos fr\u00e1giles, en los que [&hellip;]<\/p>\n","protected":false},"author":3,"featured_media":0,"parent":0,"menu_order":0,"comment_status":"closed","ping_status":"closed","template":"","meta":{"_et_pb_use_builder":"on","_et_pb_old_content":"","_et_gb_content_width":"","footnotes":""},"class_list":["post-4611","page","type-page","status-publish","hentry"],"_links":{"self":[{"href":"https:\/\/www.cadmedinc.com\/es\/wp-json\/wp\/v2\/pages\/4611"}],"collection":[{"href":"https:\/\/www.cadmedinc.com\/es\/wp-json\/wp\/v2\/pages"}],"about":[{"href":"https:\/\/www.cadmedinc.com\/es\/wp-json\/wp\/v2\/types\/page"}],"author":[{"embeddable":true,"href":"https:\/\/www.cadmedinc.com\/es\/wp-json\/wp\/v2\/users\/3"}],"replies":[{"embeddable":true,"href":"https:\/\/www.cadmedinc.com\/es\/wp-json\/wp\/v2\/comments?post=4611"}],"version-history":[{"count":5,"href":"https:\/\/www.cadmedinc.com\/es\/wp-json\/wp\/v2\/pages\/4611\/revisions"}],"predecessor-version":[{"id":4691,"href":"https:\/\/www.cadmedinc.com\/es\/wp-json\/wp\/v2\/pages\/4611\/revisions\/4691"}],"wp:attachment":[{"href":"https:\/\/www.cadmedinc.com\/es\/wp-json\/wp\/v2\/media?parent=4611"}],"curies":[{"name":"wp","href":"https:\/\/api.w.org\/{rel}","templated":true}]}}