{"id":3093,"date":"2019-01-23T20:31:47","date_gmt":"2019-01-23T20:31:47","guid":{"rendered":"https:\/\/www.cadmedinc.com\/cadmedinc-featured-products\/"},"modified":"2024-09-28T19:43:04","modified_gmt":"2024-09-28T19:43:04","slug":"cadmedinc-produits-populaires","status":"publish","type":"page","link":"https:\/\/www.cadmedinc.com\/fr\/cadmedinc-produits-populaires\/","title":{"rendered":"Produits populaires"},"content":{"rendered":"<p>[et_pb_section fb_built=\u00a0\u00bb1&Prime; _builder_version=\u00a0\u00bb4.16&Prime; background_color=\u00a0\u00bb#f0f0f0&Prime; background_image=\u00a0\u00bbhttps:\/\/www.cadmedinc.com\/wp-content\/uploads\/2018\/11\/Background-squares-50-03-3.png\u00a0\u00bb background_size=\u00a0\u00bbinitial\u00a0\u00bb background_position=\u00a0\u00bbtop_left\u00a0\u00bb background_repeat=\u00a0\u00bbrepeat\u00a0\u00bb global_colors_info=\u00a0\u00bb{}\u00a0\u00bb][et_pb_row column_structure=\u00a0\u00bb1_4,1_4,1_4,1_4&Prime; use_custom_gutter=\u00a0\u00bbon\u00a0\u00bb gutter_width=\u00a0\u00bb2&Prime; make_equal=\u00a0\u00bbon\u00a0\u00bb module_class=\u00a0\u00bb et_pb_row_fullwidth\u00a0\u00bb _builder_version=\u00a0\u00bb4.16&Prime; width=\u00a0\u00bb94%\u00a0\u00bb width_tablet=\u00a0\u00bb80%\u00a0\u00bb width_phone=\u00a0\u00bb\u00a0\u00bb width_last_edited=\u00a0\u00bbon|desktop\u00a0\u00bb max_width=\u00a0\u00bb94%\u00a0\u00bb max_width_tablet=\u00a0\u00bb80%\u00a0\u00bb max_width_phone=\u00a0\u00bb\u00a0\u00bb max_width_last_edited=\u00a0\u00bbon|desktop\u00a0\u00bb make_fullwidth=\u00a0\u00bbon\u00a0\u00bb global_colors_info=\u00a0\u00bb{}\u00a0\u00bb][et_pb_column type=\u00a0\u00bb1_4&Prime; _builder_version=\u00a0\u00bb4.16&Prime; custom_padding=\u00a0\u00bb|||\u00a0\u00bb global_colors_info=\u00a0\u00bb{}\u00a0\u00bb custom_padding__hover=\u00a0\u00bb|||\u00a0\u00bb][et_pb_blurb title=\u00a0\u00bbContinuum des soins respiratoires\u00a0\u00bb image=\u00a0\u00bbhttps:\/\/www.cadmedinc.com\/wp-content\/uploads\/2020\/03\/respiratory-care-continumm-fisher-paykel-1.jpg\u00a0\u00bb admin_label=\u00a0\u00bbFisher &#038; Paykel &#8211; Respiratory Care Continuum\u00a0\u00bb module_class=\u00a0\u00bbally-blurb5&Prime; _builder_version=\u00a0\u00bb4.17.4&Prime; header_font=\u00a0\u00bb|600|||||||\u00a0\u00bb header_text_color=\u00a0\u00bb#1547c4&Prime; border_radii=\u00a0\u00bbon|10px|10px|10px|10px\u00a0\u00bb border_width_all=\u00a0\u00bb1px\u00a0\u00bb border_color_all=\u00a0\u00bb#d8d8d8&Prime; box_shadow_style=\u00a0\u00bbpreset3&Prime; global_colors_info=\u00a0\u00bb{}\u00a0\u00bb]<\/p>\n<p><strong>Fisher &amp; Paykel Healthcare<\/strong> propose une solution respiratoire humidifi\u00e9e compl\u00e8te pour toutes les th\u00e9rapies dans le continuum de soins respiratoires F&amp;P<\/p>\n<p>&nbsp;<\/p>\n<p>[\/et_pb_blurb][et_pb_blurb title=\u00a0\u00bbNeopuff\u00a0\u00bb image=\u00a0\u00bbhttps:\/\/www.cadmedinc.com\/wp-content\/uploads\/2020\/03\/neopuff-t-piece-resuscitator.jpg\u00a0\u00bb admin_label=\u00a0\u00bbFisher &#038; Paykel &#8211; Bubble CPAP System\u00a0\u00bb module_class=\u00a0\u00bbally-blurb5&Prime; _builder_version=\u00a0\u00bb4.17.4&Prime; header_font=\u00a0\u00bb|600|||||||\u00a0\u00bb header_text_color=\u00a0\u00bb#1547c4&Prime; border_radii=\u00a0\u00bbon|10px|10px|10px|10px\u00a0\u00bb border_width_all=\u00a0\u00bb1px\u00a0\u00bb border_color_all=\u00a0\u00bb#d8d8d8&Prime; box_shadow_style=\u00a0\u00bbpreset3&Prime; global_colors_info=\u00a0\u00bb{}\u00a0\u00bb]<\/p>\n<p><strong>Fisher &amp; Paykel<\/strong> \u2013 Le Neopuff TM est un syst\u00e8me de r\u00e9animation \u00e0 la pi\u00e8ce en T con\u00e7u par Fisher &amp; Paykel Healthcare pour fournir des niveau de pressions contr\u00f4l\u00e9es et pr\u00e9cis, ind\u00e9pendamment de l&rsquo;exp\u00e9rience de l&rsquo;op\u00e9rateur.<\/p>\n<p>[\/et_pb_blurb][\/et_pb_column][et_pb_column type=\u00a0\u00bb1_4&Prime; _builder_version=\u00a0\u00bb4.16&Prime; custom_padding=\u00a0\u00bb|||\u00a0\u00bb global_colors_info=\u00a0\u00bb{}\u00a0\u00bb custom_padding__hover=\u00a0\u00bb|||\u00a0\u00bb][et_pb_blurb title=\u00a0\u00bbOptiflow\u2122 Junior\u00a0\u00bb image=\u00a0\u00bbhttps:\/\/www.cadmedinc.com\/wp-content\/uploads\/2018\/11\/Optiflow-neonatal.jpg\u00a0\u00bb admin_label=\u00a0\u00bbFisher &#038; Paykel &#8211; Optiflow Junior\u00a0\u00bb module_class=\u00a0\u00bbally-blurb5&Prime; _builder_version=\u00a0\u00bb4.17.4&Prime; header_font=\u00a0\u00bb|600|||||||\u00a0\u00bb header_text_color=\u00a0\u00bb#1547c4&Prime; border_radii=\u00a0\u00bbon|10px|10px|10px|10px\u00a0\u00bb border_width_all=\u00a0\u00bb1px\u00a0\u00bb border_color_all=\u00a0\u00bb#d8d8d8&Prime; box_shadow_style=\u00a0\u00bbpreset3&Prime; global_colors_info=\u00a0\u00bb{}\u00a0\u00bb]<\/p>\n<p><strong>Fisher &amp; Paykel<\/strong> \u2013 Nouvelle gamme de canules con\u00e7ue sp\u00e9cifiquement pour les caract\u00e9ristiques anatomiques d\u00e9licates et les exigences de d\u00e9bit des patients n\u00e9onatals et p\u00e9diatriques<\/p>\n<p>[\/et_pb_blurb][et_pb_blurb title=\u00a0\u00bbVentilation invasive n\u00e9onatale et p\u00e9diatrique\u00a0\u00bb image=\u00a0\u00bbhttps:\/\/www.cadmedinc.com\/wp-content\/uploads\/2020\/03\/Infant-Invasive-Evaqua-2.jpg\u00a0\u00bb admin_label=\u00a0\u00bbFisher &#038; Paykel &#8211; Bubble CPAP System\u00a0\u00bb module_class=\u00a0\u00bbally-blurb5&Prime; _builder_version=\u00a0\u00bb4.17.4&Prime; header_font=\u00a0\u00bb|600|||||||\u00a0\u00bb header_text_color=\u00a0\u00bb#1547c4&Prime; border_radii=\u00a0\u00bbon|10px|10px|10px|10px\u00a0\u00bb border_width_all=\u00a0\u00bb1px\u00a0\u00bb border_color_all=\u00a0\u00bb#d8d8d8&Prime; box_shadow_style=\u00a0\u00bbpreset3&Prime; global_colors_info=\u00a0\u00bb{}\u00a0\u00bb]<\/p>\n<p>Fisher &amp; Paykel \u2013 propose des circuits humidifi\u00e9s con\u00e7us pour d\u00e9livrer des gaz chauff\u00e9s et humidifi\u00e9s aux nouveau-n\u00e9s et aux nourrissons pendant la ventilation invasive.<\/p>\n<p>[\/et_pb_blurb][\/et_pb_column][et_pb_column type=\u00a0\u00bb1_4&Prime; _builder_version=\u00a0\u00bb4.16&Prime; custom_padding=\u00a0\u00bb|||\u00a0\u00bb global_colors_info=\u00a0\u00bb{}\u00a0\u00bb custom_padding__hover=\u00a0\u00bb|||\u00a0\u00bb][et_pb_blurb title=\u00a0\u00bbSyst\u00e8me CPAP \u00e0 bulles\u00a0\u00bb image=\u00a0\u00bbhttps:\/\/www.cadmedinc.com\/wp-content\/uploads\/2018\/11\/Bubble-CPAP-System.jpg\u00a0\u00bb admin_label=\u00a0\u00bbFisher &#038; Paykel &#8211; Bubble CPAP System\u00a0\u00bb module_class=\u00a0\u00bbally-blurb5&Prime; _builder_version=\u00a0\u00bb4.17.4&Prime; header_font=\u00a0\u00bb|600|||||||\u00a0\u00bb header_text_color=\u00a0\u00bb#1547c4&Prime; border_radii=\u00a0\u00bbon|10px|10px|10px|10px\u00a0\u00bb border_width_all=\u00a0\u00bb1px\u00a0\u00bb border_color_all=\u00a0\u00bb#d8d8d8&Prime; box_shadow_style=\u00a0\u00bbpreset3&Prime; global_colors_info=\u00a0\u00bb{}\u00a0\u00bb]<\/p>\n<p><strong>Fisher &amp; Paykel<\/strong> \u2013 Bubble CPAP est une forme unique de CPAP, qui fournit une assistance respiratoire aux nouveau-n\u00e9s respirant spontan\u00e9ment.<\/p>\n<p>[\/et_pb_blurb][et_pb_blurb title=\u00a0\u00bbAdulte Evaqua 2 \u00a0\u00bb image=\u00a0\u00bbhttps:\/\/www.cadmedinc.com\/wp-content\/uploads\/2020\/03\/Adult-evaqua-2.jpg\u00a0\u00bb admin_label=\u00a0\u00bbFisher &#038; Paykel &#8211; Bubble CPAP System\u00a0\u00bb module_class=\u00a0\u00bbally-blurb5&Prime; _builder_version=\u00a0\u00bb4.17.4&Prime; header_font=\u00a0\u00bb|600|||||||\u00a0\u00bb header_text_color=\u00a0\u00bb#1547c4&Prime; border_radii=\u00a0\u00bbon|10px|10px|10px|10px\u00a0\u00bb border_width_all=\u00a0\u00bb1px\u00a0\u00bb border_color_all=\u00a0\u00bb#d8d8d8&Prime; box_shadow_style=\u00a0\u00bbpreset3&Prime; global_colors_info=\u00a0\u00bb{}\u00a0\u00bb]<\/p>\n<p><strong>Fisher &amp; Paykel<\/strong> &#8211; Les circuits respiratoires Evaqua 2 combinent la technologie traditionnelle F&amp;P des circuits double chauff\u00e9s, avec une technologie brevet\u00e9e dans la branche inspiratoire et la branche expiratoire afin de minimiser la condensation et favoriser une ventilation en syst\u00e8me ferm\u00e9.<\/p>\n<p>[\/et_pb_blurb][\/et_pb_column][et_pb_column type=\u00a0\u00bb1_4&Prime; _builder_version=\u00a0\u00bb4.16&Prime; custom_padding=\u00a0\u00bb|||\u00a0\u00bb global_colors_info=\u00a0\u00bb{}\u00a0\u00bb custom_padding__hover=\u00a0\u00bb|||\u00a0\u00bb][et_pb_blurb title=\u00a0\u00bbSyst\u00e8me Airvo 2&Prime; image=\u00a0\u00bbhttps:\/\/www.cadmedinc.com\/wp-content\/uploads\/2019\/01\/Fisher-Paykel-Airvo-II.jpg\u00a0\u00bb admin_label=\u00a0\u00bbFisher &#038; Paykel &#8211; Airvo II\u00a0\u00bb module_class=\u00a0\u00bbally-blurb5&Prime; _builder_version=\u00a0\u00bb4.17.4&Prime; header_font=\u00a0\u00bb|600|||||||\u00a0\u00bb header_text_color=\u00a0\u00bb#1547c4&Prime; border_radii=\u00a0\u00bbon|10px|10px|10px|10px\u00a0\u00bb border_width_all=\u00a0\u00bb1px\u00a0\u00bb border_color_all=\u00a0\u00bb#d8d8d8&Prime; box_shadow_style=\u00a0\u00bbpreset3&Prime; global_colors_info=\u00a0\u00bb{}\u00a0\u00bb]<\/p>\n<p>Le syst\u00e8me AIRVO 2 permet de d\u00e9livrer la th\u00e9rapie Optiflow\u2122 dans l\u2019ensemble des services critiques et non critiques de l&rsquo;h\u00f4pital. Il permet d\u2019administrer un m\u00e9lange d\u2019air et d\u2019oxyg\u00e8ne jusqu\u2019\u00e0 60 LPM directement par voies nasale. Le Airvo 2 dispose d\u2019une turbine ce qui le rend ind\u00e9pendant d\u2019une source d\u2019air m\u00e9dical. Le F&amp;P myAIRVO\u2122 a \u00e9t\u00e9 sp\u00e9cialement con\u00e7u pour les besoins des patients \u00e0 domicile suite \u00e0 l\u2019hospitalisation et pour les soins de longue dur\u00e9e.<\/p>\n<p>[\/et_pb_blurb][\/et_pb_column][\/et_pb_row][\/et_pb_section]<\/p>\n","protected":false},"excerpt":{"rendered":"<p>Fisher &amp; Paykel Healthcare propose une solution respiratoire humidifi\u00e9e compl\u00e8te pour toutes les th\u00e9rapies dans le continuum de soins respiratoires F&amp;P &nbsp;Fisher &amp; Paykel \u2013 Le Neopuff TM est un syst\u00e8me de r\u00e9animation \u00e0 la pi\u00e8ce en T con\u00e7u par Fisher &amp; Paykel Healthcare pour fournir des niveau de pressions contr\u00f4l\u00e9es et pr\u00e9cis, ind\u00e9pendamment de [&hellip;]<\/p>\n","protected":false},"author":3,"featured_media":0,"parent":0,"menu_order":0,"comment_status":"closed","ping_status":"closed","template":"","meta":{"_et_pb_use_builder":"on","_et_pb_old_content":"","_et_gb_content_width":"","footnotes":""},"class_list":["post-3093","page","type-page","status-publish","hentry"],"_links":{"self":[{"href":"https:\/\/www.cadmedinc.com\/fr\/wp-json\/wp\/v2\/pages\/3093"}],"collection":[{"href":"https:\/\/www.cadmedinc.com\/fr\/wp-json\/wp\/v2\/pages"}],"about":[{"href":"https:\/\/www.cadmedinc.com\/fr\/wp-json\/wp\/v2\/types\/page"}],"author":[{"embeddable":true,"href":"https:\/\/www.cadmedinc.com\/fr\/wp-json\/wp\/v2\/users\/3"}],"replies":[{"embeddable":true,"href":"https:\/\/www.cadmedinc.com\/fr\/wp-json\/wp\/v2\/comments?post=3093"}],"version-history":[{"count":5,"href":"https:\/\/www.cadmedinc.com\/fr\/wp-json\/wp\/v2\/pages\/3093\/revisions"}],"predecessor-version":[{"id":4044,"href":"https:\/\/www.cadmedinc.com\/fr\/wp-json\/wp\/v2\/pages\/3093\/revisions\/4044"}],"wp:attachment":[{"href":"https:\/\/www.cadmedinc.com\/fr\/wp-json\/wp\/v2\/media?parent=3093"}],"curies":[{"name":"wp","href":"https:\/\/api.w.org\/{rel}","templated":true}]}}