{"id":3122,"date":"2018-11-06T23:44:07","date_gmt":"2018-11-06T23:44:07","guid":{"rendered":"https:\/\/www.cadmedinc.com\/presicion-medical-company-profile\/"},"modified":"2021-09-10T02:07:04","modified_gmt":"2021-09-10T02:07:04","slug":"presicion-medical-profil-de-la-societe","status":"publish","type":"page","link":"https:\/\/www.cadmedinc.com\/fr\/presicion-medical-profil-de-la-societe\/","title":{"rendered":"Precision Medical"},"content":{"rendered":"<p>[et_pb_section fb_built=\u00a0\u00bb1&Prime; custom_padding_last_edited=\u00a0\u00bbon|phone\u00a0\u00bb disabled_on=\u00a0\u00bbon||\u00a0\u00bb module_class=\u00a0\u00bbally-gradient-overlay\u00a0\u00bb _builder_version=\u00a0\u00bb3.22&Prime; background_color=\u00a0\u00bb#ffffff\u00a0\u00bb background_image=\u00a0\u00bbhttps:\/\/www.cadmedinc.com\/wp-content\/uploads\/2018\/11\/Presicion-medical.jpg\u00a0\u00bb background_size=\u00a0\u00bbinitial\u00a0\u00bb background_position=\u00a0\u00bbtop_right\u00a0\u00bb custom_padding_tablet=\u00a0\u00bb50px|0|50px|0&Prime; custom_padding_phone=\u00a0\u00bb\u00a0\u00bb custom_css_main_element=\u00a0\u00bbheight: 20vw;\u00a0\u00bb][et_pb_row column_structure=\u00a0\u00bb1_3,2_3&Prime; module_class=\u00a0\u00bb et_pb_row_fullwidth\u00a0\u00bb _builder_version=\u00a0\u00bb3.25&Prime; background_size=\u00a0\u00bbinitial\u00a0\u00bb background_position=\u00a0\u00bbtop_left\u00a0\u00bb background_repeat=\u00a0\u00bbrepeat\u00a0\u00bb width=\u00a0\u00bb89%\u00a0\u00bb width_tablet=\u00a0\u00bb80%\u00a0\u00bb width_phone=\u00a0\u00bb\u00a0\u00bb width_last_edited=\u00a0\u00bbon|desktop\u00a0\u00bb max_width=\u00a0\u00bb89%\u00a0\u00bb max_width_tablet=\u00a0\u00bb80%\u00a0\u00bb max_width_phone=\u00a0\u00bb\u00a0\u00bb max_width_last_edited=\u00a0\u00bbon|desktop\u00a0\u00bb make_fullwidth=\u00a0\u00bbon\u00a0\u00bb][et_pb_column type=\u00a0\u00bb1_3&Prime; _builder_version=\u00a0\u00bb3.25&Prime; custom_padding=\u00a0\u00bb|||\u00a0\u00bb custom_padding__hover=\u00a0\u00bb|||\u00a0\u00bb][et_pb_image src=\u00a0\u00bbhttps:\/\/www.cadmedinc.com\/wp-content\/uploads\/2018\/11\/companies-presicion-medical.png\u00a0\u00bb show_bottom_space=\u00a0\u00bboff\u00a0\u00bb align_tablet=\u00a0\u00bbcenter\u00a0\u00bb align_phone=\u00a0\u00bb\u00a0\u00bb align_last_edited=\u00a0\u00bbon|desktop\u00a0\u00bb admin_label=\u00a0\u00bbPrecision medical\u00a0\u00bb _builder_version=\u00a0\u00bb3.23&Prime; max_width=\u00a0\u00bb80%\u00a0\u00bb max_width_tablet=\u00a0\u00bb\u00a0\u00bb max_width_phone=\u00a0\u00bb95%\u00a0\u00bb max_width_last_edited=\u00a0\u00bbon|phone\u00a0\u00bb custom_margin=\u00a0\u00bb||20px|\u00a0\u00bb border_color_all=\u00a0\u00bb#95b035&Prime;]<br \/>\n[\/et_pb_image][\/et_pb_column][et_pb_column type=\u00a0\u00bb2_3&Prime; _builder_version=\u00a0\u00bb3.25&Prime; custom_padding=\u00a0\u00bb|||\u00a0\u00bb custom_padding__hover=\u00a0\u00bb|||\u00a0\u00bb][\/et_pb_column][\/et_pb_row][\/et_pb_section][et_pb_section fb_built=\u00a0\u00bb1&Prime; _builder_version=\u00a0\u00bb3.22&Prime; background_image=\u00a0\u00bbhttps:\/\/www.cadmedinc.com\/wp-content\/uploads\/2018\/11\/Background-squares-50-03.png\u00a0\u00bb background_size=\u00a0\u00bbinitial\u00a0\u00bb background_position=\u00a0\u00bbtop_left\u00a0\u00bb background_repeat=\u00a0\u00bbrepeat\u00a0\u00bb custom_padding=\u00a0\u00bb0|0px|5px|0px|false|false\u00a0\u00bb][et_pb_row custom_padding_last_edited=\u00a0\u00bbon|desktop\u00a0\u00bb _builder_version=\u00a0\u00bb3.25&Prime; background_color=\u00a0\u00bb#f0f0f0&Prime; width=\u00a0\u00bb100%\u00a0\u00bb max_width=\u00a0\u00bb100%\u00a0\u00bb module_alignment=\u00a0\u00bbcenter\u00a0\u00bb custom_padding=\u00a0\u00bb30px|0px|66px|0px\u00a0\u00bb custom_padding_tablet=\u00a0\u00bb0px|0px|30px|0px\u00a0\u00bb custom_padding_phone=\u00a0\u00bb\u00a0\u00bb use_custom_width=\u00a0\u00bbon\u00a0\u00bb width_unit=\u00a0\u00bboff\u00a0\u00bb custom_width_percent=\u00a0\u00bb100%\u00a0\u00bb][et_pb_column type=\u00a0\u00bb4_4&Prime; _builder_version=\u00a0\u00bb3.25&Prime; custom_padding=\u00a0\u00bb|||\u00a0\u00bb custom_padding__hover=\u00a0\u00bb|||\u00a0\u00bb][et_pb_image src=\u00a0\u00bbhttps:\/\/www.cadmedinc.com\/wp-content\/uploads\/2018\/11\/companies-presicion-medical.png\u00a0\u00bb show_bottom_space=\u00a0\u00bboff\u00a0\u00bb align_tablet=\u00a0\u00bbcenter\u00a0\u00bb align_phone=\u00a0\u00bb\u00a0\u00bb align_last_edited=\u00a0\u00bbon|desktop\u00a0\u00bb disabled_on=\u00a0\u00bb|on|on\u00a0\u00bb admin_label=\u00a0\u00bbFisher Paykel for Mobile\u00a0\u00bb _builder_version=\u00a0\u00bb3.23&Prime; max_width=\u00a0\u00bb80%\u00a0\u00bb max_width_tablet=\u00a0\u00bb\u00a0\u00bb max_width_phone=\u00a0\u00bb95%\u00a0\u00bb max_width_last_edited=\u00a0\u00bbon|phone\u00a0\u00bb custom_margin=\u00a0\u00bb||20px|\u00a0\u00bb border_color_all=\u00a0\u00bb#95b035&Prime;]<br \/>\n[\/et_pb_image][et_pb_text admin_label=\u00a0\u00bbCompany Title\u00a0\u00bb _builder_version=\u00a0\u00bb4.0.2&Prime; header_text_color=\u00a0\u00bb#000000&Prime; header_font_size=\u00a0\u00bb49px\u00a0\u00bb background_size=\u00a0\u00bbinitial\u00a0\u00bb background_position=\u00a0\u00bbtop_left\u00a0\u00bb background_repeat=\u00a0\u00bbrepeat\u00a0\u00bb text_orientation=\u00a0\u00bbcenter\u00a0\u00bb module_alignment=\u00a0\u00bbcenter\u00a0\u00bb hover_enabled=\u00a0\u00bb0&Prime; header_font_size_tablet=\u00a0\u00bb40px\u00a0\u00bb header_font_size_phone=\u00a0\u00bb30px\u00a0\u00bb header_font_size_last_edited=\u00a0\u00bbon|phone\u00a0\u00bb use_border_color=\u00a0\u00bboff\u00a0\u00bb]<\/p>\n<h1 class=\"ally-lines\">Technologie respiratoire de pointe<\/h1>\n<p>[\/et_pb_text][\/et_pb_column][\/et_pb_row][et_pb_row column_structure=\u00a0\u00bb1_2,1_2&Prime; disabled_on=\u00a0\u00bboff|off|off\u00a0\u00bb _builder_version=\u00a0\u00bb3.25&Prime; background_size=\u00a0\u00bbinitial\u00a0\u00bb background_position=\u00a0\u00bbtop_left\u00a0\u00bb background_repeat=\u00a0\u00bbrepeat\u00a0\u00bb width=\u00a0\u00bb77%\u00a0\u00bb max_width=\u00a0\u00bb77%\u00a0\u00bb custom_padding=\u00a0\u00bb35px|0px|2px|0px|false|false\u00a0\u00bb use_custom_width=\u00a0\u00bbon\u00a0\u00bb width_unit=\u00a0\u00bboff\u00a0\u00bb custom_width_percent=\u00a0\u00bb77%\u00a0\u00bb][et_pb_column type=\u00a0\u00bb1_2&Prime; _builder_version=\u00a0\u00bb3.25&Prime; custom_padding=\u00a0\u00bb|||\u00a0\u00bb custom_padding__hover=\u00a0\u00bb|||\u00a0\u00bb][et_pb_image src=\u00a0\u00bbhttps:\/\/www.cadmedinc.com\/wp-content\/uploads\/2019\/02\/Precision-Medical-Manufacturing.jpg\u00a0\u00bb show_in_lightbox=\u00a0\u00bbon\u00a0\u00bb show_bottom_space=\u00a0\u00bboff\u00a0\u00bb align=\u00a0\u00bbcenter\u00a0\u00bb align_tablet=\u00a0\u00bbcenter\u00a0\u00bb align_phone=\u00a0\u00bb\u00a0\u00bb align_last_edited=\u00a0\u00bbon|desktop\u00a0\u00bb admin_label=\u00a0\u00bbImage in right column\u00a0\u00bb _builder_version=\u00a0\u00bb3.23&Prime; custom_margin=\u00a0\u00bb2px|||\u00a0\u00bb custom_padding=\u00a0\u00bb||20px|\u00a0\u00bb border_radii=\u00a0\u00bbon|5px|5px|5px|5px\u00a0\u00bb border_width_all=\u00a0\u00bb1px\u00a0\u00bb border_color_all=\u00a0\u00bbrgba(51,51,51,0.4)\u00a0\u00bb]<br \/>\n[\/et_pb_image][et_pb_image src=\u00a0\u00bbhttps:\/\/www.cadmedinc.com\/wp-content\/uploads\/2019\/02\/Precision-Medical-Manufacturing2.jpg\u00a0\u00bb show_in_lightbox=\u00a0\u00bbon\u00a0\u00bb show_bottom_space=\u00a0\u00bboff\u00a0\u00bb align=\u00a0\u00bbcenter\u00a0\u00bb align_tablet=\u00a0\u00bbcenter\u00a0\u00bb align_phone=\u00a0\u00bb\u00a0\u00bb align_last_edited=\u00a0\u00bbon|desktop\u00a0\u00bb admin_label=\u00a0\u00bbImage in right column\u00a0\u00bb _builder_version=\u00a0\u00bb3.23&Prime; custom_margin=\u00a0\u00bb2px|||\u00a0\u00bb custom_padding=\u00a0\u00bb||20px|\u00a0\u00bb border_radii=\u00a0\u00bbon|5px|5px|5px|5px\u00a0\u00bb border_width_all=\u00a0\u00bb1px\u00a0\u00bb border_color_all=\u00a0\u00bbrgba(51,51,51,0.4)\u00a0\u00bb]<br \/>\n[\/et_pb_image][\/et_pb_column][et_pb_column type=\u00a0\u00bb1_2&Prime; _builder_version=\u00a0\u00bb3.25&Prime; custom_padding=\u00a0\u00bb|||\u00a0\u00bb custom_padding__hover=\u00a0\u00bb|||\u00a0\u00bb][et_pb_text admin_label=\u00a0\u00bbCorporate texts\u00a0\u00bb _builder_version=\u00a0\u00bb4.0.2&Prime; header_font=\u00a0\u00bb||||||||\u00a0\u00bb header_text_color=\u00a0\u00bb#2000a3&Prime; header_3_font=\u00a0\u00bb||||||||\u00a0\u00bb header_3_text_color=\u00a0\u00bb#accc3b\u00a0\u00bb header_3_font_size=\u00a0\u00bb35px\u00a0\u00bb header_4_font=\u00a0\u00bb||||||||\u00a0\u00bb header_4_text_color=\u00a0\u00bb#2000a3&Prime; header_5_font=\u00a0\u00bb|500|||||||\u00a0\u00bb header_5_text_color=\u00a0\u00bbrgba(0,0,0,0.8)\u00a0\u00bb header_5_font_size=\u00a0\u00bb18px\u00a0\u00bb header_5_line_height=\u00a0\u00bb2em\u00a0\u00bb custom_margin=\u00a0\u00bb||0px|\u00a0\u00bb hover_enabled=\u00a0\u00bb0&Prime; header_5_font_size_tablet=\u00a0\u00bb\u00a0\u00bb header_5_font_size_phone=\u00a0\u00bb17px\u00a0\u00bb header_5_font_size_last_edited=\u00a0\u00bbon|tablet\u00a0\u00bb header_5_line_height_tablet=\u00a0\u00bb\u00a0\u00bb header_5_line_height_phone=\u00a0\u00bb\u00a0\u00bb header_5_line_height_last_edited=\u00a0\u00bbon|phone\u00a0\u00bb]<\/p>\n<h4>Precision M\u00e9dicale, Inc.<\/h4>\n<p>Precision Medical, Inc. est un leader mondial dans le domaine des appareils respiratoires et des \u00e9quipements m\u00e9dicaux, aidant les \u00e9tablissements de sant\u00e9 et les industries de soins \u00e0 domicile \u00e0 obtenir des r\u00e9sultats positifs pour les patients dans plus de 50 pays \u00e0 travers le monde. Ses gammes de produits innovants et l\u00e9gers comprennent des r\u00e9gulateurs d&rsquo;oxyg\u00e8ne, des aspirateurs, des compresseurs d&rsquo;air et des d\u00e9bitm\u00e8tres. La soci\u00e9t\u00e9 a \u00e9t\u00e9 fond\u00e9e en 1984 et est bas\u00e9e \u00e0 Northampton, en Pennsylvanie.<\/p>\n<p><strong>Fournir des produits respiratoires de haute qualit\u00e9 pour les h\u00f4pitaux<\/strong><\/p>\n<p>S\u00fbr. Convivial. Pr\u00e9cis. Durable. Facile \u00e0 maintenir. Ce ne sont l\u00e0 que quelques-unes des qualit\u00e9s que vous recherchez dans les produits respiratoires pour votre \u00e9tablissement. Les produits respiratoires de Precision Medical pour les h\u00f4pitaux r\u00e9pondent \u00e0 tous ces aspects et \u00e0 d&rsquo;autres facteurs cl\u00e9s que vous \u00e9valuez avant d&rsquo;acheter un \u00e9quipement respiratoire m\u00e9dical.<\/p>\n<p>&nbsp;<\/p>\n<p>&nbsp;<\/p>\n<p>[\/et_pb_text][et_pb_image src=\u00a0\u00bbhttps:\/\/www.cadmedinc.com\/wp-content\/uploads\/2019\/02\/precision-medical-fittings2.jpg\u00a0\u00bb show_in_lightbox=\u00a0\u00bbon\u00a0\u00bb show_bottom_space=\u00a0\u00bboff\u00a0\u00bb align=\u00a0\u00bbcenter\u00a0\u00bb align_tablet=\u00a0\u00bbcenter\u00a0\u00bb align_phone=\u00a0\u00bb\u00a0\u00bb align_last_edited=\u00a0\u00bbon|desktop\u00a0\u00bb admin_label=\u00a0\u00bbImage in right column\u00a0\u00bb _builder_version=\u00a0\u00bb3.23&Prime; custom_margin=\u00a0\u00bb2px|||\u00a0\u00bb custom_padding=\u00a0\u00bb||20px|\u00a0\u00bb border_radii=\u00a0\u00bbon|5px|5px|5px|5px\u00a0\u00bb border_width_all=\u00a0\u00bb1px\u00a0\u00bb border_color_all=\u00a0\u00bbrgba(51,51,51,0.4)\u00a0\u00bb]<br \/>\n[\/et_pb_image][\/et_pb_column][\/et_pb_row][et_pb_row column_structure=\u00a0\u00bb1_2,1_2&Prime; module_class=\u00a0\u00bbcustom_row\u00a0\u00bb _builder_version=\u00a0\u00bb3.25&Prime; background_size=\u00a0\u00bbinitial\u00a0\u00bb background_position=\u00a0\u00bbtop_left\u00a0\u00bb background_repeat=\u00a0\u00bbrepeat\u00a0\u00bb width=\u00a0\u00bb77%\u00a0\u00bb max_width=\u00a0\u00bb77%\u00a0\u00bb custom_padding=\u00a0\u00bb29px|0px|0px|0px|false|false\u00a0\u00bb use_custom_width=\u00a0\u00bbon\u00a0\u00bb width_unit=\u00a0\u00bboff\u00a0\u00bb custom_width_percent=\u00a0\u00bb77%\u00a0\u00bb][et_pb_column type=\u00a0\u00bb1_2&Prime; module_class=\u00a0\u00bbsecond-on-mobile\u00a0\u00bb _builder_version=\u00a0\u00bb3.25&Prime; custom_padding=\u00a0\u00bb|||\u00a0\u00bb custom_padding__hover=\u00a0\u00bb|||\u00a0\u00bb][et_pb_text admin_label=\u00a0\u00bbText on LEFT Column\u00a0\u00bb _builder_version=\u00a0\u00bb4.0.2&Prime; header_font=\u00a0\u00bb||||||||\u00a0\u00bb header_text_color=\u00a0\u00bb#2000a3&Prime; header_3_font=\u00a0\u00bb||||||||\u00a0\u00bb header_3_text_color=\u00a0\u00bb#accc3b\u00a0\u00bb header_3_font_size=\u00a0\u00bb35px\u00a0\u00bb header_4_font=\u00a0\u00bb||||||||\u00a0\u00bb header_4_text_color=\u00a0\u00bb#2000a3&Prime; header_5_font=\u00a0\u00bb|500|||||||\u00a0\u00bb header_5_text_color=\u00a0\u00bbrgba(0,0,0,0.8)\u00a0\u00bb header_5_font_size=\u00a0\u00bb18px\u00a0\u00bb header_5_line_height=\u00a0\u00bb2em\u00a0\u00bb custom_margin=\u00a0\u00bb||0px|\u00a0\u00bb hover_enabled=\u00a0\u00bb0&Prime; header_5_font_size_tablet=\u00a0\u00bb\u00a0\u00bb header_5_font_size_phone=\u00a0\u00bb17px\u00a0\u00bb header_5_font_size_last_edited=\u00a0\u00bbon|tablet\u00a0\u00bb header_5_line_height_tablet=\u00a0\u00bb\u00a0\u00bb header_5_line_height_phone=\u00a0\u00bb\u00a0\u00bb header_5_line_height_last_edited=\u00a0\u00bbon|phone\u00a0\u00bb]<\/p>\n<h4><span class=\"nomarginbottom hidden-tablet\">Medical Fittings<\/span><\/h4>\n<p class=\"nomarginbottom\">Entreprise certifi\u00e9e ISO 13485, Medical Fittings, Inc. est un leader dans la fabrication et la commercialisation de raccords utilis\u00e9s pour les gaz m\u00e9dicaux. La r\u00e9putation de Medical Fittings est fond\u00e9e sur la fourniture \u00e0 nos clients de produits de qualit\u00e9, d&rsquo;un service exceptionnel et de prix raisonnables.<br \/>Nous fabriquons des adaptateurs pour r\u00e9pondre \u00e0 tous les besoins. Coupleurs, raccords rapides m\u00e2les et femelles pour tous les principaux mod\u00e8les, y compris ; Ohmeda, Chemetron, Puritan-Bennett et Schrader ainsi que les connexions DISS.<\/p>\n<div class=\"left-text\"><\/div>\n<p>[\/et_pb_text][\/et_pb_column][et_pb_column type=\u00a0\u00bb1_2&Prime; module_class=\u00a0\u00bbfirst-on-mobile\u00a0\u00bb _builder_version=\u00a0\u00bb3.25&Prime; custom_padding=\u00a0\u00bb|||\u00a0\u00bb custom_padding__hover=\u00a0\u00bb|||\u00a0\u00bb][et_pb_image src=\u00a0\u00bbhttps:\/\/www.cadmedinc.com\/wp-content\/uploads\/2019\/02\/precision-medical-fittings.jpg\u00a0\u00bb show_in_lightbox=\u00a0\u00bbon\u00a0\u00bb show_bottom_space=\u00a0\u00bboff\u00a0\u00bb align=\u00a0\u00bbcenter\u00a0\u00bb align_tablet=\u00a0\u00bbcenter\u00a0\u00bb align_phone=\u00a0\u00bb\u00a0\u00bb align_last_edited=\u00a0\u00bbon|desktop\u00a0\u00bb admin_label=\u00a0\u00bbImage in right column\u00a0\u00bb _builder_version=\u00a0\u00bb3.23&Prime; custom_margin=\u00a0\u00bb2px|||\u00a0\u00bb custom_padding=\u00a0\u00bb||20px|\u00a0\u00bb border_radii=\u00a0\u00bbon|5px|5px|5px|5px\u00a0\u00bb border_width_all=\u00a0\u00bb1px\u00a0\u00bb border_color_all=\u00a0\u00bbrgba(51,51,51,0.4)\u00a0\u00bb]<br \/>\n[\/et_pb_image][\/et_pb_column][\/et_pb_row][et_pb_row column_structure=\u00a0\u00bb1_2,1_2&Prime; disabled_on=\u00a0\u00bboff|off|off\u00a0\u00bb _builder_version=\u00a0\u00bb3.25&Prime; background_size=\u00a0\u00bbinitial\u00a0\u00bb background_position=\u00a0\u00bbtop_left\u00a0\u00bb background_repeat=\u00a0\u00bbrepeat\u00a0\u00bb width=\u00a0\u00bb77%\u00a0\u00bb max_width=\u00a0\u00bb77%\u00a0\u00bb custom_padding=\u00a0\u00bb35px|0px|2px|0px|false|false\u00a0\u00bb use_custom_width=\u00a0\u00bbon\u00a0\u00bb width_unit=\u00a0\u00bboff\u00a0\u00bb custom_width_percent=\u00a0\u00bb77%\u00a0\u00bb][et_pb_column type=\u00a0\u00bb1_2&Prime; _builder_version=\u00a0\u00bb3.25&Prime; custom_padding=\u00a0\u00bb|||\u00a0\u00bb custom_padding__hover=\u00a0\u00bb|||\u00a0\u00bb][et_pb_image src=\u00a0\u00bbhttps:\/\/www.cadmedinc.com\/wp-content\/uploads\/2019\/02\/precision-medical-blender.jpg\u00a0\u00bb show_in_lightbox=\u00a0\u00bbon\u00a0\u00bb show_bottom_space=\u00a0\u00bboff\u00a0\u00bb align=\u00a0\u00bbcenter\u00a0\u00bb align_tablet=\u00a0\u00bbcenter\u00a0\u00bb align_phone=\u00a0\u00bb\u00a0\u00bb align_last_edited=\u00a0\u00bbon|desktop\u00a0\u00bb admin_label=\u00a0\u00bbImage in right column\u00a0\u00bb _builder_version=\u00a0\u00bb3.23&Prime; custom_margin=\u00a0\u00bb2px|||\u00a0\u00bb custom_padding=\u00a0\u00bb||20px|\u00a0\u00bb border_radii=\u00a0\u00bbon|5px|5px|5px|5px\u00a0\u00bb border_width_all=\u00a0\u00bb1px\u00a0\u00bb border_color_all=\u00a0\u00bbrgba(51,51,51,0.4)\u00a0\u00bb]<br \/>\n[\/et_pb_image][\/et_pb_column][et_pb_column type=\u00a0\u00bb1_2&Prime; _builder_version=\u00a0\u00bb3.25&Prime; custom_padding=\u00a0\u00bb|||\u00a0\u00bb custom_padding__hover=\u00a0\u00bb|||\u00a0\u00bb][et_pb_text admin_label=\u00a0\u00bbHomecare Respiratory Products\u00a0\u00bb _builder_version=\u00a0\u00bb4.0.2&Prime; header_font=\u00a0\u00bb||||||||\u00a0\u00bb header_text_color=\u00a0\u00bb#2000a3&Prime; header_3_font=\u00a0\u00bb||||||||\u00a0\u00bb header_3_text_color=\u00a0\u00bb#accc3b\u00a0\u00bb header_3_font_size=\u00a0\u00bb35px\u00a0\u00bb header_4_font=\u00a0\u00bb||||||||\u00a0\u00bb header_4_text_color=\u00a0\u00bb#2000a3&Prime; header_5_font=\u00a0\u00bb|500|||||||\u00a0\u00bb header_5_text_color=\u00a0\u00bbrgba(0,0,0,0.8)\u00a0\u00bb header_5_font_size=\u00a0\u00bb18px\u00a0\u00bb header_5_line_height=\u00a0\u00bb2em\u00a0\u00bb custom_margin=\u00a0\u00bb||0px|\u00a0\u00bb hover_enabled=\u00a0\u00bb0&Prime; header_5_font_size_tablet=\u00a0\u00bb\u00a0\u00bb header_5_font_size_phone=\u00a0\u00bb17px\u00a0\u00bb header_5_font_size_last_edited=\u00a0\u00bbon|tablet\u00a0\u00bb header_5_line_height_tablet=\u00a0\u00bb\u00a0\u00bb header_5_line_height_phone=\u00a0\u00bb\u00a0\u00bb header_5_line_height_last_edited=\u00a0\u00bbon|phone\u00a0\u00bb]<\/p>\n<h4 class=\"nomargintop smallmarginbottom\">Produits respiratoires \u00e0 domicile<\/h4>\n<p class=\"nomarginbottom\">Precision Medical apporte le m\u00eame niveau de soins respiratoires hospitaliers aux patients \u00e0 domicile gr\u00e2ce \u00e0 ses produits respiratoires \u00e0 domicile de conception unique, pr\u00e9cis et fiables. Nos produits respiratoires comprennent :<\/p>\n<p>&nbsp;<\/p>\n<p>[\/et_pb_text][et_pb_text admin_label=\u00a0\u00bbText on LEFT Column\u00a0\u00bb _builder_version=\u00a0\u00bb4.0.2&Prime; text_font=\u00a0\u00bb||||||||\u00a0\u00bb header_font=\u00a0\u00bb||||||||\u00a0\u00bb header_text_color=\u00a0\u00bb#1547c4&Prime; header_3_font=\u00a0\u00bb||||||||\u00a0\u00bb header_3_text_color=\u00a0\u00bb#1547c4&Prime; header_3_font_size=\u00a0\u00bb30px\u00a0\u00bb background_color=\u00a0\u00bb#ffffff\u00a0\u00bb background_size=\u00a0\u00bbinitial\u00a0\u00bb background_position=\u00a0\u00bbtop_left\u00a0\u00bb background_repeat=\u00a0\u00bbrepeat\u00a0\u00bb animation_style=\u00a0\u00bbslide\u00a0\u00bb animation_direction=\u00a0\u00bbright\u00a0\u00bb hover_enabled=\u00a0\u00bb0&Prime; text_font_size_tablet=\u00a0\u00bb18px\u00a0\u00bb text_font_size_phone=\u00a0\u00bb15px\u00a0\u00bb text_font_size_last_edited=\u00a0\u00bbon|phone\u00a0\u00bb text_line_height_tablet=\u00a0\u00bb\u00a0\u00bb text_line_height_phone=\u00a0\u00bb1.5em\u00a0\u00bb text_line_height_last_edited=\u00a0\u00bbon|phone\u00a0\u00bb header_font_size_tablet=\u00a0\u00bb\u00a0\u00bb header_font_size_phone=\u00a0\u00bb\u00a0\u00bb header_font_size_last_edited=\u00a0\u00bbon|phone\u00a0\u00bb header_3_font_size_tablet=\u00a0\u00bb\u00a0\u00bb header_3_font_size_phone=\u00a0\u00bb25px\u00a0\u00bb header_3_font_size_last_edited=\u00a0\u00bbon|phone\u00a0\u00bb]<\/p>\n<table class=\"table table-bordered\" border=\"0\" width=\"100%\" cellpadding=\"10\">\n<tbody>\n<tr>\n<td width=\"50%\">Compresseurs d&rsquo;air<\/td>\n<td>Concentrateurs d&rsquo;oxyg\u00e8ne<\/td>\n<\/tr>\n<tr>\n<td>M\u00e9langeurs Air-Oxyg\u00e8ne<\/td>\n<td>Tank \u00e0 oxyg\u00e8ne<\/td>\n<\/tr>\n<tr>\n<td>Aspirateurs de mucosit\u00e9<\/td>\n<td>Moniteurs d&rsquo;oxyg\u00e8ne<\/td>\n<\/tr>\n<tr>\n<td>D\u00e9bitm\u00e8tres<\/td>\n<td>R\u00e9gulateurs d&rsquo;oxyg\u00e8ne<\/td>\n<\/tr>\n<tr>\n<td>M\u00e9langeur H\u00e9lium-Oxyg\u00e8ne<\/td>\n<td>Produits de sp\u00e9cialit\u00e9<\/td>\n<\/tr>\n<tr>\n<td>Raccords m\u00e9dicaux<\/td>\n<td>R\u00e9gulateurs de vide<\/td>\n<\/tr>\n<\/tbody>\n<\/table>\n<p>[\/et_pb_text][\/et_pb_column][\/et_pb_row][et_pb_row column_structure=\u00a0\u00bb1_2,1_2&Prime; module_class=\u00a0\u00bbcustom_row\u00a0\u00bb _builder_version=\u00a0\u00bb3.25&Prime; background_size=\u00a0\u00bbinitial\u00a0\u00bb background_position=\u00a0\u00bbtop_left\u00a0\u00bb background_repeat=\u00a0\u00bbrepeat\u00a0\u00bb width=\u00a0\u00bb77%\u00a0\u00bb max_width=\u00a0\u00bb77%\u00a0\u00bb custom_padding=\u00a0\u00bb29px|0px|0px|0|false|false\u00a0\u00bb use_custom_width=\u00a0\u00bbon\u00a0\u00bb width_unit=\u00a0\u00bboff\u00a0\u00bb custom_width_percent=\u00a0\u00bb77%\u00a0\u00bb][et_pb_column type=\u00a0\u00bb1_2&Prime; module_class=\u00a0\u00bbsecond-on-mobile\u00a0\u00bb _builder_version=\u00a0\u00bb3.25&Prime; custom_padding=\u00a0\u00bb|||\u00a0\u00bb custom_padding__hover=\u00a0\u00bb|||\u00a0\u00bb][et_pb_toggle title=\u00a0\u00bbT\u00c9L\u00c9CHARGEMENTS DE DOCUMENTS (anglais)\u00a0\u00bb open_toggle_text_color=\u00a0\u00bb#000000&Prime; open_toggle_background_color=\u00a0\u00bb#f0f0f0&Prime; closed_toggle_text_color=\u00a0\u00bb#000000&Prime; closed_toggle_background_color=\u00a0\u00bb#f0f0f0&Prime; icon_color=\u00a0\u00bb#000000&Prime; admin_label=\u00a0\u00bbDocument Downloads\u00a0\u00bb module_class=\u00a0\u00bbally-toggle\u00a0\u00bb _builder_version=\u00a0\u00bb4.0.2&Prime; title_font=\u00a0\u00bbSource Sans Pro|on||on|\u00a0\u00bb title_font_size=\u00a0\u00bb18&Prime; hover_enabled=\u00a0\u00bb0&Prime; use_border_color=\u00a0\u00bboff\u00a0\u00bb border_color=\u00a0\u00bb#ffffff\u00a0\u00bb border_style=\u00a0\u00bbsolid\u00a0\u00bb saved_tabs=\u00a0\u00bball\u00a0\u00bb]<\/p>\n<p><a href=\"https:\/\/www.cadmedinc.com\/wp-content\/uploads\/2019\/02\/PM001-Air-Oxygen-Blender.pdf\" target=\"_blank\" rel=\"noopener noreferrer\">Air Oxygen Blenders<\/a><br \/> <a href=\"https:\/\/www.cadmedinc.com\/wp-content\/uploads\/2019\/02\/PM001-Air-Oxygen-Regulators.pdf\" target=\"_blank\" rel=\"noopener noreferrer\">Air Oxygen Regulators<\/a><br \/> <a href=\"https:\/\/www.cadmedinc.com\/wp-content\/uploads\/2019\/02\/PM001-Fittings-ProductCatalog.pdf\" target=\"_blank\" rel=\"noopener noreferrer\">Fittings Product Catalog<\/a><br \/> <a href=\"https:\/\/www.cadmedinc.com\/wp-content\/uploads\/2019\/02\/PM001-Flowmeters-ProductCatalog.pdf\" target=\"_blank\" rel=\"noopener noreferrer\">Flowmeters Products Catalog<\/a><\/p>\n<p>[\/et_pb_toggle][\/et_pb_column][et_pb_column type=\u00a0\u00bb1_2&Prime; module_class=\u00a0\u00bbfirst-on-mobile\u00a0\u00bb _builder_version=\u00a0\u00bb3.25&Prime; custom_padding=\u00a0\u00bb|||\u00a0\u00bb custom_padding__hover=\u00a0\u00bb|||\u00a0\u00bb][et_pb_image src=\u00a0\u00bbhttps:\/\/www.cadmedinc.com\/wp-content\/uploads\/2019\/02\/precision-medical-flowmeters.jpg\u00a0\u00bb show_in_lightbox=\u00a0\u00bbon\u00a0\u00bb show_bottom_space=\u00a0\u00bboff\u00a0\u00bb align=\u00a0\u00bbcenter\u00a0\u00bb align_tablet=\u00a0\u00bbcenter\u00a0\u00bb align_phone=\u00a0\u00bb\u00a0\u00bb align_last_edited=\u00a0\u00bbon|desktop\u00a0\u00bb admin_label=\u00a0\u00bbImage in right column\u00a0\u00bb _builder_version=\u00a0\u00bb3.23&Prime; custom_margin=\u00a0\u00bb2px|||\u00a0\u00bb custom_padding=\u00a0\u00bb||20px|\u00a0\u00bb border_radii=\u00a0\u00bbon|5px|5px|5px|5px\u00a0\u00bb border_width_all=\u00a0\u00bb1px\u00a0\u00bb border_color_all=\u00a0\u00bbrgba(51,51,51,0.4)\u00a0\u00bb]<br \/>\n[\/et_pb_image][\/et_pb_column][\/et_pb_row][\/et_pb_section]<\/p>\n","protected":false},"excerpt":{"rendered":"<p>Technologie respiratoire de pointe Precision M\u00e9dicale, Inc. Precision Medical, Inc. est un leader mondial dans le domaine des appareils respiratoires et des \u00e9quipements m\u00e9dicaux, aidant les \u00e9tablissements de sant\u00e9 et les industries de soins \u00e0 domicile \u00e0 obtenir des r\u00e9sultats positifs pour les patients dans plus de 50 pays \u00e0 travers le monde. Ses gammes [&hellip;]<\/p>\n","protected":false},"author":3,"featured_media":0,"parent":0,"menu_order":0,"comment_status":"closed","ping_status":"closed","template":"","meta":{"_et_pb_use_builder":"on","_et_pb_old_content":"","_et_gb_content_width":"","footnotes":""},"class_list":["post-3122","page","type-page","status-publish","hentry"],"_links":{"self":[{"href":"https:\/\/www.cadmedinc.com\/fr\/wp-json\/wp\/v2\/pages\/3122"}],"collection":[{"href":"https:\/\/www.cadmedinc.com\/fr\/wp-json\/wp\/v2\/pages"}],"about":[{"href":"https:\/\/www.cadmedinc.com\/fr\/wp-json\/wp\/v2\/types\/page"}],"author":[{"embeddable":true,"href":"https:\/\/www.cadmedinc.com\/fr\/wp-json\/wp\/v2\/users\/3"}],"replies":[{"embeddable":true,"href":"https:\/\/www.cadmedinc.com\/fr\/wp-json\/wp\/v2\/comments?post=3122"}],"version-history":[{"count":4,"href":"https:\/\/www.cadmedinc.com\/fr\/wp-json\/wp\/v2\/pages\/3122\/revisions"}],"predecessor-version":[{"id":3305,"href":"https:\/\/www.cadmedinc.com\/fr\/wp-json\/wp\/v2\/pages\/3122\/revisions\/3305"}],"wp:attachment":[{"href":"https:\/\/www.cadmedinc.com\/fr\/wp-json\/wp\/v2\/media?parent=3122"}],"curies":[{"name":"wp","href":"https:\/\/api.w.org\/{rel}","templated":true}]}}